{"id":15,"date":"2018-08-06T11:12:40","date_gmt":"2018-08-06T09:12:40","guid":{"rendered":"http:\/\/localhost\/amplitude\/?page_id=15"},"modified":"2021-02-22T17:47:37","modified_gmt":"2021-02-22T16:47:37","slug":"services","status":"publish","type":"page","link":"https:\/\/amplitude-laser.com\/fr\/services\/","title":{"rendered":"Services"},"content":{"rendered":"<p>Tous nos lasers s&rsquo;accompagnent d&rsquo;un ensemble de services visant \u00e0 fournir \u00e0 nos clients la meilleure exp\u00e9rience et une garantie d&rsquo;op\u00e9rabilit\u00e9 optimale.<br \/>\nDe plus, nous offrons un ensemble exhaustif de services suppl\u00e9mentaires utiles \u00e0 chaque \u00e9tape du projet:\u00a0 r\u00e9flexion, achat, mise en production, installation et utilisation.\u00a0 Notre but est d&rsquo;accompagner tous nos clients \u00e0 atteindre une plus grande \u00e9chelle de production, \u00e0 r\u00e9duire les temps d&rsquo;arr\u00eat et \u00e0 optimiser leur processus d&rsquo;application.<br \/>\nN&rsquo;h\u00e9sitez pas donc \u00e0 consulter nos diff\u00e9rentes offres de service via les diff\u00e9rentes rubriques visibles dans le burger menu accessible en haut \u00e0 gauche de votre \u00e9cran.<\/p>\n","protected":false},"excerpt":{"rendered":"<p>Tous nos lasers s&rsquo;accompagnent d&rsquo;un ensemble de services visant \u00e0 fournir \u00e0 nos clients la meilleure exp\u00e9rience et une garantie d&rsquo;op\u00e9rabilit\u00e9 optimale. De plus, nous offrons un ensemble exhaustif de services suppl\u00e9mentaires utiles \u00e0 chaque \u00e9tape du projet:\u00a0 r\u00e9flexion, achat, mise en production, installation et utilisation.\u00a0 Notre but est d&rsquo;accompagner tous nos clients \u00e0 atteindre [&hellip;]<\/p>\n","protected":false},"author":7,"featured_media":1130,"parent":0,"menu_order":59,"comment_status":"closed","ping_status":"closed","template":"","meta":{"_acf_changed":false,"footnotes":""},"class_list":["post-15","page","type-page","status-publish","has-post-thumbnail","hentry"],"acf":[],"yoast_head":"<!-- This site is optimized with the Yoast SEO plugin v27.4 - https:\/\/yoast.com\/product\/yoast-seo-wordpress\/ -->\n<title>Services - Amplitude<\/title>\n<meta name=\"description\" content=\"Tous les services de Amplitude Laser\" \/>\n<meta name=\"robots\" content=\"index, follow, max-snippet:-1, max-image-preview:large, max-video-preview:-1\" \/>\n<link rel=\"canonical\" href=\"https:\/\/amplitude-laser.com\/fr\/services\/\" \/>\n<meta property=\"og:locale\" content=\"fr_FR\" \/>\n<meta property=\"og:type\" content=\"article\" \/>\n<meta property=\"og:title\" content=\"Services - Amplitude\" \/>\n<meta property=\"og:description\" content=\"Tous les services de Amplitude Laser\" \/>\n<meta property=\"og:url\" content=\"https:\/\/amplitude-laser.com\/fr\/services\/\" \/>\n<meta property=\"og:site_name\" content=\"Amplitude\" \/>\n<meta property=\"article:modified_time\" content=\"2021-02-22T16:47:37+00:00\" \/>\n<meta property=\"og:image\" content=\"https:\/\/amplitude-laser.com\/wp-content\/uploads\/2018\/11\/1087\u00a9positif-e1541683978568.jpg\" \/>\n\t<meta property=\"og:image:width\" content=\"1920\" \/>\n\t<meta property=\"og:image:height\" content=\"1281\" \/>\n\t<meta property=\"og:image:type\" content=\"image\/jpeg\" \/>\n<meta name=\"twitter:card\" content=\"summary_large_image\" \/>\n<meta name=\"twitter:label1\" content=\"Dur\u00e9e de lecture estim\u00e9e\" \/>\n\t<meta name=\"twitter:data1\" content=\"1 minute\" \/>\n<script type=\"application\/ld+json\" class=\"yoast-schema-graph\">{\"@context\":\"https:\\\/\\\/schema.org\",\"@graph\":[{\"@type\":\"WebPage\",\"@id\":\"https:\\\/\\\/amplitude-laser.com\\\/fr\\\/services\\\/\",\"url\":\"https:\\\/\\\/amplitude-laser.com\\\/fr\\\/services\\\/\",\"name\":\"Services - Amplitude\",\"isPartOf\":{\"@id\":\"https:\\\/\\\/amplitude-laser.com\\\/#website\"},\"primaryImageOfPage\":{\"@id\":\"https:\\\/\\\/amplitude-laser.com\\\/fr\\\/services\\\/#primaryimage\"},\"image\":{\"@id\":\"https:\\\/\\\/amplitude-laser.com\\\/fr\\\/services\\\/#primaryimage\"},\"thumbnailUrl\":\"https:\\\/\\\/amplitude-laser.com\\\/wp-content\\\/uploads\\\/2018\\\/11\\\/1087\u00a9positif-e1541683978568.jpg\",\"datePublished\":\"2018-08-06T09:12:40+00:00\",\"dateModified\":\"2021-02-22T16:47:37+00:00\",\"description\":\"Tous les services de Amplitude Laser\",\"breadcrumb\":{\"@id\":\"https:\\\/\\\/amplitude-laser.com\\\/fr\\\/services\\\/#breadcrumb\"},\"inLanguage\":\"fr-FR\",\"potentialAction\":[{\"@type\":\"ReadAction\",\"target\":[\"https:\\\/\\\/amplitude-laser.com\\\/fr\\\/services\\\/\"]}]},{\"@type\":\"ImageObject\",\"inLanguage\":\"fr-FR\",\"@id\":\"https:\\\/\\\/amplitude-laser.com\\\/fr\\\/services\\\/#primaryimage\",\"url\":\"https:\\\/\\\/amplitude-laser.com\\\/wp-content\\\/uploads\\\/2018\\\/11\\\/1087\u00a9positif-e1541683978568.jpg\",\"contentUrl\":\"https:\\\/\\\/amplitude-laser.com\\\/wp-content\\\/uploads\\\/2018\\\/11\\\/1087\u00a9positif-e1541683978568.jpg\",\"width\":1920,\"height\":1281,\"caption\":\"Laboratory research Amplitude Laser\"},{\"@type\":\"BreadcrumbList\",\"@id\":\"https:\\\/\\\/amplitude-laser.com\\\/fr\\\/services\\\/#breadcrumb\",\"itemListElement\":[{\"@type\":\"ListItem\",\"position\":1,\"name\":\"Home\",\"item\":\"https:\\\/\\\/amplitude-laser.com\\\/fr\\\/\"},{\"@type\":\"ListItem\",\"position\":2,\"name\":\"Services\"}]},{\"@type\":\"WebSite\",\"@id\":\"https:\\\/\\\/amplitude-laser.com\\\/#website\",\"url\":\"https:\\\/\\\/amplitude-laser.com\\\/\",\"name\":\"Amplitude\",\"description\":\"Nothing But Ultrafast\",\"publisher\":{\"@id\":\"https:\\\/\\\/amplitude-laser.com\\\/#organization\"},\"alternateName\":\"Amplitude Laser\",\"potentialAction\":[{\"@type\":\"SearchAction\",\"target\":{\"@type\":\"EntryPoint\",\"urlTemplate\":\"https:\\\/\\\/amplitude-laser.com\\\/?s={search_term_string}\"},\"query-input\":{\"@type\":\"PropertyValueSpecification\",\"valueRequired\":true,\"valueName\":\"search_term_string\"}}],\"inLanguage\":\"fr-FR\"},{\"@type\":\"Organization\",\"@id\":\"https:\\\/\\\/amplitude-laser.com\\\/#organization\",\"name\":\"Amplitude Laser\",\"alternateName\":\"Amplitude\",\"url\":\"https:\\\/\\\/amplitude-laser.com\\\/\",\"logo\":{\"@type\":\"ImageObject\",\"inLanguage\":\"fr-FR\",\"@id\":\"https:\\\/\\\/amplitude-laser.com\\\/#\\\/schema\\\/logo\\\/image\\\/\",\"url\":\"https:\\\/\\\/amplitude-laser.com\\\/wp-content\\\/uploads\\\/2018\\\/10\\\/Amplitude.png\",\"contentUrl\":\"https:\\\/\\\/amplitude-laser.com\\\/wp-content\\\/uploads\\\/2018\\\/10\\\/Amplitude.png\",\"width\":999,\"height\":1182,\"caption\":\"Amplitude Laser\"},\"image\":{\"@id\":\"https:\\\/\\\/amplitude-laser.com\\\/#\\\/schema\\\/logo\\\/image\\\/\"}}]}<\/script>\n<!-- \/ Yoast SEO plugin. -->","yoast_head_json":{"title":"Services - Amplitude","description":"Tous les services de Amplitude Laser","robots":{"index":"index","follow":"follow","max-snippet":"max-snippet:-1","max-image-preview":"max-image-preview:large","max-video-preview":"max-video-preview:-1"},"canonical":"https:\/\/amplitude-laser.com\/fr\/services\/","og_locale":"fr_FR","og_type":"article","og_title":"Services - Amplitude","og_description":"Tous les services de Amplitude Laser","og_url":"https:\/\/amplitude-laser.com\/fr\/services\/","og_site_name":"Amplitude","article_modified_time":"2021-02-22T16:47:37+00:00","og_image":[{"width":1920,"height":1281,"url":"https:\/\/amplitude-laser.com\/wp-content\/uploads\/2018\/11\/1087\u00a9positif-e1541683978568.jpg","type":"image\/jpeg"}],"twitter_card":"summary_large_image","twitter_misc":{"Dur\u00e9e de lecture estim\u00e9e":"1 minute"},"schema":{"@context":"https:\/\/schema.org","@graph":[{"@type":"WebPage","@id":"https:\/\/amplitude-laser.com\/fr\/services\/","url":"https:\/\/amplitude-laser.com\/fr\/services\/","name":"Services - Amplitude","isPartOf":{"@id":"https:\/\/amplitude-laser.com\/#website"},"primaryImageOfPage":{"@id":"https:\/\/amplitude-laser.com\/fr\/services\/#primaryimage"},"image":{"@id":"https:\/\/amplitude-laser.com\/fr\/services\/#primaryimage"},"thumbnailUrl":"https:\/\/amplitude-laser.com\/wp-content\/uploads\/2018\/11\/1087\u00a9positif-e1541683978568.jpg","datePublished":"2018-08-06T09:12:40+00:00","dateModified":"2021-02-22T16:47:37+00:00","description":"Tous les services de Amplitude Laser","breadcrumb":{"@id":"https:\/\/amplitude-laser.com\/fr\/services\/#breadcrumb"},"inLanguage":"fr-FR","potentialAction":[{"@type":"ReadAction","target":["https:\/\/amplitude-laser.com\/fr\/services\/"]}]},{"@type":"ImageObject","inLanguage":"fr-FR","@id":"https:\/\/amplitude-laser.com\/fr\/services\/#primaryimage","url":"https:\/\/amplitude-laser.com\/wp-content\/uploads\/2018\/11\/1087\u00a9positif-e1541683978568.jpg","contentUrl":"https:\/\/amplitude-laser.com\/wp-content\/uploads\/2018\/11\/1087\u00a9positif-e1541683978568.jpg","width":1920,"height":1281,"caption":"Laboratory research Amplitude Laser"},{"@type":"BreadcrumbList","@id":"https:\/\/amplitude-laser.com\/fr\/services\/#breadcrumb","itemListElement":[{"@type":"ListItem","position":1,"name":"Home","item":"https:\/\/amplitude-laser.com\/fr\/"},{"@type":"ListItem","position":2,"name":"Services"}]},{"@type":"WebSite","@id":"https:\/\/amplitude-laser.com\/#website","url":"https:\/\/amplitude-laser.com\/","name":"Amplitude","description":"Nothing But Ultrafast","publisher":{"@id":"https:\/\/amplitude-laser.com\/#organization"},"alternateName":"Amplitude Laser","potentialAction":[{"@type":"SearchAction","target":{"@type":"EntryPoint","urlTemplate":"https:\/\/amplitude-laser.com\/?s={search_term_string}"},"query-input":{"@type":"PropertyValueSpecification","valueRequired":true,"valueName":"search_term_string"}}],"inLanguage":"fr-FR"},{"@type":"Organization","@id":"https:\/\/amplitude-laser.com\/#organization","name":"Amplitude Laser","alternateName":"Amplitude","url":"https:\/\/amplitude-laser.com\/","logo":{"@type":"ImageObject","inLanguage":"fr-FR","@id":"https:\/\/amplitude-laser.com\/#\/schema\/logo\/image\/","url":"https:\/\/amplitude-laser.com\/wp-content\/uploads\/2018\/10\/Amplitude.png","contentUrl":"https:\/\/amplitude-laser.com\/wp-content\/uploads\/2018\/10\/Amplitude.png","width":999,"height":1182,"caption":"Amplitude Laser"},"image":{"@id":"https:\/\/amplitude-laser.com\/#\/schema\/logo\/image\/"}}]}},"_links":{"self":[{"href":"https:\/\/amplitude-laser.com\/fr\/wp-json\/wp\/v2\/pages\/15","targetHints":{"allow":["GET"]}}],"collection":[{"href":"https:\/\/amplitude-laser.com\/fr\/wp-json\/wp\/v2\/pages"}],"about":[{"href":"https:\/\/amplitude-laser.com\/fr\/wp-json\/wp\/v2\/types\/page"}],"author":[{"embeddable":true,"href":"https:\/\/amplitude-laser.com\/fr\/wp-json\/wp\/v2\/users\/7"}],"replies":[{"embeddable":true,"href":"https:\/\/amplitude-laser.com\/fr\/wp-json\/wp\/v2\/comments?post=15"}],"version-history":[{"count":0,"href":"https:\/\/amplitude-laser.com\/fr\/wp-json\/wp\/v2\/pages\/15\/revisions"}],"wp:featuredmedia":[{"embeddable":true,"href":"https:\/\/amplitude-laser.com\/fr\/wp-json\/wp\/v2\/media\/1130"}],"wp:attachment":[{"href":"https:\/\/amplitude-laser.com\/fr\/wp-json\/wp\/v2\/media?parent=15"}],"curies":[{"name":"wp","href":"https:\/\/api.w.org\/{rel}","templated":true}]}}