{"id":15453,"date":"2023-09-07T11:25:09","date_gmt":"2023-09-07T09:25:09","guid":{"rendered":"https:\/\/amplitude.thibautsoufflet.fr\/?page_id=15453"},"modified":"2025-04-18T15:58:16","modified_gmt":"2025-04-18T13:58:16","slug":"super-burst-mode","status":"publish","type":"page","link":"https:\/\/amplitude-laser.com\/fr\/super-burst-mode\/","title":{"rendered":"Super Burst Mode"},"content":{"rendered":"\n<p>Ces trois options sont disponibles dans nos s\u00e9ries <a href=\"https:\/\/amplitude-laser.com\/fr\/produits\/lasers-femtosecondes\/lasers-pour-lindustrie-fr\/satsuma\/\">Satsuma <\/a>&amp; <a href=\"https:\/\/amplitude-laser.com\/fr\/produits\/lasers-femtosecondes\/lasers-pour-lindustrie-fr\/tangor\/\">Tangor<\/a> et <a href=\"https:\/\/amplitude-laser.com\/fr\/produits\/lasers-femtosecondes\/lasers-pour-lindustrie-fr\/satsuma-x\/\">Satsuma X<\/a>.<\/p>\n\n\n\n<figure class=\"wp-block-video\"><video height=\"1080\" style=\"aspect-ratio: 1920 \/ 1080;\" width=\"1920\" autoplay controls loop preload=\"auto\" src=\"https:\/\/amplitude-laser.com\/wp-content\/uploads\/2023\/08\/Large-Burst-Energy-Up-to-mJ-range-1.mp4\" playsinline><\/video><\/figure>\n\n\n\n<h3 class=\"wp-block-heading\">Single Pulse Mode (Utilisation normale):<\/h3>\n\n\n\n<p>En mode \u00ab\u00a0Single Pulse\u00a0\u00bb, le laser femtoseconde g\u00e9n\u00e8re une impulsion unique \u00e0 la fr\u00e9quence nominale PulsePicker du laser. Cette impulsion porte la totalit\u00e9 de l&rsquo;\u00e9nergie produite. Ce mode est couramment utilis\u00e9 et simple, id\u00e9al pour les applications qui n\u00e9cessitent une seule impulsion puissante.<\/p>\n\n\n\n<p>Cette option peut \u00eatre utilis\u00e9e dans certaines applications :<\/p>\n\n\n\n<ul class=\"wp-block-list\">\n<li><strong>Micro-usinage de pr\u00e9cision:<\/strong> Pour l&rsquo;enl\u00e8vement pr\u00e9cis de mat\u00e9riaux, le micro-usinage et la structuration de surface, lorsqu&rsquo;une seule impulsion \u00e0 haute \u00e9nergie suffit.<\/li>\n\n\n\n<li><strong>Proc\u00e9dures m\u00e9dicales:<\/strong> Dans les traitements m\u00e9dicaux \u00e0 base de laser, en particulier les proc\u00e9dures chirurgicales qui requi\u00e8rent un apport d&rsquo;\u00e9nergie pr\u00e9cis et contr\u00f4l\u00e9 en une seule fois.<\/li>\n\n\n\n<li><strong>Spectroscopie <strong>Ultrafast<\/strong>:<\/strong> Pour la recherche scientifique, des impulsions uniques chronom\u00e9tr\u00e9es avec pr\u00e9cision sont essentielles pour diverses exp\u00e9riences spectroscopiques.<\/li>\n<\/ul>\n\n\n\n<h3 class=\"wp-block-heading\">Burst Mode (Standard):<\/h3>\n\n\n\n<p>En mode \u00ab\u00a0Burst\u00a0\u00bb, le laser femtoseconde amplifie plusieurs impulsions \u00e0 la fr\u00e9quence de PulsePicker. L&rsquo;\u00e9nergie totale de l&rsquo;impulsion est r\u00e9partie entre ces impulsions, en divisant l&rsquo;\u00e9nergie entre elles. Ce mode est polyvalent et offre une grande flexibilit\u00e9 dans la distribution de l&rsquo;\u00e9nergie.<\/p>\n\n\n\n<p>Pertinence dans :<\/p>\n\n\n\n<ul class=\"wp-block-list\">\n<li><strong>Traitement des mat\u00e9riaux :<\/strong> Pour des applications telles que le micro-per\u00e7age, la d\u00e9coupe et la texturation de surface, la r\u00e9partition de l&rsquo;\u00e9nergie sur plusieurs impulsions garantit un enl\u00e8vement de mati\u00e8re uniforme et contr\u00f4l\u00e9.<\/li>\n\n\n\n<li><strong>Imagerie optique <\/strong>: Dans le domaine de la microscopie et de l&rsquo;imagerie, la distribution de l&rsquo;\u00e9nergie en rafales permet de minimiser les dommages caus\u00e9s par les photos tout en capturant des images d\u00e9taill\u00e9es.<\/li>\n\n\n\n<li><strong>Recherche scientifique :<\/strong> Le mode rafale convient aux exp\u00e9riences n\u00e9cessitant des impulsions d&rsquo;\u00e9nergie mod\u00e9r\u00e9e pour la synchronisation, les techniques de pompe-sonde et les \u00e9tudes r\u00e9solues dans le temps.<\/li>\n<\/ul>\n\n\n\n<h3 class=\"wp-block-heading\">Super Burst Mode:<\/h3>\n\n\n\n<p>Le \u00ab\u00a0mode Super Burst\u00a0\u00bb est un mode non standard. Ici, la fr\u00e9quence du PulsePicker est ajust\u00e9e pour maintenir l&rsquo;\u00e9nergie totale de l&rsquo;impulsion dans la premi\u00e8re impulsion. Ce mode concentre l&rsquo;\u00e9nergie maximale dans l&rsquo;impulsion initiale, tandis que les autres ont une \u00e9nergie plus faible. En raison de sa capacit\u00e9 \u00e0 maintenir une \u00e9nergie maximale dans la premi\u00e8re impulsion, l&rsquo;\u00e9nergie totale du mode super burst d\u00e9passe celle d&rsquo;un mode burst simple.<\/p>\n\n\n\n<p>Cette option est particuli\u00e8rement utile dans les exp\u00e9riences <strong>non standard<\/strong> : sc\u00e9narios de recherche n\u00e9cessitant une impulsion initiale \u00e0 tr\u00e8s haute \u00e9nergie, m\u00eame au d\u00e9triment d&rsquo;une \u00e9nergie plus faible dans les impulsions suivantes.<\/p>\n\n\n\n<p>En r\u00e9sum\u00e9, ces trois options permettent de r\u00e9pondre \u00e0 diverses applications du laser femtoseconde en manipulant la distribution de l&rsquo;\u00e9nergie des impulsions. Le mode \u00ab\u00a0Single Pulse\u00a0\u00bb offre une impulsion unique puissante, adapt\u00e9e \u00e0 diverses applications de pr\u00e9cision. Le \u00ab\u00a0Burst mode\u00a0\u00bb r\u00e9partit l&rsquo;\u00e9nergie sur plusieurs impulsions pour le traitement polyvalent des mat\u00e9riaux et l&rsquo;imagerie. Bien que non standard, le \u00ab\u00a0mode Super Burst\u00a0\u00bb peut r\u00e9pondre \u00e0 des besoins exp\u00e9rimentaux sp\u00e9cifiques au risque d&rsquo;une distribution in\u00e9gale de l&rsquo;\u00e9nergie.<\/p>\n\n\n\n<p>S\u00e9lectionnez le mode en fonction des exigences de l&rsquo;application et de la distribution d&rsquo;\u00e9nergie souhait\u00e9e en rafales, en tenant compte de la pr\u00e9cision de la distribution d&rsquo;\u00e9nergie pour obtenir des r\u00e9sultats optimaux dans votre cas particulier.<\/p>\n","protected":false},"excerpt":{"rendered":"<p>Ces trois options sont disponibles dans nos s\u00e9ries Satsuma &amp; Tangor et Satsuma X. Single Pulse Mode (Utilisation normale): En mode \u00ab\u00a0Single Pulse\u00a0\u00bb, le laser femtoseconde g\u00e9n\u00e8re une impulsion unique \u00e0 la fr\u00e9quence nominale PulsePicker du laser. Cette impulsion porte la totalit\u00e9 de l&rsquo;\u00e9nergie produite. Ce mode est couramment utilis\u00e9 et simple, id\u00e9al pour les [&hellip;]<\/p>\n","protected":false},"author":9,"featured_media":15162,"parent":0,"menu_order":0,"comment_status":"closed","ping_status":"closed","template":"","meta":{"_acf_changed":false,"footnotes":""},"class_list":["post-15453","page","type-page","status-publish","has-post-thumbnail","hentry"],"acf":[],"yoast_head":"<!-- This site is optimized with the Yoast SEO plugin v27.4 - https:\/\/yoast.com\/product\/yoast-seo-wordpress\/ -->\n<title>Super Burst Mode - Amplitude<\/title>\n<meta name=\"description\" content=\"Amplifie la polyvalence du laser avec un mode Burst adapt\u00e9, distribuant l&#039;\u00e9nergie dans les domaines industriel, m\u00e9dical et scientifique.\" \/>\n<meta name=\"robots\" content=\"index, follow, max-snippet:-1, max-image-preview:large, max-video-preview:-1\" \/>\n<link rel=\"canonical\" href=\"https:\/\/amplitude-laser.com\/fr\/super-burst-mode\/\" \/>\n<meta property=\"og:locale\" content=\"fr_FR\" \/>\n<meta property=\"og:type\" content=\"article\" \/>\n<meta property=\"og:title\" content=\"Super Burst Mode - Amplitude\" \/>\n<meta property=\"og:description\" content=\"Amplifie la polyvalence du laser avec un mode Burst adapt\u00e9, distribuant l&#039;\u00e9nergie dans les domaines industriel, m\u00e9dical et scientifique.\" \/>\n<meta property=\"og:url\" content=\"https:\/\/amplitude-laser.com\/fr\/super-burst-mode\/\" \/>\n<meta property=\"og:site_name\" content=\"Amplitude\" \/>\n<meta property=\"article:modified_time\" content=\"2025-04-18T13:58:16+00:00\" \/>\n<meta property=\"og:image\" content=\"https:\/\/amplitude-laser.com\/wp-content\/uploads\/2023\/08\/Femtoburst.gif\" \/>\n\t<meta property=\"og:image:width\" content=\"454\" \/>\n\t<meta property=\"og:image:height\" content=\"297\" \/>\n\t<meta property=\"og:image:type\" content=\"image\/gif\" \/>\n<meta name=\"twitter:card\" content=\"summary_large_image\" \/>\n<meta name=\"twitter:label1\" content=\"Dur\u00e9e de lecture estim\u00e9e\" \/>\n\t<meta name=\"twitter:data1\" content=\"3 minutes\" \/>\n<script type=\"application\/ld+json\" class=\"yoast-schema-graph\">{\"@context\":\"https:\\\/\\\/schema.org\",\"@graph\":[{\"@type\":\"WebPage\",\"@id\":\"https:\\\/\\\/amplitude-laser.com\\\/fr\\\/super-burst-mode\\\/\",\"url\":\"https:\\\/\\\/amplitude-laser.com\\\/fr\\\/super-burst-mode\\\/\",\"name\":\"Super Burst Mode - Amplitude\",\"isPartOf\":{\"@id\":\"https:\\\/\\\/amplitude-laser.com\\\/#website\"},\"primaryImageOfPage\":{\"@id\":\"https:\\\/\\\/amplitude-laser.com\\\/fr\\\/super-burst-mode\\\/#primaryimage\"},\"image\":{\"@id\":\"https:\\\/\\\/amplitude-laser.com\\\/fr\\\/super-burst-mode\\\/#primaryimage\"},\"thumbnailUrl\":\"https:\\\/\\\/amplitude-laser.com\\\/wp-content\\\/uploads\\\/2023\\\/08\\\/Femtoburst.gif\",\"datePublished\":\"2023-09-07T09:25:09+00:00\",\"dateModified\":\"2025-04-18T13:58:16+00:00\",\"description\":\"Amplifie la polyvalence du laser avec un mode Burst adapt\u00e9, distribuant l'\u00e9nergie dans les domaines industriel, m\u00e9dical et scientifique.\",\"breadcrumb\":{\"@id\":\"https:\\\/\\\/amplitude-laser.com\\\/fr\\\/super-burst-mode\\\/#breadcrumb\"},\"inLanguage\":\"fr-FR\",\"potentialAction\":[{\"@type\":\"ReadAction\",\"target\":[\"https:\\\/\\\/amplitude-laser.com\\\/fr\\\/super-burst-mode\\\/\"]}]},{\"@type\":\"ImageObject\",\"inLanguage\":\"fr-FR\",\"@id\":\"https:\\\/\\\/amplitude-laser.com\\\/fr\\\/super-burst-mode\\\/#primaryimage\",\"url\":\"https:\\\/\\\/amplitude-laser.com\\\/wp-content\\\/uploads\\\/2023\\\/08\\\/Femtoburst.gif\",\"contentUrl\":\"https:\\\/\\\/amplitude-laser.com\\\/wp-content\\\/uploads\\\/2023\\\/08\\\/Femtoburst.gif\",\"width\":454,\"height\":297},{\"@type\":\"BreadcrumbList\",\"@id\":\"https:\\\/\\\/amplitude-laser.com\\\/fr\\\/super-burst-mode\\\/#breadcrumb\",\"itemListElement\":[{\"@type\":\"ListItem\",\"position\":1,\"name\":\"Home\",\"item\":\"https:\\\/\\\/amplitude-laser.com\\\/fr\\\/\"},{\"@type\":\"ListItem\",\"position\":2,\"name\":\"Super Burst Mode\"}]},{\"@type\":\"WebSite\",\"@id\":\"https:\\\/\\\/amplitude-laser.com\\\/#website\",\"url\":\"https:\\\/\\\/amplitude-laser.com\\\/\",\"name\":\"Amplitude\",\"description\":\"Nothing But Ultrafast\",\"publisher\":{\"@id\":\"https:\\\/\\\/amplitude-laser.com\\\/#organization\"},\"alternateName\":\"Amplitude Laser\",\"potentialAction\":[{\"@type\":\"SearchAction\",\"target\":{\"@type\":\"EntryPoint\",\"urlTemplate\":\"https:\\\/\\\/amplitude-laser.com\\\/?s={search_term_string}\"},\"query-input\":{\"@type\":\"PropertyValueSpecification\",\"valueRequired\":true,\"valueName\":\"search_term_string\"}}],\"inLanguage\":\"fr-FR\"},{\"@type\":\"Organization\",\"@id\":\"https:\\\/\\\/amplitude-laser.com\\\/#organization\",\"name\":\"Amplitude Laser\",\"alternateName\":\"Amplitude\",\"url\":\"https:\\\/\\\/amplitude-laser.com\\\/\",\"logo\":{\"@type\":\"ImageObject\",\"inLanguage\":\"fr-FR\",\"@id\":\"https:\\\/\\\/amplitude-laser.com\\\/#\\\/schema\\\/logo\\\/image\\\/\",\"url\":\"https:\\\/\\\/amplitude-laser.com\\\/wp-content\\\/uploads\\\/2018\\\/10\\\/Amplitude.png\",\"contentUrl\":\"https:\\\/\\\/amplitude-laser.com\\\/wp-content\\\/uploads\\\/2018\\\/10\\\/Amplitude.png\",\"width\":999,\"height\":1182,\"caption\":\"Amplitude Laser\"},\"image\":{\"@id\":\"https:\\\/\\\/amplitude-laser.com\\\/#\\\/schema\\\/logo\\\/image\\\/\"}}]}<\/script>\n<!-- \/ Yoast SEO plugin. -->","yoast_head_json":{"title":"Super Burst Mode - Amplitude","description":"Amplifie la polyvalence du laser avec un mode Burst adapt\u00e9, distribuant l'\u00e9nergie dans les domaines industriel, m\u00e9dical et scientifique.","robots":{"index":"index","follow":"follow","max-snippet":"max-snippet:-1","max-image-preview":"max-image-preview:large","max-video-preview":"max-video-preview:-1"},"canonical":"https:\/\/amplitude-laser.com\/fr\/super-burst-mode\/","og_locale":"fr_FR","og_type":"article","og_title":"Super Burst Mode - Amplitude","og_description":"Amplifie la polyvalence du laser avec un mode Burst adapt\u00e9, distribuant l'\u00e9nergie dans les domaines industriel, m\u00e9dical et scientifique.","og_url":"https:\/\/amplitude-laser.com\/fr\/super-burst-mode\/","og_site_name":"Amplitude","article_modified_time":"2025-04-18T13:58:16+00:00","og_image":[{"width":454,"height":297,"url":"https:\/\/amplitude-laser.com\/wp-content\/uploads\/2023\/08\/Femtoburst.gif","type":"image\/gif"}],"twitter_card":"summary_large_image","twitter_misc":{"Dur\u00e9e de lecture estim\u00e9e":"3 minutes"},"schema":{"@context":"https:\/\/schema.org","@graph":[{"@type":"WebPage","@id":"https:\/\/amplitude-laser.com\/fr\/super-burst-mode\/","url":"https:\/\/amplitude-laser.com\/fr\/super-burst-mode\/","name":"Super Burst Mode - Amplitude","isPartOf":{"@id":"https:\/\/amplitude-laser.com\/#website"},"primaryImageOfPage":{"@id":"https:\/\/amplitude-laser.com\/fr\/super-burst-mode\/#primaryimage"},"image":{"@id":"https:\/\/amplitude-laser.com\/fr\/super-burst-mode\/#primaryimage"},"thumbnailUrl":"https:\/\/amplitude-laser.com\/wp-content\/uploads\/2023\/08\/Femtoburst.gif","datePublished":"2023-09-07T09:25:09+00:00","dateModified":"2025-04-18T13:58:16+00:00","description":"Amplifie la polyvalence du laser avec un mode Burst adapt\u00e9, distribuant l'\u00e9nergie dans les domaines industriel, m\u00e9dical et scientifique.","breadcrumb":{"@id":"https:\/\/amplitude-laser.com\/fr\/super-burst-mode\/#breadcrumb"},"inLanguage":"fr-FR","potentialAction":[{"@type":"ReadAction","target":["https:\/\/amplitude-laser.com\/fr\/super-burst-mode\/"]}]},{"@type":"ImageObject","inLanguage":"fr-FR","@id":"https:\/\/amplitude-laser.com\/fr\/super-burst-mode\/#primaryimage","url":"https:\/\/amplitude-laser.com\/wp-content\/uploads\/2023\/08\/Femtoburst.gif","contentUrl":"https:\/\/amplitude-laser.com\/wp-content\/uploads\/2023\/08\/Femtoburst.gif","width":454,"height":297},{"@type":"BreadcrumbList","@id":"https:\/\/amplitude-laser.com\/fr\/super-burst-mode\/#breadcrumb","itemListElement":[{"@type":"ListItem","position":1,"name":"Home","item":"https:\/\/amplitude-laser.com\/fr\/"},{"@type":"ListItem","position":2,"name":"Super Burst Mode"}]},{"@type":"WebSite","@id":"https:\/\/amplitude-laser.com\/#website","url":"https:\/\/amplitude-laser.com\/","name":"Amplitude","description":"Nothing But Ultrafast","publisher":{"@id":"https:\/\/amplitude-laser.com\/#organization"},"alternateName":"Amplitude Laser","potentialAction":[{"@type":"SearchAction","target":{"@type":"EntryPoint","urlTemplate":"https:\/\/amplitude-laser.com\/?s={search_term_string}"},"query-input":{"@type":"PropertyValueSpecification","valueRequired":true,"valueName":"search_term_string"}}],"inLanguage":"fr-FR"},{"@type":"Organization","@id":"https:\/\/amplitude-laser.com\/#organization","name":"Amplitude Laser","alternateName":"Amplitude","url":"https:\/\/amplitude-laser.com\/","logo":{"@type":"ImageObject","inLanguage":"fr-FR","@id":"https:\/\/amplitude-laser.com\/#\/schema\/logo\/image\/","url":"https:\/\/amplitude-laser.com\/wp-content\/uploads\/2018\/10\/Amplitude.png","contentUrl":"https:\/\/amplitude-laser.com\/wp-content\/uploads\/2018\/10\/Amplitude.png","width":999,"height":1182,"caption":"Amplitude Laser"},"image":{"@id":"https:\/\/amplitude-laser.com\/#\/schema\/logo\/image\/"}}]}},"_links":{"self":[{"href":"https:\/\/amplitude-laser.com\/fr\/wp-json\/wp\/v2\/pages\/15453","targetHints":{"allow":["GET"]}}],"collection":[{"href":"https:\/\/amplitude-laser.com\/fr\/wp-json\/wp\/v2\/pages"}],"about":[{"href":"https:\/\/amplitude-laser.com\/fr\/wp-json\/wp\/v2\/types\/page"}],"author":[{"embeddable":true,"href":"https:\/\/amplitude-laser.com\/fr\/wp-json\/wp\/v2\/users\/9"}],"replies":[{"embeddable":true,"href":"https:\/\/amplitude-laser.com\/fr\/wp-json\/wp\/v2\/comments?post=15453"}],"version-history":[{"count":0,"href":"https:\/\/amplitude-laser.com\/fr\/wp-json\/wp\/v2\/pages\/15453\/revisions"}],"wp:featuredmedia":[{"embeddable":true,"href":"https:\/\/amplitude-laser.com\/fr\/wp-json\/wp\/v2\/media\/15162"}],"wp:attachment":[{"href":"https:\/\/amplitude-laser.com\/fr\/wp-json\/wp\/v2\/media?parent=15453"}],"curies":[{"name":"wp","href":"https:\/\/api.w.org\/{rel}","templated":true}]}}