{"id":15459,"date":"2023-09-13T09:40:16","date_gmt":"2023-09-13T07:40:16","guid":{"rendered":"https:\/\/amplitude.thibautsoufflet.fr\/?page_id=15459"},"modified":"2023-09-13T10:32:59","modified_gmt":"2023-09-13T08:32:59","slug":"femtoburst","status":"publish","type":"page","link":"https:\/\/amplitude-laser.com\/fr\/femtoburst\/","title":{"rendered":"Femtoburst\u00ae"},"content":{"rendered":"\n<p>Cette fonction optionnelle disponible sur les Tangor 100, Satsuma, Satsuma X et Tangor 300 am\u00e9liore la pr\u00e9cision et r\u00e9pond aux d\u00e9fis inh\u00e9rents \u00e0 la diminution naturelle du burst due \u00e0 un gain \u00e9lev\u00e9 sur les impulsions initiales.<br>Dans cette \u00e9tude, nous examinons de pr\u00e8s le fonctionnement de Femtoburst\u00ae, sa compatibilit\u00e9 avec les lasers femtoseconde et la mani\u00e8re dont il am\u00e9liore la pr\u00e9cision dans diff\u00e9rentes utilisations.<\/p>\n\n\n\n<p>Femtoburst\u00ae est une solution technique m\u00e9ticuleusement con\u00e7ue pour red\u00e9finir la mise en forme des salves. Son objectif premier est de permettre aux utilisateurs d&rsquo;exercer un contr\u00f4le pr\u00e9cis sur la sortie des salves, un facteur crucial dans les applications qui d\u00e9pendent d&rsquo;une distribution et d&rsquo;une synchronisation pr\u00e9cises de l&rsquo;\u00e9nergie.<\/p>\n\n\n\n<p>Lorsqu&rsquo;elle n&rsquo;est pas contr\u00f4l\u00e9e, l&rsquo;\u00e9nergie d&rsquo;une salve s&rsquo;affaiblit en raison d&rsquo;impulsions initiales plus fortes. Cela peut conduire \u00e0 des r\u00e9sultats non optimaux, en particulier lorsque la pr\u00e9cision du timing et la distribution de l&rsquo;\u00e9nergie sont essentielles.<\/p>\n\n\n\n<h3 class=\"wp-block-heading\">Le spectre de la mise en forme : Personnalisation des caract\u00e9ristiques du Burst<\/h3>\n\n\n\n<p>La puissance de Femtoburst\u00ae r\u00e9side dans sa polyvalence, qui offre un \u00e9ventail de possibilit\u00e9s de mise en forme. Imaginez une salve d\u00e9croissante, o\u00f9 chaque impulsion successive apporte une \u00e9nergie l\u00e9g\u00e8rement r\u00e9duite, assurant une distribution progressive et contr\u00f4l\u00e9e de l&rsquo;\u00e9nergie. En revanche, dans le cas d&rsquo;une salve plate, chaque impulsion conserve une \u00e9nergie constante, ce qui est id\u00e9al pour les applications exigeant une distribution uniforme de l&rsquo;\u00e9nergie. On peut \u00e9galement envisager une salve croissante, o\u00f9 l&rsquo;\u00e9nergie de chaque impulsion augmente, ce qui correspond aux applications n\u00e9cessitant une augmentation de l&rsquo;\u00e9nergie. Femtoburst\u00ae n&rsquo;est pas seulement une fonction ; c&rsquo;est un ensemble d&rsquo;outils techniques permettant aux utilisateurs de sculpter avec pr\u00e9cision les profils d&rsquo;\u00e9nergie des salves.<\/p>\n\n\n\n<div style=\"height:60px\" aria-hidden=\"true\" class=\"wp-block-spacer\"><\/div>\n\n\n<div class=\"wp-block-image\">\n<figure class=\"aligncenter size-large is-resized\"><img decoding=\"async\" src=\"https:\/\/amplitude-laser.com\/wp-content\/uploads\/2023\/08\/Large-Burst-Energy-Up-to-mJ-range-1-1024x576.jpg\" alt=\"\" class=\"wp-image-15156\" style=\"width:602px;height:339px\" width=\"602\" height=\"339\" srcset=\"https:\/\/amplitude-laser.com\/wp-content\/uploads\/2023\/08\/Large-Burst-Energy-Up-to-mJ-range-1-1024x576.jpg 1024w, https:\/\/amplitude-laser.com\/wp-content\/uploads\/2023\/08\/Large-Burst-Energy-Up-to-mJ-range-1-300x169.jpg 300w, https:\/\/amplitude-laser.com\/wp-content\/uploads\/2023\/08\/Large-Burst-Energy-Up-to-mJ-range-1-768x432.jpg 768w, https:\/\/amplitude-laser.com\/wp-content\/uploads\/2023\/08\/Large-Burst-Energy-Up-to-mJ-range-1-1536x864.jpg 1536w, https:\/\/amplitude-laser.com\/wp-content\/uploads\/2023\/08\/Large-Burst-Energy-Up-to-mJ-range-1.jpg 1920w\" sizes=\"(max-width: 602px) 100vw, 602px\" \/><figcaption class=\"wp-element-caption\"><em>Exemple de r\u00e9partition de l&rsquo;intensit\u00e9 de l&rsquo;impulsion au sein d&rsquo;une salve<\/em><\/figcaption><\/figure>\n<\/div>\n\n\n<h3 class=\"wp-block-heading\"><strong>Applications dans tous les secteurs d&rsquo;activit\u00e9 : R\u00e9v\u00e9ler les implications pratiques<\/strong><\/h3>\n\n\n\n<p>L&rsquo;int\u00e9gration de Femtoburst\u00ae dans les lasers femtoseconde offre un immense potentiel dans diverses applications, en am\u00e9liorant la pr\u00e9cision et en \u00e9largissant les possibilit\u00e9s. Parmi les applications notables pour lesquelles Femtoburst\u00ae peut s&rsquo;av\u00e9rer utile, nous retrouvons :<\/p>\n\n\n\n<ul class=\"wp-block-list\">\n<li><strong>Proc\u00e9dures m\u00e9dicales et chirurgicales :<\/strong> La distribution pr\u00e9cise de l&rsquo;\u00e9nergie est primordiale dans les proc\u00e9dures m\u00e9dicales et chirurgicales au laser. Le Femtoburst\u00ae peut garantir une ablation pr\u00e9cise des tissus, am\u00e9liorant ainsi la s\u00e9curit\u00e9 et l&rsquo;efficacit\u00e9 de techniques telles que les chirurgies oculaires au laser (LASIK), le relissage de la peau et m\u00eame des proc\u00e9dures peu invasives telles que les traitements vasculaires.<\/li>\n\n\n\n<li><strong>Traitement des mat\u00e9riaux et micro-usinage :<\/strong> Permet la structuration de surfaces complexes, le micro-per\u00e7age et la d\u00e9coupe avec une pr\u00e9cision exceptionnelle, ce qui est vital pour l&rsquo;\u00e9lectronique et la fabrication de pr\u00e9cision.<\/li>\n\n\n\n<li><strong>Recherche scientifique : <\/strong>Soutien aux exp\u00e9riences de laser ultrarapide, aide aux techniques de pompe-sonde, \u00e0 la physique \u00e0 haut champ et \u00e0 la spectroscopie de d\u00e9sint\u00e9gration induite par laser avec une synchronisation pr\u00e9cise de l&rsquo;\u00e9nergie.<\/li>\n\n\n\n<li><strong>Imagerie et microscopie optiques : <\/strong>Dans les techniques de microscopie telles que la microscopie \u00e0 deux photons, la distribution pr\u00e9cise de l&rsquo;\u00e9nergie dans les salves peut am\u00e9liorer la qualit\u00e9 de l&rsquo;imagerie et r\u00e9duire la phototoxicit\u00e9 dans les \u00e9chantillons biologiques. Ceci est particuli\u00e8rement important dans les neurosciences et l&rsquo;imagerie cellulaire.<\/li>\n\n\n\n<li><strong>Fabrication de pr\u00e9cision :<\/strong> Les industries telles que l&rsquo;a\u00e9rospatiale et l&rsquo;automobile b\u00e9n\u00e9ficient des lasers femtoseconde Femtoburst\u00ae pour des applications telles que la d\u00e9coupe de pr\u00e9cision, le per\u00e7age et la texturation de divers mat\u00e9riaux. La distribution contr\u00f4l\u00e9e de l&rsquo;\u00e9nergie garantit des r\u00e9sultats de haute qualit\u00e9 et constants.<\/li>\n\n\n\n<li><strong>Recherche sur les mat\u00e9riaux :<\/strong> Participe \u00e0 l&rsquo;\u00e9limination des couches minces, \u00e0 la modification des surfaces et \u00e0 l&rsquo;ablation contr\u00f4l\u00e9e des mat\u00e9riaux pour l&rsquo;analyse des propri\u00e9t\u00e9s des mat\u00e9riaux.<\/li>\n\n\n\n<li><strong>Photovolta\u00efque <\/strong>: modelage de pr\u00e9cision des cellules solaires pour am\u00e9liorer l&rsquo;efficacit\u00e9 de la collecte de l&rsquo;\u00e9nergie solaire.<\/li>\n\n\n\n<li><strong>Microfabrication : <\/strong>La technologie Femtoburst\u00ae permet de fabriquer des microstructures complexes sur des mat\u00e9riaux tels que le verre, les polym\u00e8res et les m\u00e9taux, qui trouvent des applications dans la microfluidique, les laboratoires sur puce, etc.<\/li>\n\n\n\n<li><strong>Spectroscopie ultrarapide : <\/strong>Permet l&rsquo;exploration d\u00e9taill\u00e9e des propri\u00e9t\u00e9s mol\u00e9culaires et atomiques gr\u00e2ce \u00e0 un contr\u00f4le pr\u00e9cis de l&rsquo;\u00e9nergie d&rsquo;excitation.<\/li>\n<\/ul>\n\n\n\n<div style=\"height:60px\" aria-hidden=\"true\" class=\"wp-block-spacer\"><\/div>\n\n\n\n<p>Ces applications ne font qu&rsquo;effleurer le potentiel du Femtoburst\u00ae. Sa pr\u00e9cision technique et sa capacit\u00e9 \u00e0 remodeler la sortie de la salve peuvent am\u00e9liorer la pr\u00e9cision et les r\u00e9sultats dans de nombreux secteurs et domaines de recherche, o\u00f9 les lasers femtoseconde jouent un r\u00f4le essentiel.<\/p>\n","protected":false},"excerpt":{"rendered":"<p>Cette fonction optionnelle disponible sur les Tangor 100, Satsuma, Satsuma X et Tangor 300 am\u00e9liore la pr\u00e9cision et r\u00e9pond aux d\u00e9fis inh\u00e9rents \u00e0 la diminution naturelle du burst due \u00e0 un gain \u00e9lev\u00e9 sur les impulsions initiales.Dans cette \u00e9tude, nous examinons de pr\u00e8s le fonctionnement de Femtoburst\u00ae, sa compatibilit\u00e9 avec les lasers femtoseconde et la [&hellip;]<\/p>\n","protected":false},"author":9,"featured_media":15162,"parent":0,"menu_order":0,"comment_status":"closed","ping_status":"closed","template":"","meta":{"_acf_changed":false,"footnotes":""},"class_list":["post-15459","page","type-page","status-publish","has-post-thumbnail","hentry"],"acf":[],"yoast_head":"<!-- This site is optimized with the Yoast SEO plugin v27.4 - https:\/\/yoast.com\/product\/yoast-seo-wordpress\/ -->\n<title>Femtoburst\u00ae - Amplitude<\/title>\n<meta name=\"description\" content=\"Optimisez les lasers femtoseconde avec Femtoburst\u00ae. Adaptez les rafales \u00e0 la pr\u00e9cision et \u00e0 l&#039;efficacit\u00e9 de diverses applications.\" \/>\n<meta name=\"robots\" content=\"index, follow, max-snippet:-1, max-image-preview:large, max-video-preview:-1\" \/>\n<link rel=\"canonical\" href=\"https:\/\/amplitude-laser.com\/fr\/femtoburst\/\" \/>\n<meta property=\"og:locale\" content=\"fr_FR\" \/>\n<meta property=\"og:type\" content=\"article\" \/>\n<meta property=\"og:title\" content=\"Femtoburst\u00ae - Amplitude\" \/>\n<meta property=\"og:description\" content=\"Optimisez les lasers femtoseconde avec Femtoburst\u00ae. Adaptez les rafales \u00e0 la pr\u00e9cision et \u00e0 l&#039;efficacit\u00e9 de diverses applications.\" \/>\n<meta property=\"og:url\" content=\"https:\/\/amplitude-laser.com\/fr\/femtoburst\/\" \/>\n<meta property=\"og:site_name\" content=\"Amplitude\" \/>\n<meta property=\"article:modified_time\" content=\"2023-09-13T08:32:59+00:00\" \/>\n<meta property=\"og:image\" content=\"https:\/\/amplitude-laser.com\/wp-content\/uploads\/2023\/08\/Femtoburst.gif\" \/>\n\t<meta property=\"og:image:width\" content=\"454\" \/>\n\t<meta property=\"og:image:height\" content=\"297\" \/>\n\t<meta property=\"og:image:type\" content=\"image\/gif\" \/>\n<meta name=\"twitter:card\" content=\"summary_large_image\" \/>\n<meta name=\"twitter:label1\" content=\"Dur\u00e9e de lecture estim\u00e9e\" \/>\n\t<meta name=\"twitter:data1\" content=\"4 minutes\" \/>\n<script type=\"application\/ld+json\" class=\"yoast-schema-graph\">{\"@context\":\"https:\\\/\\\/schema.org\",\"@graph\":[{\"@type\":\"WebPage\",\"@id\":\"https:\\\/\\\/amplitude-laser.com\\\/fr\\\/femtoburst\\\/\",\"url\":\"https:\\\/\\\/amplitude-laser.com\\\/fr\\\/femtoburst\\\/\",\"name\":\"Femtoburst\u00ae - Amplitude\",\"isPartOf\":{\"@id\":\"https:\\\/\\\/amplitude-laser.com\\\/#website\"},\"primaryImageOfPage\":{\"@id\":\"https:\\\/\\\/amplitude-laser.com\\\/fr\\\/femtoburst\\\/#primaryimage\"},\"image\":{\"@id\":\"https:\\\/\\\/amplitude-laser.com\\\/fr\\\/femtoburst\\\/#primaryimage\"},\"thumbnailUrl\":\"https:\\\/\\\/amplitude-laser.com\\\/wp-content\\\/uploads\\\/2023\\\/08\\\/Femtoburst.gif\",\"datePublished\":\"2023-09-13T07:40:16+00:00\",\"dateModified\":\"2023-09-13T08:32:59+00:00\",\"description\":\"Optimisez les lasers femtoseconde avec Femtoburst\u00ae. Adaptez les rafales \u00e0 la pr\u00e9cision et \u00e0 l'efficacit\u00e9 de diverses applications.\",\"breadcrumb\":{\"@id\":\"https:\\\/\\\/amplitude-laser.com\\\/fr\\\/femtoburst\\\/#breadcrumb\"},\"inLanguage\":\"fr-FR\",\"potentialAction\":[{\"@type\":\"ReadAction\",\"target\":[\"https:\\\/\\\/amplitude-laser.com\\\/fr\\\/femtoburst\\\/\"]}]},{\"@type\":\"ImageObject\",\"inLanguage\":\"fr-FR\",\"@id\":\"https:\\\/\\\/amplitude-laser.com\\\/fr\\\/femtoburst\\\/#primaryimage\",\"url\":\"https:\\\/\\\/amplitude-laser.com\\\/wp-content\\\/uploads\\\/2023\\\/08\\\/Femtoburst.gif\",\"contentUrl\":\"https:\\\/\\\/amplitude-laser.com\\\/wp-content\\\/uploads\\\/2023\\\/08\\\/Femtoburst.gif\",\"width\":454,\"height\":297},{\"@type\":\"BreadcrumbList\",\"@id\":\"https:\\\/\\\/amplitude-laser.com\\\/fr\\\/femtoburst\\\/#breadcrumb\",\"itemListElement\":[{\"@type\":\"ListItem\",\"position\":1,\"name\":\"Home\",\"item\":\"https:\\\/\\\/amplitude-laser.com\\\/fr\\\/\"},{\"@type\":\"ListItem\",\"position\":2,\"name\":\"Femtoburst\u00ae\"}]},{\"@type\":\"WebSite\",\"@id\":\"https:\\\/\\\/amplitude-laser.com\\\/#website\",\"url\":\"https:\\\/\\\/amplitude-laser.com\\\/\",\"name\":\"Amplitude\",\"description\":\"Nothing But Ultrafast\",\"publisher\":{\"@id\":\"https:\\\/\\\/amplitude-laser.com\\\/#organization\"},\"alternateName\":\"Amplitude Laser\",\"potentialAction\":[{\"@type\":\"SearchAction\",\"target\":{\"@type\":\"EntryPoint\",\"urlTemplate\":\"https:\\\/\\\/amplitude-laser.com\\\/?s={search_term_string}\"},\"query-input\":{\"@type\":\"PropertyValueSpecification\",\"valueRequired\":true,\"valueName\":\"search_term_string\"}}],\"inLanguage\":\"fr-FR\"},{\"@type\":\"Organization\",\"@id\":\"https:\\\/\\\/amplitude-laser.com\\\/#organization\",\"name\":\"Amplitude Laser\",\"alternateName\":\"Amplitude\",\"url\":\"https:\\\/\\\/amplitude-laser.com\\\/\",\"logo\":{\"@type\":\"ImageObject\",\"inLanguage\":\"fr-FR\",\"@id\":\"https:\\\/\\\/amplitude-laser.com\\\/#\\\/schema\\\/logo\\\/image\\\/\",\"url\":\"https:\\\/\\\/amplitude-laser.com\\\/wp-content\\\/uploads\\\/2018\\\/10\\\/Amplitude.png\",\"contentUrl\":\"https:\\\/\\\/amplitude-laser.com\\\/wp-content\\\/uploads\\\/2018\\\/10\\\/Amplitude.png\",\"width\":999,\"height\":1182,\"caption\":\"Amplitude Laser\"},\"image\":{\"@id\":\"https:\\\/\\\/amplitude-laser.com\\\/#\\\/schema\\\/logo\\\/image\\\/\"}}]}<\/script>\n<!-- \/ Yoast SEO plugin. -->","yoast_head_json":{"title":"Femtoburst\u00ae - Amplitude","description":"Optimisez les lasers femtoseconde avec Femtoburst\u00ae. Adaptez les rafales \u00e0 la pr\u00e9cision et \u00e0 l'efficacit\u00e9 de diverses applications.","robots":{"index":"index","follow":"follow","max-snippet":"max-snippet:-1","max-image-preview":"max-image-preview:large","max-video-preview":"max-video-preview:-1"},"canonical":"https:\/\/amplitude-laser.com\/fr\/femtoburst\/","og_locale":"fr_FR","og_type":"article","og_title":"Femtoburst\u00ae - Amplitude","og_description":"Optimisez les lasers femtoseconde avec Femtoburst\u00ae. Adaptez les rafales \u00e0 la pr\u00e9cision et \u00e0 l'efficacit\u00e9 de diverses applications.","og_url":"https:\/\/amplitude-laser.com\/fr\/femtoburst\/","og_site_name":"Amplitude","article_modified_time":"2023-09-13T08:32:59+00:00","og_image":[{"width":454,"height":297,"url":"https:\/\/amplitude-laser.com\/wp-content\/uploads\/2023\/08\/Femtoburst.gif","type":"image\/gif"}],"twitter_card":"summary_large_image","twitter_misc":{"Dur\u00e9e de lecture estim\u00e9e":"4 minutes"},"schema":{"@context":"https:\/\/schema.org","@graph":[{"@type":"WebPage","@id":"https:\/\/amplitude-laser.com\/fr\/femtoburst\/","url":"https:\/\/amplitude-laser.com\/fr\/femtoburst\/","name":"Femtoburst\u00ae - Amplitude","isPartOf":{"@id":"https:\/\/amplitude-laser.com\/#website"},"primaryImageOfPage":{"@id":"https:\/\/amplitude-laser.com\/fr\/femtoburst\/#primaryimage"},"image":{"@id":"https:\/\/amplitude-laser.com\/fr\/femtoburst\/#primaryimage"},"thumbnailUrl":"https:\/\/amplitude-laser.com\/wp-content\/uploads\/2023\/08\/Femtoburst.gif","datePublished":"2023-09-13T07:40:16+00:00","dateModified":"2023-09-13T08:32:59+00:00","description":"Optimisez les lasers femtoseconde avec Femtoburst\u00ae. Adaptez les rafales \u00e0 la pr\u00e9cision et \u00e0 l'efficacit\u00e9 de diverses applications.","breadcrumb":{"@id":"https:\/\/amplitude-laser.com\/fr\/femtoburst\/#breadcrumb"},"inLanguage":"fr-FR","potentialAction":[{"@type":"ReadAction","target":["https:\/\/amplitude-laser.com\/fr\/femtoburst\/"]}]},{"@type":"ImageObject","inLanguage":"fr-FR","@id":"https:\/\/amplitude-laser.com\/fr\/femtoburst\/#primaryimage","url":"https:\/\/amplitude-laser.com\/wp-content\/uploads\/2023\/08\/Femtoburst.gif","contentUrl":"https:\/\/amplitude-laser.com\/wp-content\/uploads\/2023\/08\/Femtoburst.gif","width":454,"height":297},{"@type":"BreadcrumbList","@id":"https:\/\/amplitude-laser.com\/fr\/femtoburst\/#breadcrumb","itemListElement":[{"@type":"ListItem","position":1,"name":"Home","item":"https:\/\/amplitude-laser.com\/fr\/"},{"@type":"ListItem","position":2,"name":"Femtoburst\u00ae"}]},{"@type":"WebSite","@id":"https:\/\/amplitude-laser.com\/#website","url":"https:\/\/amplitude-laser.com\/","name":"Amplitude","description":"Nothing But Ultrafast","publisher":{"@id":"https:\/\/amplitude-laser.com\/#organization"},"alternateName":"Amplitude Laser","potentialAction":[{"@type":"SearchAction","target":{"@type":"EntryPoint","urlTemplate":"https:\/\/amplitude-laser.com\/?s={search_term_string}"},"query-input":{"@type":"PropertyValueSpecification","valueRequired":true,"valueName":"search_term_string"}}],"inLanguage":"fr-FR"},{"@type":"Organization","@id":"https:\/\/amplitude-laser.com\/#organization","name":"Amplitude Laser","alternateName":"Amplitude","url":"https:\/\/amplitude-laser.com\/","logo":{"@type":"ImageObject","inLanguage":"fr-FR","@id":"https:\/\/amplitude-laser.com\/#\/schema\/logo\/image\/","url":"https:\/\/amplitude-laser.com\/wp-content\/uploads\/2018\/10\/Amplitude.png","contentUrl":"https:\/\/amplitude-laser.com\/wp-content\/uploads\/2018\/10\/Amplitude.png","width":999,"height":1182,"caption":"Amplitude Laser"},"image":{"@id":"https:\/\/amplitude-laser.com\/#\/schema\/logo\/image\/"}}]}},"_links":{"self":[{"href":"https:\/\/amplitude-laser.com\/fr\/wp-json\/wp\/v2\/pages\/15459","targetHints":{"allow":["GET"]}}],"collection":[{"href":"https:\/\/amplitude-laser.com\/fr\/wp-json\/wp\/v2\/pages"}],"about":[{"href":"https:\/\/amplitude-laser.com\/fr\/wp-json\/wp\/v2\/types\/page"}],"author":[{"embeddable":true,"href":"https:\/\/amplitude-laser.com\/fr\/wp-json\/wp\/v2\/users\/9"}],"replies":[{"embeddable":true,"href":"https:\/\/amplitude-laser.com\/fr\/wp-json\/wp\/v2\/comments?post=15459"}],"version-history":[{"count":0,"href":"https:\/\/amplitude-laser.com\/fr\/wp-json\/wp\/v2\/pages\/15459\/revisions"}],"wp:featuredmedia":[{"embeddable":true,"href":"https:\/\/amplitude-laser.com\/fr\/wp-json\/wp\/v2\/media\/15162"}],"wp:attachment":[{"href":"https:\/\/amplitude-laser.com\/fr\/wp-json\/wp\/v2\/media?parent=15459"}],"curies":[{"name":"wp","href":"https:\/\/api.w.org\/{rel}","templated":true}]}}