{"id":15505,"date":"2023-08-11T14:45:50","date_gmt":"2023-08-11T12:45:50","guid":{"rendered":"https:\/\/amplitude.thibautsoufflet.fr\/femtotrig\/"},"modified":"2023-09-13T14:15:12","modified_gmt":"2023-09-13T12:15:12","slug":"femtotrig","status":"publish","type":"page","link":"https:\/\/amplitude-laser.com\/fr\/femtotrig\/","title":{"rendered":"FemtoTrig"},"content":{"rendered":"\n<h2 class=\"wp-block-heading\"><strong>Am\u00e9liorez votre laser ultrarapide avec Femtotrig\u00ae : timing de pr\u00e9cision, \u00e9nergie sur mesure et contr\u00f4le absolu.<\/strong><\/h2>\n\n\n\n<div style=\"height:60px\" aria-hidden=\"true\" class=\"wp-block-spacer\"><\/div>\n\n\n\n<p>Disponible sur nos s\u00e9ries Tangor et Satsuma, l&rsquo;option Femtotrig\u00ae simplifie le d\u00e9clenchement des impulsions pour votre application. Elle am\u00e9liore la pr\u00e9cision de la synchronisation des impulsions, d\u00e9passe les p\u00e9riodes de l&rsquo;oscillateur et \u00e9largit la s\u00e9lection des impulsions dans le train de l&rsquo;oscillateur.<\/p>\n\n\n\n<p>Mesure de test r\u00e9el sur des multicouches de mat\u00e9riaux organiques :<\/p>\n\n\n\n<ul class=\"wp-block-list\">\n<li>Vitesse de balayage : 1,5 m\/s<\/li>\n\n\n\n<li>Taux de r\u00e9p : 400kHz<\/li>\n<\/ul>\n\n\n\n<figure class=\"wp-block-image size-large\"><img decoding=\"async\" width=\"1024\" height=\"576\" src=\"https:\/\/amplitude-laser.com\/wp-content\/uploads\/2023\/08\/Large-Burst-Energy-Up-to-mJ-range-2-1024x576.jpg\" alt=\"\" class=\"wp-image-15191\" srcset=\"https:\/\/amplitude-laser.com\/wp-content\/uploads\/2023\/08\/Large-Burst-Energy-Up-to-mJ-range-2-1024x576.jpg 1024w, https:\/\/amplitude-laser.com\/wp-content\/uploads\/2023\/08\/Large-Burst-Energy-Up-to-mJ-range-2-300x169.jpg 300w, https:\/\/amplitude-laser.com\/wp-content\/uploads\/2023\/08\/Large-Burst-Energy-Up-to-mJ-range-2-768x432.jpg 768w, https:\/\/amplitude-laser.com\/wp-content\/uploads\/2023\/08\/Large-Burst-Energy-Up-to-mJ-range-2-1536x864.jpg 1536w, https:\/\/amplitude-laser.com\/wp-content\/uploads\/2023\/08\/Large-Burst-Energy-Up-to-mJ-range-2.jpg 1920w\" sizes=\"(max-width: 1024px) 100vw, 1024px\" \/><\/figure>\n\n\n\n<p>Cette option facilite le d\u00e9clenchement d&rsquo;impulsions de haute pr\u00e9cision, \u00e0 l&rsquo;instar de la fonction de supersynchronisation, tout en am\u00e9liorant le contr\u00f4le de l&rsquo;\u00e9nergie des impulsions extraites dans des conditions sp\u00e9cifiques\u00a0\u00bb.<\/p>\n\n\n\n<p>Femtotrig\u00ae n&rsquo;est pas confin\u00e9 \u00e0 une niche singuli\u00e8re ; ses applications couvrent un spectre diversifi\u00e9 de domaines, chacun exploitant sa pr\u00e9cision pour red\u00e9finir les r\u00e9sultats :<\/p>\n\n\n\n<div class=\"wp-block-group is-vertical is-layout-flex wp-container-core-group-is-layout-8cf370e7 wp-block-group-is-layout-flex\">\n<div class=\"wp-block-group is-vertical is-layout-flex wp-container-core-group-is-layout-8cf370e7 wp-block-group-is-layout-flex\">\n<p><strong>Nanofabrication<\/strong> : L&rsquo;orchestration pr\u00e9cise des impulsions am\u00e9liore le traitement des mat\u00e9riaux \u00e0 l&rsquo;\u00e9chelle nanom\u00e9trique, permettant une ablation contr\u00f4l\u00e9e et des modifications de surface complexes.<\/p>\n\n\n\n<p><strong>Innovation chirurgicale <\/strong>: Dans les chirurgies au laser, Femtotrig\u00ae assure une distribution pr\u00e9cise de l&rsquo;\u00e9nergie, augmentant ainsi la s\u00e9curit\u00e9 et l&rsquo;efficacit\u00e9.<\/p>\n\n\n\n<p><strong>Exploration spectrale :<\/strong> De la spectroscopie pompe-sonde \u00e0 la dynamique ultrarapide, Femtotrig\u00ae fait progresser les exp\u00e9riences scientifiques avec une pr\u00e9cision chronom\u00e9tr\u00e9e.<\/p>\n\n\n\n<p><strong>Excellence de l&rsquo;imagerie : <\/strong>La r\u00e9duction des photodommages dans l&rsquo;imagerie optique gr\u00e2ce \u00e0 un contr\u00f4le temporel des impulsions souligne la valeur de Femtotrig\u00ae.<\/p>\n<\/div>\n\n\n\n<p><strong>Des id\u00e9es pilot\u00e9es par laser :<\/strong> Dans les domaines de la physique \u00e0 haut champ et de l&rsquo;optique non lin\u00e9aire, Femtotrig\u00ae propulse la recherche sur la dynamique ultrarapide.<\/p>\n\n\n\n<p><\/p>\n<\/div>\n\n\n\n<h3 class=\"wp-block-heading has-text-align-center\">Trois nouveaux param\u00e8tres cl\u00e9s du laser avec Femtotrig\u00ae<\/h3>\n\n\n\n<div style=\"height:47px\" aria-hidden=\"true\" class=\"wp-block-spacer\"><\/div>\n\n\n\n<div class=\"wp-block-columns is-layout-flex wp-container-core-columns-is-layout-9d6595d7 wp-block-columns-is-layout-flex\">\n<div class=\"wp-block-column is-layout-flow wp-block-column-is-layout-flow\"><div class=\"wp-block-image\">\n<figure class=\"aligncenter size-full is-resized\"><img decoding=\"async\" src=\"https:\/\/amplitude-laser.com\/wp-content\/uploads\/2023\/08\/Femtotrig-1-1.png\" alt=\"\" class=\"wp-image-14918\" style=\"width:311px;height:306px\" width=\"311\" height=\"306\" srcset=\"https:\/\/amplitude-laser.com\/wp-content\/uploads\/2023\/08\/Femtotrig-1-1.png 829w, https:\/\/amplitude-laser.com\/wp-content\/uploads\/2023\/08\/Femtotrig-1-1-300x294.png 300w, https:\/\/amplitude-laser.com\/wp-content\/uploads\/2023\/08\/Femtotrig-1-1-768x753.png 768w\" sizes=\"(max-width: 311px) 100vw, 311px\" \/><\/figure>\n<\/div>\n\n\n<p>D\u00e9lai entre le front montant du signal utilisateur et l&rsquo;\u00e9mission de l&rsquo;impulsion.<\/p>\n\n\n\n<p class=\"has-text-color\" style=\"color:#ff5100\">Avec Femtotrig : ~1\u00b5s (fixe)<\/p>\n<\/div>\n\n\n\n<div class=\"wp-block-column is-layout-flow wp-block-column-is-layout-flow\">\n<figure class=\"wp-block-image size-full\"><img decoding=\"async\" width=\"778\" height=\"813\" src=\"https:\/\/amplitude-laser.com\/wp-content\/uploads\/2023\/08\/Femtotrig-2-1.png\" alt=\"\" class=\"wp-image-14922\" srcset=\"https:\/\/amplitude-laser.com\/wp-content\/uploads\/2023\/08\/Femtotrig-2-1.png 778w, https:\/\/amplitude-laser.com\/wp-content\/uploads\/2023\/08\/Femtotrig-2-1-287x300.png 287w, https:\/\/amplitude-laser.com\/wp-content\/uploads\/2023\/08\/Femtotrig-2-1-768x803.png 768w\" sizes=\"(max-width: 778px) 100vw, 778px\" \/><\/figure>\n\n\n\n<p>Pr\u00e9cision de Timing sur laquelle l&rsquo;impulsion de sortie est \u00e9mise.<\/p>\n\n\n\n<p class=\"has-text-color\" style=\"color:#ff5100\">Avec FemtoTrig : 25 ns (fixe)<\/p>\n<\/div>\n\n\n\n<div class=\"wp-block-column is-layout-flow wp-block-column-is-layout-flow\">\n<figure class=\"wp-block-image size-full\"><img decoding=\"async\" width=\"779\" height=\"813\" src=\"https:\/\/amplitude-laser.com\/wp-content\/uploads\/2023\/08\/Femtotrig-3.png\" alt=\"\" class=\"wp-image-14926\" srcset=\"https:\/\/amplitude-laser.com\/wp-content\/uploads\/2023\/08\/Femtotrig-3.png 779w, https:\/\/amplitude-laser.com\/wp-content\/uploads\/2023\/08\/Femtotrig-3-287x300.png 287w, https:\/\/amplitude-laser.com\/wp-content\/uploads\/2023\/08\/Femtotrig-3-768x802.png 768w\" sizes=\"(max-width: 779px) 100vw, 779px\" \/><\/figure>\n\n\n\n<p>Stabilit\u00e9 de l&rsquo;\u00e9nergie d&rsquo;une impulsion \u00e0 l&rsquo;autre lors d&rsquo;un changement de fr\u00e9quence.<\/p>\n\n\n\n<p class=\"has-text-color\" style=\"color:#ff5100\">Avec FemtoTrig : stabilit\u00e9 intrins\u00e8que<\/p>\n<\/div>\n<\/div>\n\n\n\n<div style=\"height:36px\" aria-hidden=\"true\" class=\"wp-block-spacer\"><\/div>\n\n\n\n<figure class=\"wp-block-embed is-type-video is-provider-youtube wp-block-embed-youtube wp-embed-aspect-16-9 wp-has-aspect-ratio\"><div class=\"wp-block-embed__wrapper\">\n<iframe loading=\"lazy\" title=\"Amplitude Femtotrig new patented function for Femtosecond Lasers\/ Real pulse on demand Revolution\" width=\"500\" height=\"281\" src=\"https:\/\/www.youtube.com\/embed\/navMPhSNUCo?feature=oembed\" frameborder=\"0\" allow=\"accelerometer; autoplay; clipboard-write; encrypted-media; gyroscope; picture-in-picture; web-share\" referrerpolicy=\"strict-origin-when-cross-origin\" allowfullscreen><\/iframe>\n<\/div><\/figure>\n\n\n\n<div style=\"height:100px\" aria-hidden=\"true\" class=\"wp-block-spacer\"><\/div>\n\n\n\n<div class=\"wp-block-buttons is-content-justification-center is-layout-flex wp-container-core-buttons-is-layout-16018d1d wp-block-buttons-is-layout-flex\">\n<div class=\"wp-block-button has-custom-width wp-block-button__width-50 has-custom-font-size has-medium-font-size\"><a class=\"wp-block-button__link has-background wp-element-button\" href=\"https:\/\/amplitude-laser.com\/fr\/devis-et-information\/\" style=\"background-color:#ff5100\"><strong>Contactez-nous<\/strong><\/a><\/div>\n<\/div>\n","protected":false},"excerpt":{"rendered":"<p>Am\u00e9liorez votre laser ultrarapide avec Femtotrig\u00ae : timing de pr\u00e9cision, \u00e9nergie sur mesure et contr\u00f4le absolu. Disponible sur nos s\u00e9ries Tangor et Satsuma, l&rsquo;option Femtotrig\u00ae simplifie le d\u00e9clenchement des impulsions pour votre application. Elle am\u00e9liore la pr\u00e9cision de la synchronisation des impulsions, d\u00e9passe les p\u00e9riodes de l&rsquo;oscillateur et \u00e9largit la s\u00e9lection des impulsions dans le [&hellip;]<\/p>\n","protected":false},"author":9,"featured_media":5883,"parent":0,"menu_order":0,"comment_status":"closed","ping_status":"closed","template":"","meta":{"_acf_changed":false,"footnotes":""},"class_list":["post-15505","page","type-page","status-publish","has-post-thumbnail","hentry"],"acf":[],"yoast_head":"<!-- This site is optimized with the Yoast SEO plugin v27.4 - https:\/\/yoast.com\/product\/yoast-seo-wordpress\/ -->\n<title>FemtoTrig - Amplitude<\/title>\n<meta name=\"description\" content=\"Am\u00e9liorez la pr\u00e9cision du laser avec Femtotrig, pour les s\u00e9ries Tangor et Satsuma am\u00e9liorez la synchronisation et la s\u00e9lection des impulsions\" \/>\n<meta name=\"robots\" content=\"index, follow, max-snippet:-1, max-image-preview:large, max-video-preview:-1\" \/>\n<link rel=\"canonical\" href=\"https:\/\/amplitude-laser.com\/fr\/femtotrig\/\" \/>\n<meta property=\"og:locale\" content=\"fr_FR\" \/>\n<meta property=\"og:type\" content=\"article\" \/>\n<meta property=\"og:title\" content=\"FemtoTrig - Amplitude\" \/>\n<meta property=\"og:description\" content=\"Am\u00e9liorez la pr\u00e9cision du laser avec Femtotrig, pour les s\u00e9ries Tangor et Satsuma am\u00e9liorez la synchronisation et la s\u00e9lection des impulsions\" \/>\n<meta property=\"og:url\" content=\"https:\/\/amplitude-laser.com\/fr\/femtotrig\/\" \/>\n<meta property=\"og:site_name\" content=\"Amplitude\" \/>\n<meta property=\"article:modified_time\" content=\"2023-09-13T12:15:12+00:00\" \/>\n<meta property=\"og:image\" content=\"https:\/\/amplitude-laser.com\/wp-content\/uploads\/2021\/02\/Femtotrig-Livestorm1600-x-600.jpg\" \/>\n\t<meta property=\"og:image:width\" content=\"1600\" \/>\n\t<meta property=\"og:image:height\" content=\"600\" \/>\n\t<meta property=\"og:image:type\" content=\"image\/jpeg\" \/>\n<meta name=\"twitter:card\" content=\"summary_large_image\" \/>\n<meta name=\"twitter:label1\" content=\"Dur\u00e9e de lecture estim\u00e9e\" \/>\n\t<meta name=\"twitter:data1\" content=\"3 minutes\" \/>\n<script type=\"application\/ld+json\" class=\"yoast-schema-graph\">{\"@context\":\"https:\\\/\\\/schema.org\",\"@graph\":[{\"@type\":\"WebPage\",\"@id\":\"https:\\\/\\\/amplitude-laser.com\\\/fr\\\/femtotrig\\\/\",\"url\":\"https:\\\/\\\/amplitude-laser.com\\\/fr\\\/femtotrig\\\/\",\"name\":\"FemtoTrig - Amplitude\",\"isPartOf\":{\"@id\":\"https:\\\/\\\/amplitude-laser.com\\\/#website\"},\"primaryImageOfPage\":{\"@id\":\"https:\\\/\\\/amplitude-laser.com\\\/fr\\\/femtotrig\\\/#primaryimage\"},\"image\":{\"@id\":\"https:\\\/\\\/amplitude-laser.com\\\/fr\\\/femtotrig\\\/#primaryimage\"},\"thumbnailUrl\":\"https:\\\/\\\/amplitude-laser.com\\\/wp-content\\\/uploads\\\/2021\\\/02\\\/Femtotrig-Livestorm1600-x-600.jpg\",\"datePublished\":\"2023-08-11T12:45:50+00:00\",\"dateModified\":\"2023-09-13T12:15:12+00:00\",\"description\":\"Am\u00e9liorez la pr\u00e9cision du laser avec Femtotrig, pour les s\u00e9ries Tangor et Satsuma am\u00e9liorez la synchronisation et la s\u00e9lection des impulsions\",\"breadcrumb\":{\"@id\":\"https:\\\/\\\/amplitude-laser.com\\\/fr\\\/femtotrig\\\/#breadcrumb\"},\"inLanguage\":\"fr-FR\",\"potentialAction\":[{\"@type\":\"ReadAction\",\"target\":[\"https:\\\/\\\/amplitude-laser.com\\\/fr\\\/femtotrig\\\/\"]}]},{\"@type\":\"ImageObject\",\"inLanguage\":\"fr-FR\",\"@id\":\"https:\\\/\\\/amplitude-laser.com\\\/fr\\\/femtotrig\\\/#primaryimage\",\"url\":\"https:\\\/\\\/amplitude-laser.com\\\/wp-content\\\/uploads\\\/2021\\\/02\\\/Femtotrig-Livestorm1600-x-600.jpg\",\"contentUrl\":\"https:\\\/\\\/amplitude-laser.com\\\/wp-content\\\/uploads\\\/2021\\\/02\\\/Femtotrig-Livestorm1600-x-600.jpg\",\"width\":1600,\"height\":600},{\"@type\":\"BreadcrumbList\",\"@id\":\"https:\\\/\\\/amplitude-laser.com\\\/fr\\\/femtotrig\\\/#breadcrumb\",\"itemListElement\":[{\"@type\":\"ListItem\",\"position\":1,\"name\":\"Home\",\"item\":\"https:\\\/\\\/amplitude-laser.com\\\/fr\\\/\"},{\"@type\":\"ListItem\",\"position\":2,\"name\":\"FemtoTrig\"}]},{\"@type\":\"WebSite\",\"@id\":\"https:\\\/\\\/amplitude-laser.com\\\/#website\",\"url\":\"https:\\\/\\\/amplitude-laser.com\\\/\",\"name\":\"Amplitude\",\"description\":\"Nothing But Ultrafast\",\"publisher\":{\"@id\":\"https:\\\/\\\/amplitude-laser.com\\\/#organization\"},\"alternateName\":\"Amplitude Laser\",\"potentialAction\":[{\"@type\":\"SearchAction\",\"target\":{\"@type\":\"EntryPoint\",\"urlTemplate\":\"https:\\\/\\\/amplitude-laser.com\\\/?s={search_term_string}\"},\"query-input\":{\"@type\":\"PropertyValueSpecification\",\"valueRequired\":true,\"valueName\":\"search_term_string\"}}],\"inLanguage\":\"fr-FR\"},{\"@type\":\"Organization\",\"@id\":\"https:\\\/\\\/amplitude-laser.com\\\/#organization\",\"name\":\"Amplitude Laser\",\"alternateName\":\"Amplitude\",\"url\":\"https:\\\/\\\/amplitude-laser.com\\\/\",\"logo\":{\"@type\":\"ImageObject\",\"inLanguage\":\"fr-FR\",\"@id\":\"https:\\\/\\\/amplitude-laser.com\\\/#\\\/schema\\\/logo\\\/image\\\/\",\"url\":\"https:\\\/\\\/amplitude-laser.com\\\/wp-content\\\/uploads\\\/2018\\\/10\\\/Amplitude.png\",\"contentUrl\":\"https:\\\/\\\/amplitude-laser.com\\\/wp-content\\\/uploads\\\/2018\\\/10\\\/Amplitude.png\",\"width\":999,\"height\":1182,\"caption\":\"Amplitude Laser\"},\"image\":{\"@id\":\"https:\\\/\\\/amplitude-laser.com\\\/#\\\/schema\\\/logo\\\/image\\\/\"}}]}<\/script>\n<!-- \/ Yoast SEO plugin. -->","yoast_head_json":{"title":"FemtoTrig - Amplitude","description":"Am\u00e9liorez la pr\u00e9cision du laser avec Femtotrig, pour les s\u00e9ries Tangor et Satsuma am\u00e9liorez la synchronisation et la s\u00e9lection des impulsions","robots":{"index":"index","follow":"follow","max-snippet":"max-snippet:-1","max-image-preview":"max-image-preview:large","max-video-preview":"max-video-preview:-1"},"canonical":"https:\/\/amplitude-laser.com\/fr\/femtotrig\/","og_locale":"fr_FR","og_type":"article","og_title":"FemtoTrig - Amplitude","og_description":"Am\u00e9liorez la pr\u00e9cision du laser avec Femtotrig, pour les s\u00e9ries Tangor et Satsuma am\u00e9liorez la synchronisation et la s\u00e9lection des impulsions","og_url":"https:\/\/amplitude-laser.com\/fr\/femtotrig\/","og_site_name":"Amplitude","article_modified_time":"2023-09-13T12:15:12+00:00","og_image":[{"width":1600,"height":600,"url":"https:\/\/amplitude-laser.com\/wp-content\/uploads\/2021\/02\/Femtotrig-Livestorm1600-x-600.jpg","type":"image\/jpeg"}],"twitter_card":"summary_large_image","twitter_misc":{"Dur\u00e9e de lecture estim\u00e9e":"3 minutes"},"schema":{"@context":"https:\/\/schema.org","@graph":[{"@type":"WebPage","@id":"https:\/\/amplitude-laser.com\/fr\/femtotrig\/","url":"https:\/\/amplitude-laser.com\/fr\/femtotrig\/","name":"FemtoTrig - Amplitude","isPartOf":{"@id":"https:\/\/amplitude-laser.com\/#website"},"primaryImageOfPage":{"@id":"https:\/\/amplitude-laser.com\/fr\/femtotrig\/#primaryimage"},"image":{"@id":"https:\/\/amplitude-laser.com\/fr\/femtotrig\/#primaryimage"},"thumbnailUrl":"https:\/\/amplitude-laser.com\/wp-content\/uploads\/2021\/02\/Femtotrig-Livestorm1600-x-600.jpg","datePublished":"2023-08-11T12:45:50+00:00","dateModified":"2023-09-13T12:15:12+00:00","description":"Am\u00e9liorez la pr\u00e9cision du laser avec Femtotrig, pour les s\u00e9ries Tangor et Satsuma am\u00e9liorez la synchronisation et la s\u00e9lection des impulsions","breadcrumb":{"@id":"https:\/\/amplitude-laser.com\/fr\/femtotrig\/#breadcrumb"},"inLanguage":"fr-FR","potentialAction":[{"@type":"ReadAction","target":["https:\/\/amplitude-laser.com\/fr\/femtotrig\/"]}]},{"@type":"ImageObject","inLanguage":"fr-FR","@id":"https:\/\/amplitude-laser.com\/fr\/femtotrig\/#primaryimage","url":"https:\/\/amplitude-laser.com\/wp-content\/uploads\/2021\/02\/Femtotrig-Livestorm1600-x-600.jpg","contentUrl":"https:\/\/amplitude-laser.com\/wp-content\/uploads\/2021\/02\/Femtotrig-Livestorm1600-x-600.jpg","width":1600,"height":600},{"@type":"BreadcrumbList","@id":"https:\/\/amplitude-laser.com\/fr\/femtotrig\/#breadcrumb","itemListElement":[{"@type":"ListItem","position":1,"name":"Home","item":"https:\/\/amplitude-laser.com\/fr\/"},{"@type":"ListItem","position":2,"name":"FemtoTrig"}]},{"@type":"WebSite","@id":"https:\/\/amplitude-laser.com\/#website","url":"https:\/\/amplitude-laser.com\/","name":"Amplitude","description":"Nothing But Ultrafast","publisher":{"@id":"https:\/\/amplitude-laser.com\/#organization"},"alternateName":"Amplitude Laser","potentialAction":[{"@type":"SearchAction","target":{"@type":"EntryPoint","urlTemplate":"https:\/\/amplitude-laser.com\/?s={search_term_string}"},"query-input":{"@type":"PropertyValueSpecification","valueRequired":true,"valueName":"search_term_string"}}],"inLanguage":"fr-FR"},{"@type":"Organization","@id":"https:\/\/amplitude-laser.com\/#organization","name":"Amplitude Laser","alternateName":"Amplitude","url":"https:\/\/amplitude-laser.com\/","logo":{"@type":"ImageObject","inLanguage":"fr-FR","@id":"https:\/\/amplitude-laser.com\/#\/schema\/logo\/image\/","url":"https:\/\/amplitude-laser.com\/wp-content\/uploads\/2018\/10\/Amplitude.png","contentUrl":"https:\/\/amplitude-laser.com\/wp-content\/uploads\/2018\/10\/Amplitude.png","width":999,"height":1182,"caption":"Amplitude Laser"},"image":{"@id":"https:\/\/amplitude-laser.com\/#\/schema\/logo\/image\/"}}]}},"_links":{"self":[{"href":"https:\/\/amplitude-laser.com\/fr\/wp-json\/wp\/v2\/pages\/15505","targetHints":{"allow":["GET"]}}],"collection":[{"href":"https:\/\/amplitude-laser.com\/fr\/wp-json\/wp\/v2\/pages"}],"about":[{"href":"https:\/\/amplitude-laser.com\/fr\/wp-json\/wp\/v2\/types\/page"}],"author":[{"embeddable":true,"href":"https:\/\/amplitude-laser.com\/fr\/wp-json\/wp\/v2\/users\/9"}],"replies":[{"embeddable":true,"href":"https:\/\/amplitude-laser.com\/fr\/wp-json\/wp\/v2\/comments?post=15505"}],"version-history":[{"count":0,"href":"https:\/\/amplitude-laser.com\/fr\/wp-json\/wp\/v2\/pages\/15505\/revisions"}],"wp:featuredmedia":[{"embeddable":true,"href":"https:\/\/amplitude-laser.com\/fr\/wp-json\/wp\/v2\/media\/5883"}],"wp:attachment":[{"href":"https:\/\/amplitude-laser.com\/fr\/wp-json\/wp\/v2\/media?parent=15505"}],"curies":[{"name":"wp","href":"https:\/\/api.w.org\/{rel}","templated":true}]}}