{"id":21,"date":"2018-08-06T11:13:47","date_gmt":"2018-08-06T09:13:47","guid":{"rendered":"http:\/\/localhost\/amplitude\/?page_id=21"},"modified":"2022-05-23T14:17:25","modified_gmt":"2022-05-23T12:17:25","slug":"a-propos","status":"publish","type":"page","link":"https:\/\/amplitude-laser.com\/fr\/a-propos\/","title":{"rendered":"\u00c0 propos"},"content":{"rendered":"\n<h2 class=\"wp-block-heading\">Amplitude, le fabricant leader mondial des lasers femtosecondes<\/h2>\n\n\n\n<p><strong>Le prix Nobel attribu\u00e9 en 2018 \u00e0 Donna Strickland et G\u00e9rard Mourou, pour la technologie du laser femtoseconde,&nbsp;a r\u00e9volutionn\u00e9 la recherche scientifique, les proc\u00e9d\u00e9s de fabrication industrielle et la sant\u00e9.&nbsp;<\/strong><\/p>\n\n\n\n<p>Inspir\u00e9 de cette technologie depuis ses d\u00e9buts, Amplitude est aujourd&rsquo;hui le leader international dans la conception, le d\u00e9veloppement et la commercialisation de lasers femtosecondes.<\/p>\n\n\n\n<div style=\"height:30px\" aria-hidden=\"true\" class=\"wp-block-spacer\"><\/div>\n\n\n\n<figure class=\"wp-block-embed is-type-video is-provider-youtube wp-block-embed-youtube wp-embed-aspect-16-9 wp-has-aspect-ratio\"><div class=\"wp-block-embed__wrapper\">\n<iframe loading=\"lazy\" title=\"Amplitude Corporate Movie\" width=\"500\" height=\"281\" src=\"https:\/\/www.youtube.com\/embed\/dk9wQhOU3Xc?feature=oembed\" frameborder=\"0\" allow=\"accelerometer; autoplay; clipboard-write; encrypted-media; gyroscope; picture-in-picture; web-share\" referrerpolicy=\"strict-origin-when-cross-origin\" allowfullscreen><\/iframe>\n<\/div><\/figure>\n\n\n\n<div style=\"height:30px\" aria-hidden=\"true\" class=\"wp-block-spacer\"><\/div>\n\n\n\n<h3 class=\"wp-block-heading\"><span style=\"color: #006373;\">Amplitude le sp\u00e9cialiste des lasers femtosecondes<\/span><\/h3>\n\n\n\n<p>Depuis 2001, Amplitude est le sp\u00e9cialiste mondial des lasers femtosecondes pour des applications <a href=\"https:\/\/amplitude-laser.com\/fr\/categorie_applications\/industrie\/\">industrielles<\/a>, <a href=\"https:\/\/amplitude-laser.com\/fr\/categorie_applications\/medical-fr\/\">m\u00e9dicales<\/a> et <a href=\"https:\/\/amplitude-laser.com\/fr\/categorie_applications\/science-fr\/\">scientifiques<\/a>. Il combine la recherche et l&rsquo;innovation, l&rsquo;accompagnement de ses clients dans leurs projets et efficacit\u00e9 industrielle. Implant\u00e9 en Europe, Asie et Etats-Unis, Amplitude offre \u00e0 ses clients un service de qualit\u00e9 et de proximit\u00e9.<\/p>\n\n\n\n<h3 class=\"wp-block-heading\"><span style=\"color: #006373;\">Le partenaire de premier plan<\/span><\/h3>\n\n\n\n<p>La technologie du laser femtoseconde s\u2019applique d\u00e9j\u00e0 aujourd\u2019hui \u00e0 de nombreux domaines, tels que la recherche en physique et chimie, la recherche appliqu\u00e9e, l\u2019ophtalmologie, les composants \u00e9lectroniques, les semiconducteurs, etc.<\/p>\n\n\n\n<p>Gr\u00e2ce \u00e0 nos recherches et \u00e0 nos emplacements g\u00e9ographiques, nous pouvons r\u00e9pondre rapidement \u00e0 un champ encore plus large d\u2019applications .<\/p>\n\n\n\n<h3 class=\"wp-block-heading\"><span style=\"color: #006373;\">Les forces qui nous diff\u00e9rencient et nous conduisent en avant<\/span><\/h3>\n\n\n\n<figure class=\"wp-block-gallery has-nested-images columns-default is-cropped wp-block-gallery-1 is-layout-flex wp-block-gallery-is-layout-flex\">\n<figure class=\"wp-block-image size-large\"><img decoding=\"async\" width=\"1890\" height=\"1417\" data-id=\"7150\" src=\"https:\/\/amplitude-laser.com\/wp-content\/uploads\/2021\/09\/Image-profil-4.jpg\" alt=\"\" class=\"wp-image-7150\" srcset=\"https:\/\/amplitude-laser.com\/wp-content\/uploads\/2021\/09\/Image-profil-4.jpg 1890w, https:\/\/amplitude-laser.com\/wp-content\/uploads\/2021\/09\/Image-profil-4-300x225.jpg 300w, https:\/\/amplitude-laser.com\/wp-content\/uploads\/2021\/09\/Image-profil-4-1024x768.jpg 1024w, https:\/\/amplitude-laser.com\/wp-content\/uploads\/2021\/09\/Image-profil-4-768x576.jpg 768w, https:\/\/amplitude-laser.com\/wp-content\/uploads\/2021\/09\/Image-profil-4-1536x1152.jpg 1536w\" sizes=\"(max-width: 1890px) 100vw, 1890px\" \/><\/figure>\n\n\n\n<figure class=\"wp-block-image size-large\"><img decoding=\"async\" width=\"300\" height=\"399\" data-id=\"2334\" src=\"https:\/\/amplitude-laser.com\/wp-content\/uploads\/2018\/12\/Portrait-Amplitude-3-1.jpg\" alt=\"Employ\u00e9s d'Amplitude\" class=\"wp-image-2334\" srcset=\"https:\/\/amplitude-laser.com\/wp-content\/uploads\/2018\/12\/Portrait-Amplitude-3-1.jpg 300w, https:\/\/amplitude-laser.com\/wp-content\/uploads\/2018\/12\/Portrait-Amplitude-3-1-226x300.jpg 226w\" sizes=\"(max-width: 300px) 100vw, 300px\" \/><\/figure>\n\n\n\n<figure class=\"wp-block-image size-large\"><img decoding=\"async\" width=\"1890\" height=\"1417\" data-id=\"7148\" src=\"https:\/\/amplitude-laser.com\/wp-content\/uploads\/2021\/09\/Image-profil-3.jpg\" alt=\"\" class=\"wp-image-7148\" srcset=\"https:\/\/amplitude-laser.com\/wp-content\/uploads\/2021\/09\/Image-profil-3.jpg 1890w, https:\/\/amplitude-laser.com\/wp-content\/uploads\/2021\/09\/Image-profil-3-300x225.jpg 300w, https:\/\/amplitude-laser.com\/wp-content\/uploads\/2021\/09\/Image-profil-3-1024x768.jpg 1024w, https:\/\/amplitude-laser.com\/wp-content\/uploads\/2021\/09\/Image-profil-3-768x576.jpg 768w, https:\/\/amplitude-laser.com\/wp-content\/uploads\/2021\/09\/Image-profil-3-1536x1152.jpg 1536w\" sizes=\"(max-width: 1890px) 100vw, 1890px\" \/><\/figure>\n<\/figure>\n\n\n\n<div style=\"height:30px\" aria-hidden=\"true\" class=\"wp-block-spacer\"><\/div>\n\n\n\n<p><span style=\"color: #ff5100;\"> <strong>Une entreprise multiculturelle<\/strong><\/span><br>Nos employ\u00e9s sont notre plus grande force ! Pour faire face aux enjeux d\u2019aujourd\u2019hui et de demain, Amplitude fait confiance aux savoir-faire et savoir-\u00eatre de l\u2019ensemble de ses collaborateurs. Cette diversit\u00e9 nous singularise mais aussi nous procure de la richesse dans le partage des connaissances.<\/p>\n\n\n\n<p>Amplitude s&rsquo;est vue d\u00e9cern\u00e9e le prix de l&rsquo;initiative VIE par la R\u00e9gion Nouvelle-Aquitaine. <a href=\"https:\/\/youtu.be\/AsNNb1iJDGc\" target=\"_blank\" rel=\"noreferrer noopener\">Voir la vid\u00e9o Amplitude | \u00ab\u00a0Initiative VIE\u00a0\u00bb, prix de l&rsquo;Export 2018<\/a><\/p>\n\n\n\n<div style=\"height:30px\" aria-hidden=\"true\" class=\"wp-block-spacer\"><\/div>\n\n\n\n<p><span style=\"color: #ff5100;\"><strong>L&rsquo;innovation depuis nos d\u00e9buts<\/strong><\/span><br>Depuis sa cr\u00e9ation, Amplitude s\u2019investit chaque jour dans le d\u00e9veloppement et la conception de lasers ultrabrefs performants, fiables et simples d&rsquo;utilisation. Plus qu&rsquo;un simple fabricant de laser, Amplitude est un acteur important de la communaut\u00e9 scientifique et technologique, distingu\u00e9 par plusieurs prix et r\u00e9compenses :<br><span style=\"color: #ff5100;\">&gt;<\/span> 2008 Prix PhAST\/LaserFocus World Innovation pour Amplitude Laser<br><span style=\"color: #ff5100;\">&gt;<\/span> 2012 Prix \u00ab\u00a0Prism Award\u00a0\u00bb du meilleur laser industriel pour notre laser Satsuma, d\u00e9cern\u00e9 \u00e0 San Francisco.<br><span style=\"color: #ff5100;\">&gt;<\/span> 2013 Prix de l\u2019Innovation par l\u2019Insitut National de la Propri\u00e9t\u00e9 Intellectuelle<br><span style=\"color: #ff5100;\">&gt;<\/span> 2016 Prix de la Croissance Internationale par Biznext\/La Tribune<br><span style=\"color: #ff5100;\">&gt;<\/span> 2017 Prix EUREKA pour le meilleur projet de l\u2019ann\u00e9e<br><span style=\"color: #ff5100;\">&gt;<\/span> 2017 Laser Tangor nomin\u00e9 comme meilleur laser industriel durant les Prism Awards de San Francisco<\/p>\n\n\n\n<div style=\"height:30px\" aria-hidden=\"true\" class=\"wp-block-spacer\"><\/div>\n\n\n\n<p><span style=\"color: #ff5100;\"><strong>Qualit\u00e9 et fiabilit\u00e9<\/strong><\/span><br>Leader international des lasers ultrabrefs, Amplitude s&rsquo;engage pour concevoir et produire des lasers fiables et simples d&rsquo;utilisation, selon les meilleures normes de qualit\u00e9 en vigueur, telles que les certifications ISO 9001 et ISO 13485. Nos lasers ultrabrefs sont reconnus pour leur fiabilit\u00e9, leur longue dur\u00e9e de vie et leur simplicit\u00e9 d&rsquo;utilisation.<\/p>\n","protected":false},"excerpt":{"rendered":"<p>Amplitude, le fabricant leader mondial des lasers femtosecondes Le prix Nobel attribu\u00e9 en 2018 \u00e0 Donna Strickland et G\u00e9rard Mourou, pour la technologie du laser femtoseconde,&nbsp;a r\u00e9volutionn\u00e9 la recherche scientifique, les proc\u00e9d\u00e9s de fabrication industrielle et la sant\u00e9.&nbsp; Inspir\u00e9 de cette technologie depuis ses d\u00e9buts, Amplitude est aujourd&rsquo;hui le leader international dans la conception, le [&hellip;]<\/p>\n","protected":false},"author":7,"featured_media":982,"parent":0,"menu_order":4,"comment_status":"closed","ping_status":"closed","template":"","meta":{"_acf_changed":false,"footnotes":""},"class_list":["post-21","page","type-page","status-publish","has-post-thumbnail","hentry"],"acf":[],"yoast_head":"<!-- This site is optimized with the Yoast SEO plugin v27.4 - https:\/\/yoast.com\/product\/yoast-seo-wordpress\/ -->\n<title>\u00c0 propos - Amplitude<\/title>\n<meta name=\"description\" content=\"Amplitude est le sp\u00e9cialiste mondial des lasers ultrabrefs pour applications industrielles, m\u00e9dicales et scientifiques, impl\u00e9ment\u00e9 en Europe, and Asie et US\" \/>\n<meta name=\"robots\" content=\"index, follow, max-snippet:-1, max-image-preview:large, max-video-preview:-1\" \/>\n<link rel=\"canonical\" href=\"https:\/\/amplitude-laser.com\/fr\/a-propos\/\" \/>\n<meta property=\"og:locale\" content=\"fr_FR\" \/>\n<meta property=\"og:type\" content=\"article\" \/>\n<meta property=\"og:title\" content=\"\u00c0 propos - Amplitude\" \/>\n<meta property=\"og:description\" content=\"Amplitude est le sp\u00e9cialiste mondial des lasers ultrabrefs pour applications industrielles, m\u00e9dicales et scientifiques, impl\u00e9ment\u00e9 en Europe, and Asie et US\" \/>\n<meta property=\"og:url\" content=\"https:\/\/amplitude-laser.com\/fr\/a-propos\/\" \/>\n<meta property=\"og:site_name\" content=\"Amplitude\" \/>\n<meta property=\"article:modified_time\" content=\"2022-05-23T12:17:25+00:00\" \/>\n<meta property=\"og:image\" content=\"https:\/\/amplitude-laser.com\/wp-content\/uploads\/2018\/11\/Batiment-Amplitude-Pessac-Vue-aerienne.jpg\" \/>\n\t<meta property=\"og:image:width\" content=\"800\" \/>\n\t<meta property=\"og:image:height\" content=\"533\" \/>\n\t<meta property=\"og:image:type\" content=\"image\/jpeg\" \/>\n<meta name=\"twitter:card\" content=\"summary_large_image\" \/>\n<meta name=\"twitter:label1\" content=\"Dur\u00e9e de lecture estim\u00e9e\" \/>\n\t<meta name=\"twitter:data1\" content=\"3 minutes\" \/>\n<script type=\"application\/ld+json\" class=\"yoast-schema-graph\">{\"@context\":\"https:\\\/\\\/schema.org\",\"@graph\":[{\"@type\":\"WebPage\",\"@id\":\"https:\\\/\\\/amplitude-laser.com\\\/fr\\\/a-propos\\\/\",\"url\":\"https:\\\/\\\/amplitude-laser.com\\\/fr\\\/a-propos\\\/\",\"name\":\"\u00c0 propos - Amplitude\",\"isPartOf\":{\"@id\":\"https:\\\/\\\/amplitude-laser.com\\\/#website\"},\"primaryImageOfPage\":{\"@id\":\"https:\\\/\\\/amplitude-laser.com\\\/fr\\\/a-propos\\\/#primaryimage\"},\"image\":{\"@id\":\"https:\\\/\\\/amplitude-laser.com\\\/fr\\\/a-propos\\\/#primaryimage\"},\"thumbnailUrl\":\"https:\\\/\\\/amplitude-laser.com\\\/wp-content\\\/uploads\\\/2018\\\/11\\\/Batiment-Amplitude-Pessac-Vue-aerienne.jpg\",\"datePublished\":\"2018-08-06T09:13:47+00:00\",\"dateModified\":\"2022-05-23T12:17:25+00:00\",\"description\":\"Amplitude est le sp\u00e9cialiste mondial des lasers ultrabrefs pour applications industrielles, m\u00e9dicales et scientifiques, impl\u00e9ment\u00e9 en Europe, and Asie et US\",\"breadcrumb\":{\"@id\":\"https:\\\/\\\/amplitude-laser.com\\\/fr\\\/a-propos\\\/#breadcrumb\"},\"inLanguage\":\"fr-FR\",\"potentialAction\":[{\"@type\":\"ReadAction\",\"target\":[\"https:\\\/\\\/amplitude-laser.com\\\/fr\\\/a-propos\\\/\"]}]},{\"@type\":\"ImageObject\",\"inLanguage\":\"fr-FR\",\"@id\":\"https:\\\/\\\/amplitude-laser.com\\\/fr\\\/a-propos\\\/#primaryimage\",\"url\":\"https:\\\/\\\/amplitude-laser.com\\\/wp-content\\\/uploads\\\/2018\\\/11\\\/Batiment-Amplitude-Pessac-Vue-aerienne.jpg\",\"contentUrl\":\"https:\\\/\\\/amplitude-laser.com\\\/wp-content\\\/uploads\\\/2018\\\/11\\\/Batiment-Amplitude-Pessac-Vue-aerienne.jpg\",\"width\":800,\"height\":533,\"caption\":\"vue a\u00e9rienne d'Amplitude Pessac\"},{\"@type\":\"BreadcrumbList\",\"@id\":\"https:\\\/\\\/amplitude-laser.com\\\/fr\\\/a-propos\\\/#breadcrumb\",\"itemListElement\":[{\"@type\":\"ListItem\",\"position\":1,\"name\":\"Home\",\"item\":\"https:\\\/\\\/amplitude-laser.com\\\/fr\\\/\"},{\"@type\":\"ListItem\",\"position\":2,\"name\":\"\u00c0 propos\"}]},{\"@type\":\"WebSite\",\"@id\":\"https:\\\/\\\/amplitude-laser.com\\\/#website\",\"url\":\"https:\\\/\\\/amplitude-laser.com\\\/\",\"name\":\"Amplitude\",\"description\":\"Nothing But Ultrafast\",\"publisher\":{\"@id\":\"https:\\\/\\\/amplitude-laser.com\\\/#organization\"},\"alternateName\":\"Amplitude Laser\",\"potentialAction\":[{\"@type\":\"SearchAction\",\"target\":{\"@type\":\"EntryPoint\",\"urlTemplate\":\"https:\\\/\\\/amplitude-laser.com\\\/?s={search_term_string}\"},\"query-input\":{\"@type\":\"PropertyValueSpecification\",\"valueRequired\":true,\"valueName\":\"search_term_string\"}}],\"inLanguage\":\"fr-FR\"},{\"@type\":\"Organization\",\"@id\":\"https:\\\/\\\/amplitude-laser.com\\\/#organization\",\"name\":\"Amplitude Laser\",\"alternateName\":\"Amplitude\",\"url\":\"https:\\\/\\\/amplitude-laser.com\\\/\",\"logo\":{\"@type\":\"ImageObject\",\"inLanguage\":\"fr-FR\",\"@id\":\"https:\\\/\\\/amplitude-laser.com\\\/#\\\/schema\\\/logo\\\/image\\\/\",\"url\":\"https:\\\/\\\/amplitude-laser.com\\\/wp-content\\\/uploads\\\/2018\\\/10\\\/Amplitude.png\",\"contentUrl\":\"https:\\\/\\\/amplitude-laser.com\\\/wp-content\\\/uploads\\\/2018\\\/10\\\/Amplitude.png\",\"width\":999,\"height\":1182,\"caption\":\"Amplitude Laser\"},\"image\":{\"@id\":\"https:\\\/\\\/amplitude-laser.com\\\/#\\\/schema\\\/logo\\\/image\\\/\"}}]}<\/script>\n<!-- \/ Yoast SEO plugin. -->","yoast_head_json":{"title":"\u00c0 propos - Amplitude","description":"Amplitude est le sp\u00e9cialiste mondial des lasers ultrabrefs pour applications industrielles, m\u00e9dicales et scientifiques, impl\u00e9ment\u00e9 en Europe, and Asie et US","robots":{"index":"index","follow":"follow","max-snippet":"max-snippet:-1","max-image-preview":"max-image-preview:large","max-video-preview":"max-video-preview:-1"},"canonical":"https:\/\/amplitude-laser.com\/fr\/a-propos\/","og_locale":"fr_FR","og_type":"article","og_title":"\u00c0 propos - Amplitude","og_description":"Amplitude est le sp\u00e9cialiste mondial des lasers ultrabrefs pour applications industrielles, m\u00e9dicales et scientifiques, impl\u00e9ment\u00e9 en Europe, and Asie et US","og_url":"https:\/\/amplitude-laser.com\/fr\/a-propos\/","og_site_name":"Amplitude","article_modified_time":"2022-05-23T12:17:25+00:00","og_image":[{"width":800,"height":533,"url":"https:\/\/amplitude-laser.com\/wp-content\/uploads\/2018\/11\/Batiment-Amplitude-Pessac-Vue-aerienne.jpg","type":"image\/jpeg"}],"twitter_card":"summary_large_image","twitter_misc":{"Dur\u00e9e de lecture estim\u00e9e":"3 minutes"},"schema":{"@context":"https:\/\/schema.org","@graph":[{"@type":"WebPage","@id":"https:\/\/amplitude-laser.com\/fr\/a-propos\/","url":"https:\/\/amplitude-laser.com\/fr\/a-propos\/","name":"\u00c0 propos - Amplitude","isPartOf":{"@id":"https:\/\/amplitude-laser.com\/#website"},"primaryImageOfPage":{"@id":"https:\/\/amplitude-laser.com\/fr\/a-propos\/#primaryimage"},"image":{"@id":"https:\/\/amplitude-laser.com\/fr\/a-propos\/#primaryimage"},"thumbnailUrl":"https:\/\/amplitude-laser.com\/wp-content\/uploads\/2018\/11\/Batiment-Amplitude-Pessac-Vue-aerienne.jpg","datePublished":"2018-08-06T09:13:47+00:00","dateModified":"2022-05-23T12:17:25+00:00","description":"Amplitude est le sp\u00e9cialiste mondial des lasers ultrabrefs pour applications industrielles, m\u00e9dicales et scientifiques, impl\u00e9ment\u00e9 en Europe, and Asie et US","breadcrumb":{"@id":"https:\/\/amplitude-laser.com\/fr\/a-propos\/#breadcrumb"},"inLanguage":"fr-FR","potentialAction":[{"@type":"ReadAction","target":["https:\/\/amplitude-laser.com\/fr\/a-propos\/"]}]},{"@type":"ImageObject","inLanguage":"fr-FR","@id":"https:\/\/amplitude-laser.com\/fr\/a-propos\/#primaryimage","url":"https:\/\/amplitude-laser.com\/wp-content\/uploads\/2018\/11\/Batiment-Amplitude-Pessac-Vue-aerienne.jpg","contentUrl":"https:\/\/amplitude-laser.com\/wp-content\/uploads\/2018\/11\/Batiment-Amplitude-Pessac-Vue-aerienne.jpg","width":800,"height":533,"caption":"vue a\u00e9rienne d'Amplitude Pessac"},{"@type":"BreadcrumbList","@id":"https:\/\/amplitude-laser.com\/fr\/a-propos\/#breadcrumb","itemListElement":[{"@type":"ListItem","position":1,"name":"Home","item":"https:\/\/amplitude-laser.com\/fr\/"},{"@type":"ListItem","position":2,"name":"\u00c0 propos"}]},{"@type":"WebSite","@id":"https:\/\/amplitude-laser.com\/#website","url":"https:\/\/amplitude-laser.com\/","name":"Amplitude","description":"Nothing But Ultrafast","publisher":{"@id":"https:\/\/amplitude-laser.com\/#organization"},"alternateName":"Amplitude Laser","potentialAction":[{"@type":"SearchAction","target":{"@type":"EntryPoint","urlTemplate":"https:\/\/amplitude-laser.com\/?s={search_term_string}"},"query-input":{"@type":"PropertyValueSpecification","valueRequired":true,"valueName":"search_term_string"}}],"inLanguage":"fr-FR"},{"@type":"Organization","@id":"https:\/\/amplitude-laser.com\/#organization","name":"Amplitude Laser","alternateName":"Amplitude","url":"https:\/\/amplitude-laser.com\/","logo":{"@type":"ImageObject","inLanguage":"fr-FR","@id":"https:\/\/amplitude-laser.com\/#\/schema\/logo\/image\/","url":"https:\/\/amplitude-laser.com\/wp-content\/uploads\/2018\/10\/Amplitude.png","contentUrl":"https:\/\/amplitude-laser.com\/wp-content\/uploads\/2018\/10\/Amplitude.png","width":999,"height":1182,"caption":"Amplitude Laser"},"image":{"@id":"https:\/\/amplitude-laser.com\/#\/schema\/logo\/image\/"}}]}},"_links":{"self":[{"href":"https:\/\/amplitude-laser.com\/fr\/wp-json\/wp\/v2\/pages\/21","targetHints":{"allow":["GET"]}}],"collection":[{"href":"https:\/\/amplitude-laser.com\/fr\/wp-json\/wp\/v2\/pages"}],"about":[{"href":"https:\/\/amplitude-laser.com\/fr\/wp-json\/wp\/v2\/types\/page"}],"author":[{"embeddable":true,"href":"https:\/\/amplitude-laser.com\/fr\/wp-json\/wp\/v2\/users\/7"}],"replies":[{"embeddable":true,"href":"https:\/\/amplitude-laser.com\/fr\/wp-json\/wp\/v2\/comments?post=21"}],"version-history":[{"count":0,"href":"https:\/\/amplitude-laser.com\/fr\/wp-json\/wp\/v2\/pages\/21\/revisions"}],"wp:featuredmedia":[{"embeddable":true,"href":"https:\/\/amplitude-laser.com\/fr\/wp-json\/wp\/v2\/media\/982"}],"wp:attachment":[{"href":"https:\/\/amplitude-laser.com\/fr\/wp-json\/wp\/v2\/media?parent=21"}],"curies":[{"name":"wp","href":"https:\/\/api.w.org\/{rel}","templated":true}]}}