{"id":23,"date":"2018-08-06T11:13:59","date_gmt":"2018-08-06T09:13:59","guid":{"rendered":"http:\/\/localhost\/amplitude\/?page_id=23"},"modified":"2026-02-27T10:43:18","modified_gmt":"2026-02-27T09:43:18","slug":"valeurs","status":"publish","type":"page","link":"https:\/\/amplitude-laser.com\/fr\/valeurs\/","title":{"rendered":"Nos Valeurs"},"content":{"rendered":"\n<h2 class=\"wp-block-heading\"><mark style=\"background-color:rgba(0, 0, 0, 0);color:#ff5100\" class=\"has-inline-color\">Sparking a brighter future <\/mark>with our laser solutions: excellence, innovation, purpose<\/h2>\n\n\n\n<p>Bienvenue chez Amplitude, o\u00f9 notre passion pour l&rsquo;excellence, l&rsquo;innovation et notre vocation nous pousse \u00e0 cr\u00e9er des solutions laser femtoseconde de pointe.<\/p>\n\n\n\n<p>Nous innovons en d\u00e9veloppant des lasers \u00e0 haute performance pour des applications critiques, dans le but d&rsquo;am\u00e9liorer les vies et les industries. Nos lasers ultrarapides sont \u00e0 l&rsquo;origine d&rsquo;innovations majeures, de solutions durables et avanc\u00e9es pour le monde de demain. Qu&rsquo;il s&rsquo;agisse de transformer des processus industriels respectueux de l&rsquo;environnement, de remporter des prix Nobel ou de faire progresser les solutions m\u00e9dicales, notre technologie inspire le changement pour l&rsquo;avenir.<br>Nos solutions apportent la meilleure r\u00e9ponse \u00e0 un besoin clairement identifi\u00e9.<\/p>\n\n\n\n<div style=\"height:30px\" aria-hidden=\"true\" class=\"wp-block-spacer\"><\/div>\n\n\n\n<figure class=\"wp-block-gallery has-nested-images columns-default is-cropped wp-block-gallery-1 is-layout-flex wp-block-gallery-is-layout-flex\">\n<figure class=\"wp-block-image size-large\"><img decoding=\"async\" width=\"1920\" height=\"1280\" data-id=\"4428\" src=\"https:\/\/amplitude-laser.com\/wp-content\/uploads\/2020\/04\/160929_PortraitsAmplitudeSystemes_166.jpg\" alt=\"Amplitude employee\" class=\"wp-image-4428\" srcset=\"https:\/\/amplitude-laser.com\/wp-content\/uploads\/2020\/04\/160929_PortraitsAmplitudeSystemes_166.jpg 1920w, https:\/\/amplitude-laser.com\/wp-content\/uploads\/2020\/04\/160929_PortraitsAmplitudeSystemes_166-300x200.jpg 300w, https:\/\/amplitude-laser.com\/wp-content\/uploads\/2020\/04\/160929_PortraitsAmplitudeSystemes_166-1024x683.jpg 1024w, https:\/\/amplitude-laser.com\/wp-content\/uploads\/2020\/04\/160929_PortraitsAmplitudeSystemes_166-768x512.jpg 768w, https:\/\/amplitude-laser.com\/wp-content\/uploads\/2020\/04\/160929_PortraitsAmplitudeSystemes_166-1536x1024.jpg 1536w\" sizes=\"(max-width: 1920px) 100vw, 1920px\" \/><\/figure>\n\n\n\n<figure class=\"wp-block-image size-large\"><img decoding=\"async\" width=\"300\" height=\"200\" data-id=\"2345\" src=\"https:\/\/amplitude-laser.com\/wp-content\/uploads\/2018\/12\/Portrait-labo3-1.jpg\" alt=\"Employee working on a laser\" class=\"wp-image-2345\"\/><figcaption class=\"wp-element-caption\">Qualit\u00e9 D\u00e9di\u00e9e<\/figcaption><\/figure>\n\n\n\n<figure class=\"wp-block-image size-large\"><img decoding=\"async\" width=\"1904\" height=\"1428\" data-id=\"2343\" src=\"https:\/\/amplitude-laser.com\/wp-content\/uploads\/2018\/12\/Portrait-labo2-1.jpg\" alt=\"Gender equality at Amplitude\" class=\"wp-image-2343\" srcset=\"https:\/\/amplitude-laser.com\/wp-content\/uploads\/2018\/12\/Portrait-labo2-1.jpg 1904w, https:\/\/amplitude-laser.com\/wp-content\/uploads\/2018\/12\/Portrait-labo2-1-300x225.jpg 300w, https:\/\/amplitude-laser.com\/wp-content\/uploads\/2018\/12\/Portrait-labo2-1-768x576.jpg 768w, https:\/\/amplitude-laser.com\/wp-content\/uploads\/2018\/12\/Portrait-labo2-1-1024x768.jpg 1024w\" sizes=\"(max-width: 1904px) 100vw, 1904px\" \/><figcaption class=\"wp-element-caption\">Valeurs d&rsquo;Amplitude<\/figcaption><\/figure>\n<\/figure>\n\n\n\n<div style=\"height:45px\" aria-hidden=\"true\" class=\"wp-block-spacer\"><\/div>\n\n\n\n<div class=\"wp-block-group is-nowrap is-layout-flex wp-container-core-group-is-layout-ad2f72ca wp-block-group-is-layout-flex\">\n<h2 class=\"wp-block-heading\"><mark style=\"background-color:rgba(0, 0, 0, 0);color:#ff5100\" class=\"has-inline-color\">SOLUTIONS LASER<\/mark><\/h2>\n<\/div>\n\n\n\n<p>Chez Amplitude, notre expertise va au-del\u00e0 de la simple cr\u00e9ation de lasers. Nous nous engageons \u00e0 faire progresser les solutions laser compl\u00e8tes en apportant notre expertise dans le contr\u00f4le des lasers, ainsi que dans le contr\u00f4le spatial, temporel et spectral. Cette approche garantit que nos lasers atteignent leur plein potentiel, en stimulant l&rsquo;innovation et en \u00e9largissant les applications dans diverses industries et domaines scientifiques.<\/p>\n\n\n\n<div style=\"height:30px\" aria-hidden=\"true\" class=\"wp-block-spacer\"><\/div>\n\n\n\n<h2 class=\"wp-block-heading has-text-align-right\"><mark style=\"background-color:rgba(0, 0, 0, 0);color:#ff5100\" class=\"has-inline-color\">EXCELLENCE<\/mark><\/h2>\n\n\n\n<p class=\"has-text-align-right\">Nous visons l&rsquo;excellence. Nous garantissons la fiabilit\u00e9, la durabilit\u00e9, la facilit\u00e9 d&rsquo;int\u00e9gration et l&rsquo;efficacit\u00e9 de nos fabrications, en travaillant avec diligence pour respecter les d\u00e9lais et fournir des produits aux performances optimales qui d\u00e9passent constamment vos attentes.<\/p>\n\n\n\n<div style=\"height:30px\" aria-hidden=\"true\" class=\"wp-block-spacer\"><\/div>\n\n\n\n<h2 class=\"wp-block-heading\"><mark style=\"background-color:rgba(0, 0, 0, 0);color:#ff5100\" class=\"has-inline-color\">INNOVATION<\/mark><\/h2>\n\n\n\n<p>L&rsquo;innovation est dans notre ADN. Nous nous effor\u00e7ons en permanence de d\u00e9velopper une technologie laser ultracourte \u00e0 la pointe du progr\u00e8s. Chacune de nos innovations \u00e9tablit des normes industrielles, soulignant notre position de leader mondial en mati\u00e8re de solutions laser ultra-courtes.<\/p>\n\n\n\n<div style=\"height:30px\" aria-hidden=\"true\" class=\"wp-block-spacer\"><\/div>\n\n\n\n<h2 class=\"wp-block-heading has-text-align-right has-text-color has-link-color wp-elements-c54dcb3bf5af83bb164edb3e95fe067b\" style=\"color:#ff5100\"><mark style=\"background-color:rgba(0, 0, 0, 0);color:#ff5100\" class=\"has-inline-color\">OBJECTIF<\/mark><\/h2>\n\n\n\n<p class=\"has-text-align-right\">Notre engagement en faveur de l&rsquo;excellence et de l&rsquo;innovation est toujours motiv\u00e9 par des applications r\u00e9elles, contribuant au d\u00e9ploiement de solutions laser dans divers domaines industriels et scientifiques. Chaque aspect de notre d\u00e9veloppement et de notre conception vise \u00e0 apporter des avantages tangibles qui r\u00e9pondent aux divers besoins de nos clients et partenaires.<\/p>\n\n\n\n<div style=\"height:45px\" aria-hidden=\"true\" class=\"wp-block-spacer\"><\/div>\n\n\n\n<h2 class=\"wp-block-heading\">HUMANITE ET QUALITE<\/h2>\n\n\n\n<div style=\"height:45px\" aria-hidden=\"true\" class=\"wp-block-spacer\"><\/div>\n\n\n\n<div class=\"wp-block-columns is-layout-flex wp-container-core-columns-is-layout-9d6595d7 wp-block-columns-is-layout-flex\">\n<div class=\"wp-block-column is-vertically-aligned-center is-layout-flow wp-block-column-is-layout-flow\" style=\"flex-basis:33.33%\"><div class=\"wp-block-image\">\n<figure class=\"aligncenter size-large is-resized\"><img decoding=\"async\" width=\"683\" height=\"1024\" src=\"https:\/\/amplitude-laser.com\/wp-content\/uploads\/2024\/06\/160929_PortraitsAmplitudeSystemes_045-683x1024.jpg\" alt=\"\" class=\"wp-image-16814\" style=\"width:273px;height:auto\" srcset=\"https:\/\/amplitude-laser.com\/wp-content\/uploads\/2024\/06\/160929_PortraitsAmplitudeSystemes_045-683x1024.jpg 683w, https:\/\/amplitude-laser.com\/wp-content\/uploads\/2024\/06\/160929_PortraitsAmplitudeSystemes_045-200x300.jpg 200w, https:\/\/amplitude-laser.com\/wp-content\/uploads\/2024\/06\/160929_PortraitsAmplitudeSystemes_045-768x1152.jpg 768w, https:\/\/amplitude-laser.com\/wp-content\/uploads\/2024\/06\/160929_PortraitsAmplitudeSystemes_045-1024x1536.jpg 1024w, https:\/\/amplitude-laser.com\/wp-content\/uploads\/2024\/06\/160929_PortraitsAmplitudeSystemes_045-scaled.jpg 1280w\" sizes=\"(max-width: 683px) 100vw, 683px\" \/><\/figure>\n<\/div><\/div>\n\n\n\n<div class=\"wp-block-column is-layout-flow wp-block-column-is-layout-flow\" style=\"flex-basis:66.66%\">\n<p>Chez Amplitude, nous collaborons avec nos clients internationaux, industriels et grands laboratoires scientifiques. Pour eux, nous produisons des lasers de haute technologie qui r\u00e9pondent \u00e0 leurs besoins sp\u00e9cifiques. Anim\u00e9s par l\u2019honn\u00eatet\u00e9 et l\u2019esprit d\u2019entreprendre, les \u00e9quipes d\u2019Amplitude mettent tout en \u0153uvre pour garantir la satisfaction des clients, notamment en leur offrant des produits performants, fiables et de Qualit\u00e9.<\/p>\n\n\n\n<p>Amplitude s\u2019inscrit dans une dynamique d\u2019am\u00e9lioration continue de la Qualit\u00e9. L\u2019entreprise s\u2019appuie sur les standards internationaux<span style=\"color: #006373;\"><span style=\"color: #006373;\">&nbsp;<a href=\"https:\/\/amplitude-laser.com\/wp-content\/uploads\/2024\/01\/17236809-amplitude-laser-9001-v1.pdf\">ISO 9001<\/a>&nbsp;pour ses trois sites de production &#8211; localis\u00e9s \u00e0 Pessac et Lisses en France, et \u00e0 Milpitas en Californie<\/span> &#8211; et&nbsp;<a href=\"https:\/\/amplitude-laser.com\/wp-content\/uploads\/2024\/01\/17236809-amplitude-laser-13485-v1.pdf\">ISO 13485<\/a><\/span> pour son site de Pessac, \u00e9galement<span style=\"color: #006373;\">.<\/span>&nbsp;Notre d\u00e9marche Qualit\u00e9 consiste \u00e0 \u00e9couter nos clients, satisfaire les exigences et \u00e0 am\u00e9liorer continuellement nos produits et processus pour leur fournir le meilleur service.<\/p>\n<\/div>\n<\/div>\n\n\n\n<div style=\"height:30px\" aria-hidden=\"true\" class=\"wp-block-spacer\"><\/div>\n\n\n\n<h2 class=\"wp-block-heading\">INDICES D&rsquo;EGALITE PROFESSIONNELLE FEMMES-HOMMES<\/h2>\n\n\n\n<p>Promouvoir la diversit\u00e9 et l\u2019\u00e9galit\u00e9 entre femmes et hommes a toujours \u00e9t\u00e9 une ambition \u00e9vidente au sein d\u2019Amplitude.<\/p>\n\n\n\n<p>Avec la mise en place de l\u2019index de l\u2019\u00e9galit\u00e9 professionnelle Femmes-Hommes, d\u00e9fini par la loi du 5 septembre 2018 pour la libert\u00e9 de choisir son avenir professionnel, chaque entreprise peut d\u00e9sormais mesurer son positionnement sur cette question. Ainsi, pour l\u2019ann\u00e9e 2025, les entit\u00e9s d\u2019Amplitude en France obtiennent un score favorable de 85\/100. Pour nos \u00e9quipes, ce suivi est avant tout une source de motivation importante pour continuer \u00e0 favoriser autant que possible l\u2019\u00e9quit\u00e9 professionnelle et salariale et lutter contre les discriminations, notamment via le soutien des candidatures de femmes dans nos process de recrutement et la promotion de la fili\u00e8re photonique aupr\u00e8s des \u00e9l\u00e8ves, des \u00e9tudiants et du corps enseignant.<\/p>\n","protected":false},"excerpt":{"rendered":"<p>Sparking a brighter future with our laser solutions: excellence, innovation, purpose Bienvenue chez Amplitude, o\u00f9 notre passion pour l&rsquo;excellence, l&rsquo;innovation et notre vocation nous pousse \u00e0 cr\u00e9er des solutions laser femtoseconde de pointe. Nous innovons en d\u00e9veloppant des lasers \u00e0 haute performance pour des applications critiques, dans le but d&rsquo;am\u00e9liorer les vies et les industries. [&hellip;]<\/p>\n","protected":false},"author":7,"featured_media":2342,"parent":0,"menu_order":43,"comment_status":"closed","ping_status":"closed","template":"","meta":{"_acf_changed":false,"footnotes":""},"class_list":["post-23","page","type-page","status-publish","has-post-thumbnail","hentry"],"acf":[],"yoast_head":"<!-- This site is optimized with the Yoast SEO plugin v27.3 - https:\/\/yoast.com\/product\/yoast-seo-wordpress\/ -->\n<title>Nos valeurs - Amplitude<\/title>\n<meta name=\"description\" content=\"L&#039;humain et la qualit\u00e9 sont au coeur de ses valeurs d&#039;Amplitude. Chaque jour depuis sa cr\u00e9ation en 2001, ces principes guident la qualit\u00e9 de vie au travail\" \/>\n<meta name=\"robots\" content=\"index, follow, max-snippet:-1, max-image-preview:large, max-video-preview:-1\" \/>\n<link rel=\"canonical\" href=\"https:\/\/amplitude-laser.com\/fr\/valeurs\/\" \/>\n<meta property=\"og:locale\" content=\"fr_FR\" \/>\n<meta property=\"og:type\" content=\"article\" \/>\n<meta property=\"og:title\" content=\"Nos valeurs - Amplitude\" \/>\n<meta property=\"og:description\" content=\"L&#039;humain et la qualit\u00e9 sont au coeur de ses valeurs d&#039;Amplitude. Chaque jour depuis sa cr\u00e9ation en 2001, ces principes guident la qualit\u00e9 de vie au travail\" \/>\n<meta property=\"og:url\" content=\"https:\/\/amplitude-laser.com\/fr\/valeurs\/\" \/>\n<meta property=\"og:site_name\" content=\"Amplitude\" \/>\n<meta property=\"article:modified_time\" content=\"2026-02-27T09:43:18+00:00\" \/>\n<meta property=\"og:image\" content=\"https:\/\/amplitude-laser.com\/wp-content\/uploads\/2018\/12\/Portrait-labo2-1.jpg\" \/>\n\t<meta property=\"og:image:width\" content=\"1904\" \/>\n\t<meta property=\"og:image:height\" content=\"1428\" \/>\n\t<meta property=\"og:image:type\" content=\"image\/jpeg\" \/>\n<meta name=\"twitter:card\" content=\"summary_large_image\" \/>\n<meta name=\"twitter:label1\" content=\"Dur\u00e9e de lecture estim\u00e9e\" \/>\n\t<meta name=\"twitter:data1\" content=\"4 minutes\" \/>\n<script type=\"application\/ld+json\" class=\"yoast-schema-graph\">{\"@context\":\"https:\\\/\\\/schema.org\",\"@graph\":[{\"@type\":\"WebPage\",\"@id\":\"https:\\\/\\\/amplitude-laser.com\\\/fr\\\/valeurs\\\/\",\"url\":\"https:\\\/\\\/amplitude-laser.com\\\/fr\\\/valeurs\\\/\",\"name\":\"Nos valeurs - Amplitude\",\"isPartOf\":{\"@id\":\"https:\\\/\\\/amplitude-laser.com\\\/#website\"},\"primaryImageOfPage\":{\"@id\":\"https:\\\/\\\/amplitude-laser.com\\\/fr\\\/valeurs\\\/#primaryimage\"},\"image\":{\"@id\":\"https:\\\/\\\/amplitude-laser.com\\\/fr\\\/valeurs\\\/#primaryimage\"},\"thumbnailUrl\":\"https:\\\/\\\/amplitude-laser.com\\\/wp-content\\\/uploads\\\/2018\\\/12\\\/Portrait-labo2-1.jpg\",\"datePublished\":\"2018-08-06T09:13:59+00:00\",\"dateModified\":\"2026-02-27T09:43:18+00:00\",\"description\":\"L'humain et la qualit\u00e9 sont au coeur de ses valeurs d'Amplitude. Chaque jour depuis sa cr\u00e9ation en 2001, ces principes guident la qualit\u00e9 de vie au travail\",\"breadcrumb\":{\"@id\":\"https:\\\/\\\/amplitude-laser.com\\\/fr\\\/valeurs\\\/#breadcrumb\"},\"inLanguage\":\"fr-FR\",\"potentialAction\":[{\"@type\":\"ReadAction\",\"target\":[\"https:\\\/\\\/amplitude-laser.com\\\/fr\\\/valeurs\\\/\"]}]},{\"@type\":\"ImageObject\",\"inLanguage\":\"fr-FR\",\"@id\":\"https:\\\/\\\/amplitude-laser.com\\\/fr\\\/valeurs\\\/#primaryimage\",\"url\":\"https:\\\/\\\/amplitude-laser.com\\\/wp-content\\\/uploads\\\/2018\\\/12\\\/Portrait-labo2-1.jpg\",\"contentUrl\":\"https:\\\/\\\/amplitude-laser.com\\\/wp-content\\\/uploads\\\/2018\\\/12\\\/Portrait-labo2-1.jpg\",\"width\":1904,\"height\":1428,\"caption\":\"Egalit\u00e9 hommes-femmes au sein d'Amplitude\"},{\"@type\":\"BreadcrumbList\",\"@id\":\"https:\\\/\\\/amplitude-laser.com\\\/fr\\\/valeurs\\\/#breadcrumb\",\"itemListElement\":[{\"@type\":\"ListItem\",\"position\":1,\"name\":\"Home\",\"item\":\"https:\\\/\\\/amplitude-laser.com\\\/fr\\\/\"},{\"@type\":\"ListItem\",\"position\":2,\"name\":\"Nos Valeurs\"}]},{\"@type\":\"WebSite\",\"@id\":\"https:\\\/\\\/amplitude-laser.com\\\/#website\",\"url\":\"https:\\\/\\\/amplitude-laser.com\\\/\",\"name\":\"Amplitude\",\"description\":\"Nothing But Ultrafast\",\"publisher\":{\"@id\":\"https:\\\/\\\/amplitude-laser.com\\\/#organization\"},\"alternateName\":\"Amplitude Laser\",\"potentialAction\":[{\"@type\":\"SearchAction\",\"target\":{\"@type\":\"EntryPoint\",\"urlTemplate\":\"https:\\\/\\\/amplitude-laser.com\\\/?s={search_term_string}\"},\"query-input\":{\"@type\":\"PropertyValueSpecification\",\"valueRequired\":true,\"valueName\":\"search_term_string\"}}],\"inLanguage\":\"fr-FR\"},{\"@type\":\"Organization\",\"@id\":\"https:\\\/\\\/amplitude-laser.com\\\/#organization\",\"name\":\"Amplitude Laser\",\"alternateName\":\"Amplitude\",\"url\":\"https:\\\/\\\/amplitude-laser.com\\\/\",\"logo\":{\"@type\":\"ImageObject\",\"inLanguage\":\"fr-FR\",\"@id\":\"https:\\\/\\\/amplitude-laser.com\\\/#\\\/schema\\\/logo\\\/image\\\/\",\"url\":\"https:\\\/\\\/amplitude-laser.com\\\/wp-content\\\/uploads\\\/2018\\\/10\\\/Amplitude.png\",\"contentUrl\":\"https:\\\/\\\/amplitude-laser.com\\\/wp-content\\\/uploads\\\/2018\\\/10\\\/Amplitude.png\",\"width\":999,\"height\":1182,\"caption\":\"Amplitude Laser\"},\"image\":{\"@id\":\"https:\\\/\\\/amplitude-laser.com\\\/#\\\/schema\\\/logo\\\/image\\\/\"}}]}<\/script>\n<!-- \/ Yoast SEO plugin. -->","yoast_head_json":{"title":"Nos valeurs - Amplitude","description":"L'humain et la qualit\u00e9 sont au coeur de ses valeurs d'Amplitude. Chaque jour depuis sa cr\u00e9ation en 2001, ces principes guident la qualit\u00e9 de vie au travail","robots":{"index":"index","follow":"follow","max-snippet":"max-snippet:-1","max-image-preview":"max-image-preview:large","max-video-preview":"max-video-preview:-1"},"canonical":"https:\/\/amplitude-laser.com\/fr\/valeurs\/","og_locale":"fr_FR","og_type":"article","og_title":"Nos valeurs - Amplitude","og_description":"L'humain et la qualit\u00e9 sont au coeur de ses valeurs d'Amplitude. Chaque jour depuis sa cr\u00e9ation en 2001, ces principes guident la qualit\u00e9 de vie au travail","og_url":"https:\/\/amplitude-laser.com\/fr\/valeurs\/","og_site_name":"Amplitude","article_modified_time":"2026-02-27T09:43:18+00:00","og_image":[{"width":1904,"height":1428,"url":"https:\/\/amplitude-laser.com\/wp-content\/uploads\/2018\/12\/Portrait-labo2-1.jpg","type":"image\/jpeg"}],"twitter_card":"summary_large_image","twitter_misc":{"Dur\u00e9e de lecture estim\u00e9e":"4 minutes"},"schema":{"@context":"https:\/\/schema.org","@graph":[{"@type":"WebPage","@id":"https:\/\/amplitude-laser.com\/fr\/valeurs\/","url":"https:\/\/amplitude-laser.com\/fr\/valeurs\/","name":"Nos valeurs - Amplitude","isPartOf":{"@id":"https:\/\/amplitude-laser.com\/#website"},"primaryImageOfPage":{"@id":"https:\/\/amplitude-laser.com\/fr\/valeurs\/#primaryimage"},"image":{"@id":"https:\/\/amplitude-laser.com\/fr\/valeurs\/#primaryimage"},"thumbnailUrl":"https:\/\/amplitude-laser.com\/wp-content\/uploads\/2018\/12\/Portrait-labo2-1.jpg","datePublished":"2018-08-06T09:13:59+00:00","dateModified":"2026-02-27T09:43:18+00:00","description":"L'humain et la qualit\u00e9 sont au coeur de ses valeurs d'Amplitude. Chaque jour depuis sa cr\u00e9ation en 2001, ces principes guident la qualit\u00e9 de vie au travail","breadcrumb":{"@id":"https:\/\/amplitude-laser.com\/fr\/valeurs\/#breadcrumb"},"inLanguage":"fr-FR","potentialAction":[{"@type":"ReadAction","target":["https:\/\/amplitude-laser.com\/fr\/valeurs\/"]}]},{"@type":"ImageObject","inLanguage":"fr-FR","@id":"https:\/\/amplitude-laser.com\/fr\/valeurs\/#primaryimage","url":"https:\/\/amplitude-laser.com\/wp-content\/uploads\/2018\/12\/Portrait-labo2-1.jpg","contentUrl":"https:\/\/amplitude-laser.com\/wp-content\/uploads\/2018\/12\/Portrait-labo2-1.jpg","width":1904,"height":1428,"caption":"Egalit\u00e9 hommes-femmes au sein d'Amplitude"},{"@type":"BreadcrumbList","@id":"https:\/\/amplitude-laser.com\/fr\/valeurs\/#breadcrumb","itemListElement":[{"@type":"ListItem","position":1,"name":"Home","item":"https:\/\/amplitude-laser.com\/fr\/"},{"@type":"ListItem","position":2,"name":"Nos Valeurs"}]},{"@type":"WebSite","@id":"https:\/\/amplitude-laser.com\/#website","url":"https:\/\/amplitude-laser.com\/","name":"Amplitude","description":"Nothing But Ultrafast","publisher":{"@id":"https:\/\/amplitude-laser.com\/#organization"},"alternateName":"Amplitude Laser","potentialAction":[{"@type":"SearchAction","target":{"@type":"EntryPoint","urlTemplate":"https:\/\/amplitude-laser.com\/?s={search_term_string}"},"query-input":{"@type":"PropertyValueSpecification","valueRequired":true,"valueName":"search_term_string"}}],"inLanguage":"fr-FR"},{"@type":"Organization","@id":"https:\/\/amplitude-laser.com\/#organization","name":"Amplitude Laser","alternateName":"Amplitude","url":"https:\/\/amplitude-laser.com\/","logo":{"@type":"ImageObject","inLanguage":"fr-FR","@id":"https:\/\/amplitude-laser.com\/#\/schema\/logo\/image\/","url":"https:\/\/amplitude-laser.com\/wp-content\/uploads\/2018\/10\/Amplitude.png","contentUrl":"https:\/\/amplitude-laser.com\/wp-content\/uploads\/2018\/10\/Amplitude.png","width":999,"height":1182,"caption":"Amplitude Laser"},"image":{"@id":"https:\/\/amplitude-laser.com\/#\/schema\/logo\/image\/"}}]}},"_links":{"self":[{"href":"https:\/\/amplitude-laser.com\/fr\/wp-json\/wp\/v2\/pages\/23","targetHints":{"allow":["GET"]}}],"collection":[{"href":"https:\/\/amplitude-laser.com\/fr\/wp-json\/wp\/v2\/pages"}],"about":[{"href":"https:\/\/amplitude-laser.com\/fr\/wp-json\/wp\/v2\/types\/page"}],"author":[{"embeddable":true,"href":"https:\/\/amplitude-laser.com\/fr\/wp-json\/wp\/v2\/users\/7"}],"replies":[{"embeddable":true,"href":"https:\/\/amplitude-laser.com\/fr\/wp-json\/wp\/v2\/comments?post=23"}],"version-history":[{"count":1,"href":"https:\/\/amplitude-laser.com\/fr\/wp-json\/wp\/v2\/pages\/23\/revisions"}],"predecessor-version":[{"id":20304,"href":"https:\/\/amplitude-laser.com\/fr\/wp-json\/wp\/v2\/pages\/23\/revisions\/20304"}],"wp:featuredmedia":[{"embeddable":true,"href":"https:\/\/amplitude-laser.com\/fr\/wp-json\/wp\/v2\/media\/2342"}],"wp:attachment":[{"href":"https:\/\/amplitude-laser.com\/fr\/wp-json\/wp\/v2\/media?parent=23"}],"curies":[{"name":"wp","href":"https:\/\/api.w.org\/{rel}","templated":true}]}}