{"id":637,"date":"2018-10-23T11:42:51","date_gmt":"2018-10-23T09:42:51","guid":{"rendered":"http:\/\/localhost\/amplitude\/?page_id=637"},"modified":"2024-06-20T15:58:05","modified_gmt":"2024-06-20T13:58:05","slug":"mentions-legales","status":"publish","type":"page","link":"https:\/\/amplitude-laser.com\/fr\/mentions-legales\/","title":{"rendered":"Mentions l\u00e9gales"},"content":{"rendered":"<div class=\"col-12 entry-content\">\n<h2>1. Utilisation du site<\/h2>\n<p>Le site amplitude-laser.com est accessible publiquement a\u0300 toute personne majeure ayant un acc\u00e8s \u00e0 Internet. Nous mettons en place tous les moyens n\u00e9cessaires pour apporter la meilleure exp\u00e9rience de navigation sur le site et ses contenus, sans garantir l\u2019exhaustivit\u00e9 des informations. Nous nous engageons a\u0300 faire nos meilleurs efforts pour assurer une accessibilit\u00e9 optimale du site, et nous r\u00e9servons le droit de faire corriger et actualiser a\u0300 tout moment et sans pr\u00e9avis ses contenus et leurs accessibilit\u00e9s. Nous ne saurions \u00eatre responsables des dommages directs, indirects ou autres, qui pourraient r\u00e9sulter de l\u2019acc\u00e8s ou de l\u2019utilisation du site ou des informations y figurant. Nous d\u00e9clinons toute responsabilit\u00e9, pour quelque cause que ce soit, en cas d\u2019erreur ou d\u2019omission quant au contenu du site, de m\u00eame qu\u2019en cas d\u2019interruption, de probl\u00e8mes techniques, y compris de connexion sur le site, ou de non-disponibilit\u00e9 du site.<\/p>\n<p>Nous nous r\u00e9servons le droit, pour quelque motif que ce soit et sans avis pr\u00e9alable, de modifier, suspendre ou d\u2019interrompre l\u2019acc\u00e8s a\u0300 tout ou partie du site. De m\u00eame, nous nous r\u00e9servons le droit de modifier le contenu des pages \u00e0 tout moment, sans pr\u00e9avis et ne pourra \u00eatre tenu responsable des cons\u00e9quences de telles modifications.<\/p>\n<p data-wpmeteor-mouseover=\"true\">Les utilisateurs sont responsables de leur usage du site et des contenus consultables. Les informations pr\u00e9sent\u00e9es sur le site sont communiqu\u00e9es au public, mais elles ne peuvent \u00eatre utilis\u00e9es par les utilisateurs \u00e0 des fins commerciales ou publicitaires. Nous ne pouvons en aucun cas \u00eatre tenu responsables des cons\u00e9quences de l\u2019utilisation des contenus du site et de tout contenu t\u00e9l\u00e9charg\u00e9 ou copiable \u00e0 partir du site.<\/p>\n<p>Nous ne garantissons pas le fait que le serveur accueillant le site soit exempt de virus, d\u2019autres infections logiques, ou qu\u2019il puisse survenir un probl\u00e8me technique ou une d\u00e9t\u00e9rioration qui pourrait endommager les composants du terminal qui se connecte au site, ou des donn\u00e9es qui pourraient y \u00eatre stock\u00e9es. Notre responsabilit\u00e9 ne saurait en aucun cas \u00eatre recherch\u00e9e dans les cas suivants : interruptions momentan\u00e9es pour la mise a\u0300 jour de certains fichiers, difficult\u00e9s de fonctionnement ou interruption momentan\u00e9e de ses services, notamment en cas d\u2019interruption des services d\u2019\u00e9lectricit\u00e9 ou de t\u00e9l\u00e9communications, interruptions momentan\u00e9es des services n\u00e9cessaires a\u0300 leurs \u00e9volutions ou maintenance, d\u00e9faillance ou dysfonctionnements du r\u00e9seau Internet dans la transmission de messages ou documents. Nous ne pourrons voir notre responsabilit\u00e9 engag\u00e9e pour les inconv\u00e9nients et dommages relatifs a\u0300 l\u2019utilisation du r\u00e9seau internet tels notamment, une rupture dans le service, la pr\u00e9sence de virus informatiques ou intrusions ext\u00e9rieures ou plus g\u00e9n\u00e9ralement tous cas qualifi\u00e9s de force majeure par les tribunaux.<\/p>\n<h2>2. Donn\u00e9es personnelles et gestion des cookies<\/h2>\n<p>La gestion des donn\u00e9es personnelles rel\u00e8ve de la Politique de confidentialit\u00e9 disponible en pied de page du site. La gestion des cookies rel\u00e8ve de la Politique de gestion des cookies disponible en pied de page du site.<\/p>\n<h2>3. Propri\u00e9t\u00e9 intellectuelle<\/h2>\n<p>Le site amplitude-laser.com, les \u00e9l\u00e9ments graphiques, textuels, informatiques, images et sons (etc.) qui les composent sont prot\u00e9g\u00e9s par le droit de la propri\u00e9t\u00e9 intellectuelle et industrielle. Tous les \u00e9l\u00e9ments, marques ou autre propri\u00e9t\u00e9 intellectuelle sur le site sont notre propri\u00e9t\u00e9 et sont soumis au droit de la propri\u00e9t\u00e9 intellectuelle et industrielle. Aucune reproduction, repr\u00e9sentation, modification, adaptation, traduction en tout ou partie, \u00e0 titre gratuit ou on\u00e9reux n\u2019est autoris\u00e9e, sans notre accord \u00e9crit pr\u00e9alable et express. La cr\u00e9ation de liens hypertextes vers l\u2019une des pages du site amplitude-laser.com est soumise \u00e0 notre accord \u00e9crit pr\u00e9alable, dans les m\u00eames formes, r\u00e9serves et conditions.<\/p>\n<h2>4. Liens hypertextes<\/h2>\n<p>Le site amplitude-laser.com est susceptible de proposer des liens vers d\u2019autres sites Internet ind\u00e9pendants de lui ou d\u2019autres ressources web g\u00e9r\u00e9s par des tiers, qui sont soumis a\u0300 leurs propres mentions l\u00e9gales, conditions d\u2019utilisation et politiques de confidentialit\u00e9. Nous ne pouvons exercer aucun contr\u00f4le sur ces sites Internet et ressources, en cons\u00e9quence de quoi nous ne saurions \u00eatre tenus responsables de leur accessibilit\u00e9, de leurs contenus et de leur modalit\u00e9 d\u2019utilisation.<\/p>\n<p>Nous d\u00e9clinons par ailleurs toute garantie et responsabilit\u00e9 quant aux sites Internet qui poss\u00e8dent un lien vers le site amplitude-laser.com ou ses contenus.<\/p>\n<h2>5. Informations sur le site amplitude-laser.com<\/h2>\n<p>Le site est \u00e9dit\u00e9 par la soci\u00e9t\u00e9 AMPLITUDE, SA dont le si\u00e8ge social est sis 11 Avenue de Canteranne, 33600 PESSAC, immatricul\u00e9e au registre du commerce et des soci\u00e9t\u00e9s de Bordeaux sous le n\u00b0 434 637 005, et sous num\u00e9ro de TVA intracommunautaire n\u00b0 FR70434637005<\/p>\n<p>Tous les droits sur le site sont la propri\u00e9t\u00e9 de l\u2019\u00e9diteur.<\/p>\n<p><strong>Coordonn\u00e9es\u00a0:<\/strong><br \/>\n05 56 46 40 60<br \/>\n<a href=\"https:\/\/amplitude-laser.com\/fr\/contact\/\">https:\/\/amplitude-laser.com\/fr\/contact\/<\/a><\/p>\n<p><strong>Le directeur de la publication du site <\/strong>est Damien BUET.<\/p>\n<p>Le site est h\u00e9berg\u00e9 par OVH : 2 rue Kellermann, 59100 Roubaix \u2013 France \u2013 https:\/\/www.ovh.com.<\/p>\n<p><strong>D\u00e9veloppeur web :<br \/>\n<\/strong>Thibaut Soufflet \/ Tibow Webdesign<br \/>\n63 B rue Adrien Allard, 33520 Bruges<br \/>\n<a href=\"https:\/\/www.thibautsoufflet.fr\" target=\"_blank\" rel=\"noreferrer noopener nofollow\">www.thibautsoufflet.fr<\/a><\/p>\n<h2>6. Loi applicable et mise \u00e0 jour<\/h2>\n<p>Les pr\u00e9sentes Mentions l\u00e9gales, le site amplitude-laser.com, son utilisation, sa disponibilit\u00e9 ou son indisponibilit\u00e9, rel\u00e8vent de la loi fran\u00e7aise et des tribunaux fran\u00e7ais.<\/p>\n<p>Nous nous r\u00e9servons le droit de modifier et mettre \u00e0 jour \u00e0 tout moment l\u2019acc\u00e8s au site, ainsi que les pr\u00e9sentes Mentions l\u00e9gales. Ces modifications et mises \u00e0 jour s\u2019imposent \u00e0 l\u2019utilisateur qui doit en cons\u00e9quence se r\u00e9f\u00e9rer r\u00e9guli\u00e8rement \u00e0 cette rubrique pour v\u00e9rifier les mentions en vigueur.<\/p>\n<p class=\"has-text-align-center\" style=\"text-align: left;\"><em>Mise \u00e0 jour au 19 avril 2024 \u2013 Tous droits r\u00e9serv\u00e9s<\/em><\/p>\n<\/div>\n","protected":false},"excerpt":{"rendered":"<p>1. Utilisation du site Le site amplitude-laser.com est accessible publiquement a\u0300 toute personne majeure ayant un acc\u00e8s \u00e0 Internet. Nous mettons en place tous les moyens n\u00e9cessaires pour apporter la meilleure exp\u00e9rience de navigation sur le site et ses contenus, sans garantir l\u2019exhaustivit\u00e9 des informations. Nous nous engageons a\u0300 faire nos meilleurs efforts pour assurer [&hellip;]<\/p>\n","protected":false},"author":7,"featured_media":0,"parent":0,"menu_order":33,"comment_status":"closed","ping_status":"closed","template":"","meta":{"_acf_changed":false,"footnotes":""},"class_list":["post-637","page","type-page","status-publish","hentry"],"acf":[],"yoast_head":"<!-- This site is optimized with the Yoast SEO plugin v27.3 - https:\/\/yoast.com\/product\/yoast-seo-wordpress\/ -->\n<title>Mentions l\u00e9gales - Amplitude<\/title>\n<meta name=\"description\" content=\"Mentions l\u00e9gales du site de Amplitude Laser\" \/>\n<meta name=\"robots\" content=\"noindex, nofollow\" \/>\n<meta property=\"og:locale\" content=\"fr_FR\" \/>\n<meta property=\"og:type\" content=\"article\" \/>\n<meta property=\"og:title\" content=\"Mentions l\u00e9gales - Amplitude\" \/>\n<meta property=\"og:description\" content=\"Mentions l\u00e9gales du site de Amplitude Laser\" \/>\n<meta property=\"og:url\" content=\"https:\/\/amplitude-laser.com\/fr\/mentions-legales\/\" \/>\n<meta property=\"og:site_name\" content=\"Amplitude\" \/>\n<meta property=\"article:modified_time\" content=\"2024-06-20T13:58:05+00:00\" \/>\n<meta name=\"twitter:card\" content=\"summary_large_image\" \/>\n<meta name=\"twitter:label1\" content=\"Dur\u00e9e de lecture estim\u00e9e\" \/>\n\t<meta name=\"twitter:data1\" content=\"4 minutes\" \/>\n<script type=\"application\/ld+json\" class=\"yoast-schema-graph\">{\"@context\":\"https:\\\/\\\/schema.org\",\"@graph\":[{\"@type\":\"WebPage\",\"@id\":\"https:\\\/\\\/amplitude-laser.com\\\/fr\\\/mentions-legales\\\/\",\"url\":\"https:\\\/\\\/amplitude-laser.com\\\/fr\\\/mentions-legales\\\/\",\"name\":\"Mentions l\u00e9gales - Amplitude\",\"isPartOf\":{\"@id\":\"https:\\\/\\\/amplitude-laser.com\\\/#website\"},\"datePublished\":\"2018-10-23T09:42:51+00:00\",\"dateModified\":\"2024-06-20T13:58:05+00:00\",\"description\":\"Mentions l\u00e9gales du site de Amplitude Laser\",\"breadcrumb\":{\"@id\":\"https:\\\/\\\/amplitude-laser.com\\\/fr\\\/mentions-legales\\\/#breadcrumb\"},\"inLanguage\":\"fr-FR\",\"potentialAction\":[{\"@type\":\"ReadAction\",\"target\":[\"https:\\\/\\\/amplitude-laser.com\\\/fr\\\/mentions-legales\\\/\"]}]},{\"@type\":\"BreadcrumbList\",\"@id\":\"https:\\\/\\\/amplitude-laser.com\\\/fr\\\/mentions-legales\\\/#breadcrumb\",\"itemListElement\":[{\"@type\":\"ListItem\",\"position\":1,\"name\":\"Home\",\"item\":\"https:\\\/\\\/amplitude-laser.com\\\/fr\\\/\"},{\"@type\":\"ListItem\",\"position\":2,\"name\":\"Mentions l\u00e9gales\"}]},{\"@type\":\"WebSite\",\"@id\":\"https:\\\/\\\/amplitude-laser.com\\\/#website\",\"url\":\"https:\\\/\\\/amplitude-laser.com\\\/\",\"name\":\"Amplitude\",\"description\":\"Nothing But Ultrafast\",\"publisher\":{\"@id\":\"https:\\\/\\\/amplitude-laser.com\\\/#organization\"},\"alternateName\":\"Amplitude Laser\",\"potentialAction\":[{\"@type\":\"SearchAction\",\"target\":{\"@type\":\"EntryPoint\",\"urlTemplate\":\"https:\\\/\\\/amplitude-laser.com\\\/?s={search_term_string}\"},\"query-input\":{\"@type\":\"PropertyValueSpecification\",\"valueRequired\":true,\"valueName\":\"search_term_string\"}}],\"inLanguage\":\"fr-FR\"},{\"@type\":\"Organization\",\"@id\":\"https:\\\/\\\/amplitude-laser.com\\\/#organization\",\"name\":\"Amplitude Laser\",\"alternateName\":\"Amplitude\",\"url\":\"https:\\\/\\\/amplitude-laser.com\\\/\",\"logo\":{\"@type\":\"ImageObject\",\"inLanguage\":\"fr-FR\",\"@id\":\"https:\\\/\\\/amplitude-laser.com\\\/#\\\/schema\\\/logo\\\/image\\\/\",\"url\":\"https:\\\/\\\/amplitude-laser.com\\\/wp-content\\\/uploads\\\/2018\\\/10\\\/Amplitude.png\",\"contentUrl\":\"https:\\\/\\\/amplitude-laser.com\\\/wp-content\\\/uploads\\\/2018\\\/10\\\/Amplitude.png\",\"width\":999,\"height\":1182,\"caption\":\"Amplitude Laser\"},\"image\":{\"@id\":\"https:\\\/\\\/amplitude-laser.com\\\/#\\\/schema\\\/logo\\\/image\\\/\"}}]}<\/script>\n<!-- \/ Yoast SEO plugin. -->","yoast_head_json":{"title":"Mentions l\u00e9gales - Amplitude","description":"Mentions l\u00e9gales du site de Amplitude Laser","robots":{"index":"noindex","follow":"nofollow"},"og_locale":"fr_FR","og_type":"article","og_title":"Mentions l\u00e9gales - Amplitude","og_description":"Mentions l\u00e9gales du site de Amplitude Laser","og_url":"https:\/\/amplitude-laser.com\/fr\/mentions-legales\/","og_site_name":"Amplitude","article_modified_time":"2024-06-20T13:58:05+00:00","twitter_card":"summary_large_image","twitter_misc":{"Dur\u00e9e de lecture estim\u00e9e":"4 minutes"},"schema":{"@context":"https:\/\/schema.org","@graph":[{"@type":"WebPage","@id":"https:\/\/amplitude-laser.com\/fr\/mentions-legales\/","url":"https:\/\/amplitude-laser.com\/fr\/mentions-legales\/","name":"Mentions l\u00e9gales - Amplitude","isPartOf":{"@id":"https:\/\/amplitude-laser.com\/#website"},"datePublished":"2018-10-23T09:42:51+00:00","dateModified":"2024-06-20T13:58:05+00:00","description":"Mentions l\u00e9gales du site de Amplitude Laser","breadcrumb":{"@id":"https:\/\/amplitude-laser.com\/fr\/mentions-legales\/#breadcrumb"},"inLanguage":"fr-FR","potentialAction":[{"@type":"ReadAction","target":["https:\/\/amplitude-laser.com\/fr\/mentions-legales\/"]}]},{"@type":"BreadcrumbList","@id":"https:\/\/amplitude-laser.com\/fr\/mentions-legales\/#breadcrumb","itemListElement":[{"@type":"ListItem","position":1,"name":"Home","item":"https:\/\/amplitude-laser.com\/fr\/"},{"@type":"ListItem","position":2,"name":"Mentions l\u00e9gales"}]},{"@type":"WebSite","@id":"https:\/\/amplitude-laser.com\/#website","url":"https:\/\/amplitude-laser.com\/","name":"Amplitude","description":"Nothing But Ultrafast","publisher":{"@id":"https:\/\/amplitude-laser.com\/#organization"},"alternateName":"Amplitude Laser","potentialAction":[{"@type":"SearchAction","target":{"@type":"EntryPoint","urlTemplate":"https:\/\/amplitude-laser.com\/?s={search_term_string}"},"query-input":{"@type":"PropertyValueSpecification","valueRequired":true,"valueName":"search_term_string"}}],"inLanguage":"fr-FR"},{"@type":"Organization","@id":"https:\/\/amplitude-laser.com\/#organization","name":"Amplitude Laser","alternateName":"Amplitude","url":"https:\/\/amplitude-laser.com\/","logo":{"@type":"ImageObject","inLanguage":"fr-FR","@id":"https:\/\/amplitude-laser.com\/#\/schema\/logo\/image\/","url":"https:\/\/amplitude-laser.com\/wp-content\/uploads\/2018\/10\/Amplitude.png","contentUrl":"https:\/\/amplitude-laser.com\/wp-content\/uploads\/2018\/10\/Amplitude.png","width":999,"height":1182,"caption":"Amplitude Laser"},"image":{"@id":"https:\/\/amplitude-laser.com\/#\/schema\/logo\/image\/"}}]}},"_links":{"self":[{"href":"https:\/\/amplitude-laser.com\/fr\/wp-json\/wp\/v2\/pages\/637","targetHints":{"allow":["GET"]}}],"collection":[{"href":"https:\/\/amplitude-laser.com\/fr\/wp-json\/wp\/v2\/pages"}],"about":[{"href":"https:\/\/amplitude-laser.com\/fr\/wp-json\/wp\/v2\/types\/page"}],"author":[{"embeddable":true,"href":"https:\/\/amplitude-laser.com\/fr\/wp-json\/wp\/v2\/users\/7"}],"replies":[{"embeddable":true,"href":"https:\/\/amplitude-laser.com\/fr\/wp-json\/wp\/v2\/comments?post=637"}],"version-history":[{"count":0,"href":"https:\/\/amplitude-laser.com\/fr\/wp-json\/wp\/v2\/pages\/637\/revisions"}],"wp:attachment":[{"href":"https:\/\/amplitude-laser.com\/fr\/wp-json\/wp\/v2\/media?parent=637"}],"curies":[{"name":"wp","href":"https:\/\/api.w.org\/{rel}","templated":true}]}}