{"id":83,"date":"2018-08-06T11:27:46","date_gmt":"2018-08-06T09:27:46","guid":{"rendered":"http:\/\/localhost\/amplitude\/?page_id=83"},"modified":"2023-01-24T16:22:35","modified_gmt":"2023-01-24T15:22:35","slug":"laser-4-0","status":"publish","type":"page","link":"https:\/\/amplitude-laser.com\/fr\/services\/laser-4-0\/","title":{"rendered":"Laser 4.0\u00ae"},"content":{"rendered":"<h2>La nouvelle g\u00e9n\u00e9ration de services Amplitude<\/h2>\n<p>Tirez le meilleur parti de votre laser Amplitude gr\u00e2ce au programme Laser 4.0\u00ae : un ensemble de services digitaux pour vous accompagner tout au long de la\u00a0 vie du laser.<\/p>\n<p><span style=\"color: #333333;\">Gr\u00e2ce \u00e0 de nombreux capteurs et une \u00e9lectronique de pointe, le traitement des donn\u00e9es du laser nous permet d\u2019optimiser la disponibilit\u00e9 du laser, tout en enrichissant son usage.<\/span><\/p>\n<p><span style=\"color: #333333;\">Vous gardez le contr\u00f4le\u00a0: vous choisissez quelle donn\u00e9e partager et quand la partager. Nous nous engageons sur la s\u00e9curit\u00e9 et la confidentialit\u00e9 des donn\u00e9es.<\/span><\/p>\n<p><a href=\"https:\/\/amplitude.laser40.com\/login\"><img decoding=\"async\" class=\"wp-image-2986 size-medium aligncenter\" style=\"font-size: 15px;\" src=\"https:\/\/amplitude-laser.com\/wp-content\/uploads\/2019\/02\/Bouton-dacces-plateforme-Laser-4.0-300x134.jpg\" alt=\"\" width=\"300\" height=\"134\" srcset=\"https:\/\/amplitude-laser.com\/wp-content\/uploads\/2019\/02\/Bouton-dacces-plateforme-Laser-4.0-300x134.jpg 300w, https:\/\/amplitude-laser.com\/wp-content\/uploads\/2019\/02\/Bouton-dacces-plateforme-Laser-4.0.jpg 400w\" sizes=\"(max-width: 300px) 100vw, 300px\" \/><\/a><\/p>\n<h3><span style=\"color: #006373;\">Un acc\u00e8s facilit\u00e9 aux ressources Amplitude<\/span><\/h3>\n<table style=\"width: 100%; border-collapse: collapse;\" border=\"0\">\n<tbody>\n<tr>\n<td style=\"width: 32.64%;\">\n<p><div id=\"attachment_1419\" style=\"width: 410px\" class=\"wp-caption alignleft\"><img decoding=\"async\" aria-describedby=\"caption-attachment-1419\" class=\"wp-image-1419\" src=\"http:\/\/amplitude.aggelos-web12.fr\/wp-content\/uploads\/2018\/11\/products-2-1024x476.jpg\" alt=\"\" width=\"400\" height=\"186\" srcset=\"https:\/\/amplitude-laser.com\/wp-content\/uploads\/2018\/11\/products-2-1024x476.jpg 1024w, https:\/\/amplitude-laser.com\/wp-content\/uploads\/2018\/11\/products-2-300x139.jpg 300w, https:\/\/amplitude-laser.com\/wp-content\/uploads\/2018\/11\/products-2-768x357.jpg 768w, https:\/\/amplitude-laser.com\/wp-content\/uploads\/2018\/11\/products-2-1536x714.jpg 1536w, https:\/\/amplitude-laser.com\/wp-content\/uploads\/2018\/11\/products-2.jpg 1844w\" sizes=\"(max-width: 400px) 100vw, 400px\" \/><p id=\"caption-attachment-1419\" class=\"wp-caption-text\"><em>Exemple : vue de l&rsquo;ensemble du parc de lasers install\u00e9s<\/em><\/p><\/div><\/td>\n<td style=\"width: 67.35%;\">\n<p style=\"padding-left: 30px;\"><span style=\"color: #ff5100;\">&gt;<\/span> Acc\u00e8s \u00e0 la liste compl\u00e8te de votre parc de lasers install\u00e9s<br \/>\n<span style=\"color: #ff5100;\">&gt;<\/span> Acc\u00e8s aux manuels et autres documents techniques<br \/>\n<span style=\"color: #ff5100;\">&gt;<\/span> Acc\u00e8s \u00e0 la hotline Amplitude<br \/>\n<span style=\"color: #ff5100;\">&gt;<\/span> Acc\u00e8s \u00e0 notre outil de simulation de proc\u00e9d\u00e9s laser femtoseconde<br \/>\n<span style=\"color: #ff5100;\">&gt;<\/span> Acc\u00e8s \u00e0 un d\u00e9p\u00f4t de fichiers s\u00e9curis\u00e9 pour partager des donn\u00e9es avec nous<br \/>\n<span style=\"color: #ff5100;\">&gt;<\/span> Acc\u00e8s au suivi de votre commande (prochainement)<\/p>\n<\/td>\n<\/tr>\n<tr>\n<td style=\"width: 32.64%;\"><img decoding=\"async\" class=\"aligncenter wp-image-1431\" src=\"http:\/\/amplitude.aggelos-web12.fr\/wp-content\/uploads\/2018\/11\/simulation-tool-300x167.png\" alt=\"\" width=\"400\" height=\"223\" srcset=\"https:\/\/amplitude-laser.com\/wp-content\/uploads\/2018\/11\/simulation-tool-300x167.png 300w, https:\/\/amplitude-laser.com\/wp-content\/uploads\/2018\/11\/simulation-tool-768x429.png 768w, https:\/\/amplitude-laser.com\/wp-content\/uploads\/2018\/11\/simulation-tool-1024x572.png 1024w, https:\/\/amplitude-laser.com\/wp-content\/uploads\/2018\/11\/simulation-tool.png 1401w\" sizes=\"(max-width: 400px) 100vw, 400px\" \/><\/p>\n<p><em>Exemple : illustration de r\u00e9sultats avec l&rsquo;application de simulation<\/em><\/td>\n<td style=\"width: 67.35%;\">\n<p><div id=\"attachment_1429\" style=\"width: 410px\" class=\"wp-caption aligncenter\"><img decoding=\"async\" aria-describedby=\"caption-attachment-1429\" class=\"wp-image-1429\" src=\"http:\/\/amplitude.aggelos-web12.fr\/wp-content\/uploads\/2018\/11\/production-tracking-300x120.png\" alt=\"\" width=\"400\" height=\"160\" srcset=\"https:\/\/amplitude-laser.com\/wp-content\/uploads\/2018\/11\/production-tracking-300x120.png 300w, https:\/\/amplitude-laser.com\/wp-content\/uploads\/2018\/11\/production-tracking-768x306.png 768w, https:\/\/amplitude-laser.com\/wp-content\/uploads\/2018\/11\/production-tracking-1024x408.png 1024w, https:\/\/amplitude-laser.com\/wp-content\/uploads\/2018\/11\/production-tracking.png 1364w\" sizes=\"(max-width: 400px) 100vw, 400px\" \/><p id=\"caption-attachment-1429\" class=\"wp-caption-text\"><em>Exemple : suivi de la commande<\/em><\/p><\/div><\/td>\n<\/tr>\n<\/tbody>\n<\/table>\n<h3><span style=\"color: #006373;\">Allez plus loin avec le programme Laser 4.0\u00ae<\/span><\/h3>\n<table style=\"width: 100%; border-collapse: collapse;\" border=\"0\">\n<tbody>\n<tr>\n<td style=\"width: 99.97%;\" colspan=\"2\">B\u00e9n\u00e9ficiez de services compl\u00e9mentaires pour optimiser le contr\u00f4le de votre laser et augmenter votre productivit\u00e9 :<\/p>\n<p style=\"padding-left: 30px;\"><span style=\"color: #ff5100;\">&gt;<\/span> Acc\u00e8s\u00a0au service \u20184.0 Installation Checkup\u2019\u00a0: pour s\u2019assurer que le laser install\u00e9 est conforme aux performances d\u2019usine<br \/>\n<span style=\"color: #ff5100;\">&gt;<\/span> Acc\u00e8s\u00a0au service \u20184.0 Health Check\u2019\u00a0: pour d\u00e9tecter les anomalies \u00e9ventuelles et emp\u00eacher les pannes inattendues<br \/>\n<span style=\"color: #ff5100;\">&gt;<\/span> Acc\u00e8s au service &lsquo;4.0 Fast Diagnosis&rsquo; : en cas d&rsquo;anomalie, pour r\u00e9duire le temps de mise hors-service<br \/>\n<span style=\"color: #ff5100;\">&gt;<\/span> Acc\u00e8s\u00a0au service \u20184.0 Remote Maintenance\u2019\u00a0: pour r\u00e9parer les anomalies \u00e9ventuelles \u00e0 distance (dans certains cas)<br \/>\n<span style=\"color: #ff5100;\">&gt;<\/span> Acc\u00e8s au service \u20184.0 Laser Dashboard\u2019\u00a0: tableaux de bord sur l\u2019\u00e9tat du laser en temps r\u00e9el<\/p>\n<\/td>\n<\/tr>\n<tr>\n<td style=\"width: 42.88%;\"><img decoding=\"async\" class=\"aligncenter wp-image-1427\" src=\"http:\/\/amplitude.aggelos-web12.fr\/wp-content\/uploads\/2018\/11\/health-check-300x208.jpg\" alt=\"\" width=\"400\" height=\"277\" srcset=\"https:\/\/amplitude-laser.com\/wp-content\/uploads\/2018\/11\/health-check-300x208.jpg 300w, https:\/\/amplitude-laser.com\/wp-content\/uploads\/2018\/11\/health-check-1024x709.jpg 1024w, https:\/\/amplitude-laser.com\/wp-content\/uploads\/2018\/11\/health-check-768x532.jpg 768w, https:\/\/amplitude-laser.com\/wp-content\/uploads\/2018\/11\/health-check.jpg 1111w\" sizes=\"(max-width: 400px) 100vw, 400px\" \/><em><span style=\"text-align: left; color: #333333; text-transform: none; text-indent: 0px; letter-spacing: normal; font-family: 'Source Sans Pro',sans-serif; font-size: 16px; font-variant: normal; font-weight: 400; text-decoration: none; word-spacing: 0px; display: inline !important; white-space: normal; cursor: text; orphans: 2; float: none; -webkit-text-stroke-width: 0px; background-color: transparent;\">Exemple : Vue d&rsquo;ensemble &lsquo;4.0 Installation Health Check&rsquo;<\/span><\/em><\/td>\n<td style=\"width: 57.09%;\">\n<p><div id=\"attachment_1425\" style=\"width: 410px\" class=\"wp-caption aligncenter\"><img decoding=\"async\" aria-describedby=\"caption-attachment-1425\" class=\"wp-image-1425\" src=\"http:\/\/amplitude.aggelos-web12.fr\/wp-content\/uploads\/2018\/11\/dashboard-300x210.png\" alt=\"\" width=\"400\" height=\"280\" srcset=\"https:\/\/amplitude-laser.com\/wp-content\/uploads\/2018\/11\/dashboard-300x210.png 300w, https:\/\/amplitude-laser.com\/wp-content\/uploads\/2018\/11\/dashboard-768x537.png 768w, https:\/\/amplitude-laser.com\/wp-content\/uploads\/2018\/11\/dashboard-1024x716.png 1024w, https:\/\/amplitude-laser.com\/wp-content\/uploads\/2018\/11\/dashboard.png 1187w\" sizes=\"(max-width: 400px) 100vw, 400px\" \/><p id=\"caption-attachment-1425\" class=\"wp-caption-text\"><em><span style=\"text-align: left; color: #333333; text-transform: none; text-indent: 0px; letter-spacing: normal; font-family: 'Source Sans Pro',sans-serif; font-size: 16px; font-variant: normal; font-weight: 400; text-decoration: none; word-spacing: 0px; display: inline !important; white-space: normal; cursor: text; orphans: 2; float: none; -webkit-text-stroke-width: 0px; background-color: transparent;\"> Exemple : Illustration d&rsquo;un tableau de bord &lsquo;4.0 Laser Dashboard&rsquo;<\/span><\/em><\/p><\/div><\/td>\n<\/tr>\n<\/tbody>\n<\/table>\n<h3><span style=\"color: #006373;\">Nos offres<\/span><\/h3>\n<table style=\"width: 65%; border-collapse: collapse;\" border=\"0\">\n<tbody>\n<tr>\n<td style=\"width: 27.98%;\"><\/td>\n<td style=\"width: 18.69%; text-align: center;\"><strong>Laser connect\u00e9<\/strong><\/td>\n<td style=\"width: 19.58%; text-align: center;\"><strong>Laser non connect\u00e9<\/strong><\/td>\n<\/tr>\n<tr>\n<td style=\"width: 27.98%;\">1\u00e8re ann\u00e9e offerte<\/td>\n<td style=\"width: 18.69%; text-align: center;\"><span style=\"color: #0b0911;\"><b>\u221a<\/b><\/span><\/td>\n<td style=\"width: 19.58%; text-align: center;\"><span style=\"color: #0b0911;\"><b>\u221a<\/b><\/span><\/td>\n<\/tr>\n<tr>\n<td style=\"width: 27.98%;\">Connection \u00e0 Laser 4.0\u00ae Platform<\/td>\n<td style=\"width: 18.69%; text-align: center;\"><span style=\"color: #0b0911;\"><b>\u221a<\/b><\/span><\/td>\n<td style=\"width: 19.58%; text-align: center;\"><span style=\"color: #0b0911;\"><b>\u221a<\/b><\/span><\/td>\n<\/tr>\n<tr>\n<td style=\"width: 27.98%;\"><span style=\"display: inline !important; float: none; background-color: transparent; color: #333333; cursor: text; font-family: 'Source Sans Pro',sans-serif; font-size: 16px; font-style: normal; font-variant: normal; font-weight: 400; letter-spacing: normal; orphans: 2; text-align: left; text-decoration: none; text-indent: 0px; text-transform: none; -webkit-text-stroke-width: 0px; white-space: normal; word-spacing: 0px;\">4.0 Installation Checkup<\/span><\/td>\n<td style=\"width: 18.69%; text-align: center;\"><span style=\"color: #0b0911;\"><b>\u221a<\/b><\/span><\/td>\n<td style=\"width: 19.58%; text-align: center;\"><span style=\"color: #0b0911;\"><b>\u221a<\/b><\/span><\/td>\n<\/tr>\n<tr>\n<td style=\"width: 27.98%;\">4.0 Health check (mensuel)<\/td>\n<td style=\"width: 18.69%; text-align: center;\"><\/td>\n<td style=\"width: 19.58%; text-align: center;\"><span style=\"color: #0b0911;\"><b>\u221a<\/b><\/span><\/td>\n<\/tr>\n<tr>\n<td style=\"width: 27.98%;\"><span style=\"display: inline !important; float: none; background-color: transparent; color: #333333; cursor: text; font-family: 'Source Sans Pro',sans-serif; font-size: 16px; font-style: normal; font-variant: normal; font-weight: 400; letter-spacing: normal; orphans: 2; text-align: left; text-decoration: none; text-indent: 0px; text-transform: none; -webkit-text-stroke-width: 0px; white-space: normal; word-spacing: 0px;\">4.0 Health check<\/span><span style=\"display: inline !important; float: none; background-color: transparent; color: #333333; cursor: text; font-family: 'Source Sans Pro',sans-serif; font-size: 16px; font-style: normal; font-variant: normal; font-weight: 400; letter-spacing: normal; orphans: 2; text-align: left; text-decoration: none; text-indent: 0px; text-transform: none; -webkit-text-stroke-width: 0px; white-space: normal; word-spacing: 0px;\">\u00a0-24\/7<\/span><\/td>\n<td style=\"width: 18.69%; text-align: center;\"><span style=\"color: #0b0911;\"><b>\u221a<\/b><\/span><\/td>\n<td style=\"width: 19.58%; text-align: center;\"><\/td>\n<\/tr>\n<tr>\n<td style=\"width: 27.98%;\">4.0 Fast Diagnostic (en cas de panne)<\/td>\n<td style=\"width: 18.69%; text-align: center;\"><span style=\"color: #0b0911;\"><b>\u221a<\/b><\/span><\/td>\n<td style=\"width: 19.58%; text-align: center;\"><span style=\"color: #0b0911;\"><b>\u221a<\/b><\/span><\/td>\n<\/tr>\n<tr>\n<td style=\"width: 27.98%;\"><span style=\"display: inline !important; float: none; background-color: transparent; color: #333333; cursor: text; font-family: 'Source Sans Pro',sans-serif; font-size: 16px; font-style: normal; font-variant: normal; font-weight: 400; letter-spacing: normal; orphans: 2; text-align: left; text-decoration: none; text-indent: 0px; text-transform: none; -webkit-text-stroke-width: 0px; white-space: normal; word-spacing: 0px;\">4.0 Remote Maintenance<\/span><\/td>\n<td style=\"width: 18.69%; text-align: center;\"><span style=\"color: #0b0911;\"><b>\u221a<\/b><\/span><\/td>\n<td style=\"width: 19.58%; text-align: center;\"><\/td>\n<\/tr>\n<tr>\n<td style=\"width: 27.98%;\"><span style=\"display: inline !important; float: none; background-color: transparent; color: #333333; cursor: text; font-family: 'Source Sans Pro',sans-serif; font-size: 16px; font-style: normal; font-variant: normal; font-weight: 400; letter-spacing: normal; orphans: 2; text-align: left; text-decoration: none; text-indent: 0px; text-transform: none; -webkit-text-stroke-width: 0px; white-space: normal; word-spacing: 0px;\">4.0 Laser Dashboard<\/span><\/td>\n<td style=\"width: 18.69%; text-align: center;\"><span style=\"color: #0b0911;\"><b>\u221a<\/b><\/span><\/td>\n<td style=\"width: 19.58%; text-align: center;\"><\/td>\n<\/tr>\n<tr>\n<td style=\"width: 27.98%;\">Pr\u00eat d&rsquo;une \u00ab\u00a0Box 4.0\u00a0\u00bb (boitier de connexion)<\/td>\n<td style=\"width: 18.69%; text-align: center;\"><span style=\"color: #0b0911;\"><b>\u221a<\/b><\/span><\/td>\n<td style=\"width: 19.58%; text-align: center;\"><\/td>\n<\/tr>\n<\/tbody>\n<\/table>\n<p><strong><span style=\"color: #ff6600;\">Pour plus d&rsquo;informations, <span style=\"color: #006373;\"><a style=\"color: #006373;\" href=\"https:\/\/amplitude-laser.com\/fr\/contact\/\" target=\"_blank\" rel=\"noopener noreferrer\">contactez-nous<\/a><\/span><\/span><\/strong><\/p>\n","protected":false},"excerpt":{"rendered":"<p>La nouvelle g\u00e9n\u00e9ration de services Amplitude Tirez le meilleur parti de votre laser Amplitude gr\u00e2ce au programme Laser 4.0\u00ae : un ensemble de services digitaux pour vous accompagner tout au long de la\u00a0 vie du laser. Gr\u00e2ce \u00e0 de nombreux capteurs et une \u00e9lectronique de pointe, le traitement des donn\u00e9es du laser nous permet d\u2019optimiser [&hellip;]<\/p>\n","protected":false},"author":7,"featured_media":2594,"parent":15,"menu_order":51,"comment_status":"closed","ping_status":"closed","template":"","meta":{"_acf_changed":false,"footnotes":""},"class_list":["post-83","page","type-page","status-publish","has-post-thumbnail","hentry"],"acf":[],"yoast_head":"<!-- This site is optimized with the Yoast SEO plugin v27.4 - https:\/\/yoast.com\/product\/yoast-seo-wordpress\/ -->\n<title>Laser 4.0\u00ae - Amplitude<\/title>\n<meta name=\"description\" content=\"Tirez le meilleur parti de votre laser Amplitude gr\u00e2ce au programme Laser 4.0\u00ae.\" \/>\n<meta name=\"robots\" content=\"index, follow, max-snippet:-1, max-image-preview:large, max-video-preview:-1\" \/>\n<link rel=\"canonical\" href=\"https:\/\/amplitude-laser.com\/fr\/services\/laser-4-0\/\" \/>\n<meta property=\"og:locale\" content=\"fr_FR\" \/>\n<meta property=\"og:type\" content=\"article\" \/>\n<meta property=\"og:title\" content=\"Laser 4.0\u00ae - Amplitude\" \/>\n<meta property=\"og:description\" content=\"Tirez le meilleur parti de votre laser Amplitude gr\u00e2ce au programme Laser 4.0\u00ae.\" \/>\n<meta property=\"og:url\" content=\"https:\/\/amplitude-laser.com\/fr\/services\/laser-4-0\/\" \/>\n<meta property=\"og:site_name\" content=\"Amplitude\" \/>\n<meta property=\"article:modified_time\" content=\"2023-01-24T15:22:35+00:00\" \/>\n<meta property=\"og:image\" content=\"https:\/\/amplitude-laser.com\/wp-content\/uploads\/2018\/12\/Header-logo-1.jpg\" \/>\n\t<meta property=\"og:image:width\" content=\"1904\" \/>\n\t<meta property=\"og:image:height\" content=\"792\" \/>\n\t<meta property=\"og:image:type\" content=\"image\/jpeg\" \/>\n<meta name=\"twitter:card\" content=\"summary_large_image\" \/>\n<meta name=\"twitter:label1\" content=\"Dur\u00e9e de lecture estim\u00e9e\" \/>\n\t<meta name=\"twitter:data1\" content=\"3 minutes\" \/>\n<script type=\"application\/ld+json\" class=\"yoast-schema-graph\">{\"@context\":\"https:\\\/\\\/schema.org\",\"@graph\":[{\"@type\":\"WebPage\",\"@id\":\"https:\\\/\\\/amplitude-laser.com\\\/fr\\\/services\\\/laser-4-0\\\/\",\"url\":\"https:\\\/\\\/amplitude-laser.com\\\/fr\\\/services\\\/laser-4-0\\\/\",\"name\":\"Laser 4.0\u00ae - Amplitude\",\"isPartOf\":{\"@id\":\"https:\\\/\\\/amplitude-laser.com\\\/#website\"},\"primaryImageOfPage\":{\"@id\":\"https:\\\/\\\/amplitude-laser.com\\\/fr\\\/services\\\/laser-4-0\\\/#primaryimage\"},\"image\":{\"@id\":\"https:\\\/\\\/amplitude-laser.com\\\/fr\\\/services\\\/laser-4-0\\\/#primaryimage\"},\"thumbnailUrl\":\"https:\\\/\\\/amplitude-laser.com\\\/wp-content\\\/uploads\\\/2018\\\/12\\\/Header-logo-1.jpg\",\"datePublished\":\"2018-08-06T09:27:46+00:00\",\"dateModified\":\"2023-01-24T15:22:35+00:00\",\"description\":\"Tirez le meilleur parti de votre laser Amplitude gr\u00e2ce au programme Laser 4.0\u00ae.\",\"breadcrumb\":{\"@id\":\"https:\\\/\\\/amplitude-laser.com\\\/fr\\\/services\\\/laser-4-0\\\/#breadcrumb\"},\"inLanguage\":\"fr-FR\",\"potentialAction\":[{\"@type\":\"ReadAction\",\"target\":[\"https:\\\/\\\/amplitude-laser.com\\\/fr\\\/services\\\/laser-4-0\\\/\"]}]},{\"@type\":\"ImageObject\",\"inLanguage\":\"fr-FR\",\"@id\":\"https:\\\/\\\/amplitude-laser.com\\\/fr\\\/services\\\/laser-4-0\\\/#primaryimage\",\"url\":\"https:\\\/\\\/amplitude-laser.com\\\/wp-content\\\/uploads\\\/2018\\\/12\\\/Header-logo-1.jpg\",\"contentUrl\":\"https:\\\/\\\/amplitude-laser.com\\\/wp-content\\\/uploads\\\/2018\\\/12\\\/Header-logo-1.jpg\",\"width\":1904,\"height\":792,\"caption\":\"Header with the 4.0 Logo\"},{\"@type\":\"BreadcrumbList\",\"@id\":\"https:\\\/\\\/amplitude-laser.com\\\/fr\\\/services\\\/laser-4-0\\\/#breadcrumb\",\"itemListElement\":[{\"@type\":\"ListItem\",\"position\":1,\"name\":\"Home\",\"item\":\"https:\\\/\\\/amplitude-laser.com\\\/fr\\\/\"},{\"@type\":\"ListItem\",\"position\":2,\"name\":\"Services\",\"item\":\"https:\\\/\\\/amplitude-laser.com\\\/fr\\\/services\\\/\"},{\"@type\":\"ListItem\",\"position\":3,\"name\":\"Laser 4.0\u00ae\"}]},{\"@type\":\"WebSite\",\"@id\":\"https:\\\/\\\/amplitude-laser.com\\\/#website\",\"url\":\"https:\\\/\\\/amplitude-laser.com\\\/\",\"name\":\"Amplitude\",\"description\":\"Nothing But Ultrafast\",\"publisher\":{\"@id\":\"https:\\\/\\\/amplitude-laser.com\\\/#organization\"},\"alternateName\":\"Amplitude Laser\",\"potentialAction\":[{\"@type\":\"SearchAction\",\"target\":{\"@type\":\"EntryPoint\",\"urlTemplate\":\"https:\\\/\\\/amplitude-laser.com\\\/?s={search_term_string}\"},\"query-input\":{\"@type\":\"PropertyValueSpecification\",\"valueRequired\":true,\"valueName\":\"search_term_string\"}}],\"inLanguage\":\"fr-FR\"},{\"@type\":\"Organization\",\"@id\":\"https:\\\/\\\/amplitude-laser.com\\\/#organization\",\"name\":\"Amplitude Laser\",\"alternateName\":\"Amplitude\",\"url\":\"https:\\\/\\\/amplitude-laser.com\\\/\",\"logo\":{\"@type\":\"ImageObject\",\"inLanguage\":\"fr-FR\",\"@id\":\"https:\\\/\\\/amplitude-laser.com\\\/#\\\/schema\\\/logo\\\/image\\\/\",\"url\":\"https:\\\/\\\/amplitude-laser.com\\\/wp-content\\\/uploads\\\/2018\\\/10\\\/Amplitude.png\",\"contentUrl\":\"https:\\\/\\\/amplitude-laser.com\\\/wp-content\\\/uploads\\\/2018\\\/10\\\/Amplitude.png\",\"width\":999,\"height\":1182,\"caption\":\"Amplitude Laser\"},\"image\":{\"@id\":\"https:\\\/\\\/amplitude-laser.com\\\/#\\\/schema\\\/logo\\\/image\\\/\"}}]}<\/script>\n<!-- \/ Yoast SEO plugin. -->","yoast_head_json":{"title":"Laser 4.0\u00ae - Amplitude","description":"Tirez le meilleur parti de votre laser Amplitude gr\u00e2ce au programme Laser 4.0\u00ae.","robots":{"index":"index","follow":"follow","max-snippet":"max-snippet:-1","max-image-preview":"max-image-preview:large","max-video-preview":"max-video-preview:-1"},"canonical":"https:\/\/amplitude-laser.com\/fr\/services\/laser-4-0\/","og_locale":"fr_FR","og_type":"article","og_title":"Laser 4.0\u00ae - Amplitude","og_description":"Tirez le meilleur parti de votre laser Amplitude gr\u00e2ce au programme Laser 4.0\u00ae.","og_url":"https:\/\/amplitude-laser.com\/fr\/services\/laser-4-0\/","og_site_name":"Amplitude","article_modified_time":"2023-01-24T15:22:35+00:00","og_image":[{"width":1904,"height":792,"url":"https:\/\/amplitude-laser.com\/wp-content\/uploads\/2018\/12\/Header-logo-1.jpg","type":"image\/jpeg"}],"twitter_card":"summary_large_image","twitter_misc":{"Dur\u00e9e de lecture estim\u00e9e":"3 minutes"},"schema":{"@context":"https:\/\/schema.org","@graph":[{"@type":"WebPage","@id":"https:\/\/amplitude-laser.com\/fr\/services\/laser-4-0\/","url":"https:\/\/amplitude-laser.com\/fr\/services\/laser-4-0\/","name":"Laser 4.0\u00ae - Amplitude","isPartOf":{"@id":"https:\/\/amplitude-laser.com\/#website"},"primaryImageOfPage":{"@id":"https:\/\/amplitude-laser.com\/fr\/services\/laser-4-0\/#primaryimage"},"image":{"@id":"https:\/\/amplitude-laser.com\/fr\/services\/laser-4-0\/#primaryimage"},"thumbnailUrl":"https:\/\/amplitude-laser.com\/wp-content\/uploads\/2018\/12\/Header-logo-1.jpg","datePublished":"2018-08-06T09:27:46+00:00","dateModified":"2023-01-24T15:22:35+00:00","description":"Tirez le meilleur parti de votre laser Amplitude gr\u00e2ce au programme Laser 4.0\u00ae.","breadcrumb":{"@id":"https:\/\/amplitude-laser.com\/fr\/services\/laser-4-0\/#breadcrumb"},"inLanguage":"fr-FR","potentialAction":[{"@type":"ReadAction","target":["https:\/\/amplitude-laser.com\/fr\/services\/laser-4-0\/"]}]},{"@type":"ImageObject","inLanguage":"fr-FR","@id":"https:\/\/amplitude-laser.com\/fr\/services\/laser-4-0\/#primaryimage","url":"https:\/\/amplitude-laser.com\/wp-content\/uploads\/2018\/12\/Header-logo-1.jpg","contentUrl":"https:\/\/amplitude-laser.com\/wp-content\/uploads\/2018\/12\/Header-logo-1.jpg","width":1904,"height":792,"caption":"Header with the 4.0 Logo"},{"@type":"BreadcrumbList","@id":"https:\/\/amplitude-laser.com\/fr\/services\/laser-4-0\/#breadcrumb","itemListElement":[{"@type":"ListItem","position":1,"name":"Home","item":"https:\/\/amplitude-laser.com\/fr\/"},{"@type":"ListItem","position":2,"name":"Services","item":"https:\/\/amplitude-laser.com\/fr\/services\/"},{"@type":"ListItem","position":3,"name":"Laser 4.0\u00ae"}]},{"@type":"WebSite","@id":"https:\/\/amplitude-laser.com\/#website","url":"https:\/\/amplitude-laser.com\/","name":"Amplitude","description":"Nothing But Ultrafast","publisher":{"@id":"https:\/\/amplitude-laser.com\/#organization"},"alternateName":"Amplitude Laser","potentialAction":[{"@type":"SearchAction","target":{"@type":"EntryPoint","urlTemplate":"https:\/\/amplitude-laser.com\/?s={search_term_string}"},"query-input":{"@type":"PropertyValueSpecification","valueRequired":true,"valueName":"search_term_string"}}],"inLanguage":"fr-FR"},{"@type":"Organization","@id":"https:\/\/amplitude-laser.com\/#organization","name":"Amplitude Laser","alternateName":"Amplitude","url":"https:\/\/amplitude-laser.com\/","logo":{"@type":"ImageObject","inLanguage":"fr-FR","@id":"https:\/\/amplitude-laser.com\/#\/schema\/logo\/image\/","url":"https:\/\/amplitude-laser.com\/wp-content\/uploads\/2018\/10\/Amplitude.png","contentUrl":"https:\/\/amplitude-laser.com\/wp-content\/uploads\/2018\/10\/Amplitude.png","width":999,"height":1182,"caption":"Amplitude Laser"},"image":{"@id":"https:\/\/amplitude-laser.com\/#\/schema\/logo\/image\/"}}]}},"_links":{"self":[{"href":"https:\/\/amplitude-laser.com\/fr\/wp-json\/wp\/v2\/pages\/83","targetHints":{"allow":["GET"]}}],"collection":[{"href":"https:\/\/amplitude-laser.com\/fr\/wp-json\/wp\/v2\/pages"}],"about":[{"href":"https:\/\/amplitude-laser.com\/fr\/wp-json\/wp\/v2\/types\/page"}],"author":[{"embeddable":true,"href":"https:\/\/amplitude-laser.com\/fr\/wp-json\/wp\/v2\/users\/7"}],"replies":[{"embeddable":true,"href":"https:\/\/amplitude-laser.com\/fr\/wp-json\/wp\/v2\/comments?post=83"}],"version-history":[{"count":0,"href":"https:\/\/amplitude-laser.com\/fr\/wp-json\/wp\/v2\/pages\/83\/revisions"}],"up":[{"embeddable":true,"href":"https:\/\/amplitude-laser.com\/fr\/wp-json\/wp\/v2\/pages\/15"}],"wp:featuredmedia":[{"embeddable":true,"href":"https:\/\/amplitude-laser.com\/fr\/wp-json\/wp\/v2\/media\/2594"}],"wp:attachment":[{"href":"https:\/\/amplitude-laser.com\/fr\/wp-json\/wp\/v2\/media?parent=83"}],"curies":[{"name":"wp","href":"https:\/\/api.w.org\/{rel}","templated":true}]}}