{"id":7842,"date":"2018-11-08T12:03:01","date_gmt":"2018-11-08T11:03:01","guid":{"rendered":"https:\/\/amplitude-laser.com\/partners\/"},"modified":"2023-10-11T10:06:05","modified_gmt":"2023-10-11T08:06:05","slug":"%eb%8b%b9%ec%82%ac%ec%9d%98-%ed%8c%8c%ed%8a%b8%eb%84%88","status":"publish","type":"page","link":"https:\/\/amplitude-laser.com\/ko\/%eb%8b%b9%ec%82%ac%ec%9d%98-%ed%8c%8c%ed%8a%b8%eb%84%88\/","title":{"rendered":"\ub2f9\uc0ac\uc758 \ud30c\ud2b8\ub108"},"content":{"rendered":"<h2>\ub2f9\uc0ac\uc758 \uacfc\ud559\uae30\uc220 \ud30c\ud2b8\ub108<\/h2>\n<table style=\"width: 1176px; border-collapse: collapse; background-color: #ffffff; height: 770px;\" border=\"0\">\n<tbody>\n<tr>\n<td style=\"width: 33.3333%;\"><a href=\"https:\/\/www.alphanov.com\/en\"><img decoding=\"async\" class=\"aligncenter wp-image-4228\" src=\"https:\/\/amplitude-laser.com\/wp-content\/uploads\/2020\/03\/alphanov-1024x296.jpg\" alt=\"AlphaNov Logo\" width=\"301\" height=\"87\" srcset=\"https:\/\/amplitude-laser.com\/wp-content\/uploads\/2020\/03\/alphanov-1024x296.jpg 1024w, https:\/\/amplitude-laser.com\/wp-content\/uploads\/2020\/03\/alphanov-300x87.jpg 300w, https:\/\/amplitude-laser.com\/wp-content\/uploads\/2020\/03\/alphanov-768x222.jpg 768w, https:\/\/amplitude-laser.com\/wp-content\/uploads\/2020\/03\/alphanov-1536x444.jpg 1536w, https:\/\/amplitude-laser.com\/wp-content\/uploads\/2020\/03\/alphanov.jpg 1920w\" sizes=\"(max-width: 301px) 100vw, 301px\" \/><\/a><\/td>\n<td style=\"width: 33.3333%;\"><a href=\"http:\/\/www.eupraxia-project.eu\/\"><img decoding=\"async\" class=\"aligncenter wp-image-4230\" src=\"https:\/\/amplitude-laser.com\/wp-content\/uploads\/2020\/03\/eupraxia.png\" alt=\"Eupraxia logo\" width=\"300\" height=\"129\" srcset=\"https:\/\/amplitude-laser.com\/wp-content\/uploads\/2020\/03\/eupraxia.png 538w, https:\/\/amplitude-laser.com\/wp-content\/uploads\/2020\/03\/eupraxia-300x129.png 300w\" sizes=\"(max-width: 300px) 100vw, 300px\" \/><\/a><\/td>\n<td style=\"width: 33.3333%;\"><a href=\"https:\/\/www.epfl.ch\/en\/\"><img decoding=\"async\" class=\"aligncenter wp-image-4450 size-medium\" src=\"https:\/\/amplitude-laser.com\/wp-content\/uploads\/2020\/05\/EPFL-300x87.png\" alt=\"EPFL Logo\" width=\"300\" height=\"87\" srcset=\"https:\/\/amplitude-laser.com\/wp-content\/uploads\/2020\/05\/EPFL-300x87.png 300w, https:\/\/amplitude-laser.com\/wp-content\/uploads\/2020\/05\/EPFL-768x224.png 768w, https:\/\/amplitude-laser.com\/wp-content\/uploads\/2020\/05\/EPFL.png 1024w\" sizes=\"(max-width: 300px) 100vw, 300px\" \/><\/a><\/td>\n<\/tr>\n<tr>\n<td style=\"width: 33.3333%;\"><a href=\"https:\/\/www.fraunhofer.de\/en.html\"><img decoding=\"async\" class=\"aligncenter wp-image-4233 size-medium\" src=\"https:\/\/amplitude-laser.com\/wp-content\/uploads\/2020\/03\/Fraunhofer-300x49.png\" alt=\"Fraunhofer Logo\" width=\"300\" height=\"49\" srcset=\"https:\/\/amplitude-laser.com\/wp-content\/uploads\/2020\/03\/Fraunhofer-300x49.png 300w, https:\/\/amplitude-laser.com\/wp-content\/uploads\/2020\/03\/Fraunhofer-1024x168.png 1024w, https:\/\/amplitude-laser.com\/wp-content\/uploads\/2020\/03\/Fraunhofer-768x126.png 768w, https:\/\/amplitude-laser.com\/wp-content\/uploads\/2020\/03\/Fraunhofer.png 1075w\" sizes=\"(max-width: 300px) 100vw, 300px\" \/><\/a><\/td>\n<td style=\"width: 33.3333%;\"><a href=\"https:\/\/institut-curie.org\/\"><img decoding=\"async\" class=\"aligncenter wp-image-4236\" src=\"https:\/\/amplitude-laser.com\/wp-content\/uploads\/2020\/03\/Institut-Curie-1014x1024.jpg\" alt=\"Institut Curie Logo\" width=\"300\" height=\"303\" srcset=\"https:\/\/amplitude-laser.com\/wp-content\/uploads\/2020\/03\/Institut-Curie-1014x1024.jpg 1014w, https:\/\/amplitude-laser.com\/wp-content\/uploads\/2020\/03\/Institut-Curie-297x300.jpg 297w, https:\/\/amplitude-laser.com\/wp-content\/uploads\/2020\/03\/Institut-Curie-768x776.jpg 768w, https:\/\/amplitude-laser.com\/wp-content\/uploads\/2020\/03\/Institut-Curie-1520x1536.jpg 1520w, https:\/\/amplitude-laser.com\/wp-content\/uploads\/2020\/03\/Institut-Curie-2027x2048.jpg 2027w, https:\/\/amplitude-laser.com\/wp-content\/uploads\/2020\/03\/Institut-Curie-scaled.jpg 1900w\" sizes=\"(max-width: 300px) 100vw, 300px\" \/><\/a><u><\/u><\/td>\n<td style=\"width: 33.3333%;\"><a href=\"https:\/\/www.ifsw.uni-stuttgart.de\/en\/\"><img decoding=\"async\" class=\"aligncenter wp-image-4234\" src=\"https:\/\/amplitude-laser.com\/wp-content\/uploads\/2020\/03\/IFSW.jpg\" alt=\"IFSW Logo\" width=\"300\" height=\"91\" srcset=\"https:\/\/amplitude-laser.com\/wp-content\/uploads\/2020\/03\/IFSW.jpg 350w, https:\/\/amplitude-laser.com\/wp-content\/uploads\/2020\/03\/IFSW-300x91.jpg 300w\" sizes=\"(max-width: 300px) 100vw, 300px\" \/><\/a><u><\/u><\/td>\n<\/tr>\n<tr>\n<td style=\"width: 33.3333%;\"><a href=\"https:\/\/www.institutoptique.fr\/en\"><img decoding=\"async\" class=\"aligncenter wp-image-4238\" src=\"https:\/\/amplitude-laser.com\/wp-content\/uploads\/2020\/03\/Institut-doptique-graduate-school-1024x500.jpg\" alt=\"Institut d'Optique Logo\" width=\"301\" height=\"147\" srcset=\"https:\/\/amplitude-laser.com\/wp-content\/uploads\/2020\/03\/Institut-doptique-graduate-school-1024x500.jpg 1024w, https:\/\/amplitude-laser.com\/wp-content\/uploads\/2020\/03\/Institut-doptique-graduate-school-300x147.jpg 300w, https:\/\/amplitude-laser.com\/wp-content\/uploads\/2020\/03\/Institut-doptique-graduate-school-768x375.jpg 768w, https:\/\/amplitude-laser.com\/wp-content\/uploads\/2020\/03\/Institut-doptique-graduate-school.jpg 1384w\" sizes=\"(max-width: 301px) 100vw, 301px\" \/><\/a><u><\/u><\/td>\n<td style=\"width: 33.3333%;\"><a href=\"http:\/\/iramis.cea.fr\/en\/index.php\"><img decoding=\"async\" class=\"aligncenter wp-image-4240\" src=\"https:\/\/amplitude-laser.com\/wp-content\/uploads\/2020\/03\/Iramis-1024x422.jpg\" alt=\"Iramis logo\" width=\"301\" height=\"124\" srcset=\"https:\/\/amplitude-laser.com\/wp-content\/uploads\/2020\/03\/Iramis-1024x422.jpg 1024w, https:\/\/amplitude-laser.com\/wp-content\/uploads\/2020\/03\/Iramis-300x124.jpg 300w, https:\/\/amplitude-laser.com\/wp-content\/uploads\/2020\/03\/Iramis-768x317.jpg 768w, https:\/\/amplitude-laser.com\/wp-content\/uploads\/2020\/03\/Iramis-1536x633.jpg 1536w, https:\/\/amplitude-laser.com\/wp-content\/uploads\/2020\/03\/Iramis.jpg 1920w\" sizes=\"(max-width: 301px) 100vw, 301px\" \/><\/a><\/td>\n<td style=\"width: 33.3333%;\"><a href=\"https:\/\/www.irepa-laser.com\/en\/\"><img decoding=\"async\" class=\"aligncenter wp-image-4242\" src=\"https:\/\/amplitude-laser.com\/wp-content\/uploads\/2020\/03\/Irepa.png\" alt=\"IREPA Laser Logo\" width=\"299\" height=\"103\" srcset=\"https:\/\/amplitude-laser.com\/wp-content\/uploads\/2020\/03\/Irepa.png 514w, https:\/\/amplitude-laser.com\/wp-content\/uploads\/2020\/03\/Irepa-300x103.png 300w\" sizes=\"(max-width: 299px) 100vw, 299px\" \/><\/a><u><\/u><\/td>\n<\/tr>\n<tr>\n<td style=\"width: 33.33%;\"><a href=\"https:\/\/www.kit.edu\/english\/index.php\"><img decoding=\"async\" class=\"aligncenter wp-image-4244\" src=\"https:\/\/amplitude-laser.com\/wp-content\/uploads\/2020\/03\/Karlsruher-1024x512.png\" alt=\"Karlsruher Institut f\u00fcr Technologie Logo\" width=\"300\" height=\"150\" srcset=\"https:\/\/amplitude-laser.com\/wp-content\/uploads\/2020\/03\/Karlsruher-1024x512.png 1024w, https:\/\/amplitude-laser.com\/wp-content\/uploads\/2020\/03\/Karlsruher-300x150.png 300w, https:\/\/amplitude-laser.com\/wp-content\/uploads\/2020\/03\/Karlsruher-768x384.png 768w, https:\/\/amplitude-laser.com\/wp-content\/uploads\/2020\/03\/Karlsruher.png 1200w\" sizes=\"(max-width: 300px) 100vw, 300px\" \/><\/a><\/td>\n<td style=\"width: 33.33%;\"><a href=\"https:\/\/www.kimm.re.kr\/e_main\"><img decoding=\"async\" class=\"aligncenter wp-image-4246\" src=\"https:\/\/amplitude-laser.com\/wp-content\/uploads\/2020\/03\/KIMM.jpg\" alt=\"Korean Institute of Machinery &amp; Materials Logo\" width=\"301\" height=\"57\" srcset=\"https:\/\/amplitude-laser.com\/wp-content\/uploads\/2020\/03\/KIMM.jpg 691w, https:\/\/amplitude-laser.com\/wp-content\/uploads\/2020\/03\/KIMM-300x57.jpg 300w\" sizes=\"(max-width: 301px) 100vw, 301px\" \/><\/a><\/td>\n<td style=\"width: 33.33%;\"><a href=\"https:\/\/www.lal.in2p3.fr\/en\/\"><img decoding=\"async\" class=\"aligncenter wp-image-4250\" src=\"https:\/\/amplitude-laser.com\/wp-content\/uploads\/2020\/03\/LAL.jpg\" alt=\"Laboratoire de l'acc\u00e9l\u00e9rateur Lin\u00e9aire Logo\" width=\"299\" height=\"173\" srcset=\"https:\/\/amplitude-laser.com\/wp-content\/uploads\/2020\/03\/LAL.jpg 552w, https:\/\/amplitude-laser.com\/wp-content\/uploads\/2020\/03\/LAL-300x173.jpg 300w\" sizes=\"(max-width: 299px) 100vw, 299px\" \/><\/a><\/td>\n<\/tr>\n<\/tbody>\n<\/table>\n<table style=\"width: 1175px; border-collapse: collapse; background-color: #ffffff; height: 667px;\" border=\"0\">\n<tbody>\n<tr>\n<td style=\"width: 33.3333%;\"><a href=\"https:\/\/loa.ensta-paristech.fr\/\"><img decoding=\"async\" class=\"aligncenter wp-image-4248\" src=\"https:\/\/amplitude-laser.com\/wp-content\/uploads\/2020\/03\/Laboratoire-doptique-appliquee.jpg\" alt=\"Laboratoire d'Optique Appliqu\u00e9e Logo\" width=\"299\" height=\"166\" srcset=\"https:\/\/amplitude-laser.com\/wp-content\/uploads\/2020\/03\/Laboratoire-doptique-appliquee.jpg 800w, https:\/\/amplitude-laser.com\/wp-content\/uploads\/2020\/03\/Laboratoire-doptique-appliquee-300x167.jpg 300w, https:\/\/amplitude-laser.com\/wp-content\/uploads\/2020\/03\/Laboratoire-doptique-appliquee-768x426.jpg 768w\" sizes=\"(max-width: 299px) 100vw, 299px\" \/><\/a><\/td>\n<td style=\"width: 33.3333%;\"><a href=\"http:\/\/www.lp3.univ-mrs.fr\/spip.php?rubrique52\"><img decoding=\"async\" class=\"aligncenter wp-image-4254\" src=\"https:\/\/amplitude-laser.com\/wp-content\/uploads\/2020\/03\/LP3.jpg\" alt=\"Lasers Plasmas et Proc\u00e9d\u00e9s Photonique Logo\" width=\"299\" height=\"201\" srcset=\"https:\/\/amplitude-laser.com\/wp-content\/uploads\/2020\/03\/LP3.jpg 539w, https:\/\/amplitude-laser.com\/wp-content\/uploads\/2020\/03\/LP3-300x201.jpg 300w\" sizes=\"(max-width: 299px) 100vw, 299px\" \/><\/a><\/td>\n<td style=\"width: 33.3333%;\"><a href=\"https:\/\/www.laserlab-europe.eu\/\"><img decoding=\"async\" class=\"aligncenter wp-image-4252\" style=\"color: #333333;\" src=\"https:\/\/amplitude-laser.com\/wp-content\/uploads\/2020\/03\/Laserlab-europe.jpg\" alt=\"Laserlab Europe logo\" width=\"298\" height=\"44\" srcset=\"https:\/\/amplitude-laser.com\/wp-content\/uploads\/2020\/03\/Laserlab-europe.jpg 800w, https:\/\/amplitude-laser.com\/wp-content\/uploads\/2020\/03\/Laserlab-europe-300x44.jpg 300w, https:\/\/amplitude-laser.com\/wp-content\/uploads\/2020\/03\/Laserlab-europe-768x113.jpg 768w\" sizes=\"(max-width: 298px) 100vw, 298px\" \/><\/a><\/td>\n<\/tr>\n<tr>\n<td style=\"width: 33.3333%;\"><a href=\"http:\/\/www.manutech-usd.fr\/en\/\"><img decoding=\"async\" class=\"aligncenter wp-image-4256\" src=\"https:\/\/amplitude-laser.com\/wp-content\/uploads\/2020\/03\/Manutech-SUD-1024x339.png\" alt=\"Manutech logo\" width=\"299\" height=\"99\" srcset=\"https:\/\/amplitude-laser.com\/wp-content\/uploads\/2020\/03\/Manutech-SUD-1024x339.png 1024w, https:\/\/amplitude-laser.com\/wp-content\/uploads\/2020\/03\/Manutech-SUD-300x99.png 300w, https:\/\/amplitude-laser.com\/wp-content\/uploads\/2020\/03\/Manutech-SUD-768x254.png 768w, https:\/\/amplitude-laser.com\/wp-content\/uploads\/2020\/03\/Manutech-SUD.png 1111w\" sizes=\"(max-width: 299px) 100vw, 299px\" \/><\/a><\/td>\n<td style=\"width: 33.3333%;\"><\/td>\n<td style=\"width: 33.3333%;\"><\/td>\n<\/tr>\n<tr>\n<td style=\"width: 33.3333%;\"><\/td>\n<td style=\"width: 33.3333%;\"><\/td>\n<td style=\"width: 33.3333%;\"><\/td>\n<\/tr>\n<tr>\n<td style=\"width: 33.33%;\"><\/td>\n<td style=\"width: 33.33%;\"><\/td>\n<td style=\"width: 33.33%;\"><\/td>\n<\/tr>\n<\/tbody>\n<\/table>\n","protected":false},"excerpt":{"rendered":"<p>\ub2f9\uc0ac\uc758 \uacfc\ud559\uae30\uc220 \ud30c\ud2b8\ub108<\/p>\n","protected":false},"author":7,"featured_media":7843,"parent":0,"menu_order":40,"comment_status":"closed","ping_status":"closed","template":"","meta":{"_acf_changed":false,"footnotes":""},"class_list":["post-7842","page","type-page","status-publish","has-post-thumbnail","hentry"],"acf":[],"yoast_head":"<!-- This site is optimized with the Yoast SEO plugin v27.3 - https:\/\/yoast.com\/product\/yoast-seo-wordpress\/ -->\n<title>\ub2f9\uc0ac\uc758 \ud30c\ud2b8\ub108 - Amplitude<\/title>\n<meta name=\"description\" content=\"Discover Amplitude Laser&#039;s business partners all around the world.\" \/>\n<meta name=\"robots\" content=\"index, follow, max-snippet:-1, max-image-preview:large, max-video-preview:-1\" \/>\n<link rel=\"canonical\" href=\"https:\/\/amplitude-laser.com\/ko\/\ub2f9\uc0ac\uc758-\ud30c\ud2b8\ub108\/\" \/>\n<meta property=\"og:locale\" content=\"ko_KR\" \/>\n<meta property=\"og:type\" content=\"article\" \/>\n<meta property=\"og:title\" content=\"\ub2f9\uc0ac\uc758 \ud30c\ud2b8\ub108 - Amplitude\" \/>\n<meta property=\"og:description\" content=\"Discover Amplitude Laser&#039;s business partners all around the world.\" \/>\n<meta property=\"og:url\" content=\"https:\/\/amplitude-laser.com\/ko\/\ub2f9\uc0ac\uc758-\ud30c\ud2b8\ub108\/\" \/>\n<meta property=\"og:site_name\" content=\"Amplitude\" \/>\n<meta property=\"article:modified_time\" content=\"2023-10-11T08:06:05+00:00\" \/>\n<meta property=\"og:image\" content=\"https:\/\/amplitude-laser.com\/wp-content\/uploads\/2018\/10\/170608_NouveauxLabos_037-Panorama.jpg\" \/>\n\t<meta property=\"og:image:width\" content=\"1900\" \/>\n\t<meta property=\"og:image:height\" content=\"1300\" \/>\n\t<meta property=\"og:image:type\" content=\"image\/jpeg\" \/>\n<meta name=\"twitter:card\" content=\"summary_large_image\" \/>\n<meta name=\"twitter:label1\" content=\"\uc608\uc0c1 \ub418\ub294 \ud310\ub3c5 \uc2dc\uac04\" \/>\n\t<meta name=\"twitter:data1\" content=\"4\ubd84\" \/>\n<script type=\"application\/ld+json\" class=\"yoast-schema-graph\">{\"@context\":\"https:\\\/\\\/schema.org\",\"@graph\":[{\"@type\":\"WebPage\",\"@id\":\"https:\\\/\\\/amplitude-laser.com\\\/ko\\\/%eb%8b%b9%ec%82%ac%ec%9d%98-%ed%8c%8c%ed%8a%b8%eb%84%88\\\/\",\"url\":\"https:\\\/\\\/amplitude-laser.com\\\/ko\\\/%eb%8b%b9%ec%82%ac%ec%9d%98-%ed%8c%8c%ed%8a%b8%eb%84%88\\\/\",\"name\":\"\ub2f9\uc0ac\uc758 \ud30c\ud2b8\ub108 - Amplitude\",\"isPartOf\":{\"@id\":\"https:\\\/\\\/amplitude-laser.com\\\/#website\"},\"primaryImageOfPage\":{\"@id\":\"https:\\\/\\\/amplitude-laser.com\\\/ko\\\/%eb%8b%b9%ec%82%ac%ec%9d%98-%ed%8c%8c%ed%8a%b8%eb%84%88\\\/#primaryimage\"},\"image\":{\"@id\":\"https:\\\/\\\/amplitude-laser.com\\\/ko\\\/%eb%8b%b9%ec%82%ac%ec%9d%98-%ed%8c%8c%ed%8a%b8%eb%84%88\\\/#primaryimage\"},\"thumbnailUrl\":\"https:\\\/\\\/amplitude-laser.com\\\/wp-content\\\/uploads\\\/2018\\\/10\\\/170608_NouveauxLabos_037-Panorama.jpg\",\"datePublished\":\"2018-11-08T11:03:01+00:00\",\"dateModified\":\"2023-10-11T08:06:05+00:00\",\"description\":\"Discover Amplitude Laser's business partners all around the world.\",\"breadcrumb\":{\"@id\":\"https:\\\/\\\/amplitude-laser.com\\\/ko\\\/%eb%8b%b9%ec%82%ac%ec%9d%98-%ed%8c%8c%ed%8a%b8%eb%84%88\\\/#breadcrumb\"},\"inLanguage\":\"ko-KR\",\"potentialAction\":[{\"@type\":\"ReadAction\",\"target\":[\"https:\\\/\\\/amplitude-laser.com\\\/ko\\\/%eb%8b%b9%ec%82%ac%ec%9d%98-%ed%8c%8c%ed%8a%b8%eb%84%88\\\/\"]}]},{\"@type\":\"ImageObject\",\"inLanguage\":\"ko-KR\",\"@id\":\"https:\\\/\\\/amplitude-laser.com\\\/ko\\\/%eb%8b%b9%ec%82%ac%ec%9d%98-%ed%8c%8c%ed%8a%b8%eb%84%88\\\/#primaryimage\",\"url\":\"https:\\\/\\\/amplitude-laser.com\\\/wp-content\\\/uploads\\\/2018\\\/10\\\/170608_NouveauxLabos_037-Panorama.jpg\",\"contentUrl\":\"https:\\\/\\\/amplitude-laser.com\\\/wp-content\\\/uploads\\\/2018\\\/10\\\/170608_NouveauxLabos_037-Panorama.jpg\",\"width\":1900,\"height\":1300,\"caption\":\"Atarash\u012b Amplitude kenky\u016bjo\"},{\"@type\":\"BreadcrumbList\",\"@id\":\"https:\\\/\\\/amplitude-laser.com\\\/ko\\\/%eb%8b%b9%ec%82%ac%ec%9d%98-%ed%8c%8c%ed%8a%b8%eb%84%88\\\/#breadcrumb\",\"itemListElement\":[{\"@type\":\"ListItem\",\"position\":1,\"name\":\"Home\",\"item\":\"https:\\\/\\\/amplitude-laser.com\\\/ko\\\/\"},{\"@type\":\"ListItem\",\"position\":2,\"name\":\"\ub2f9\uc0ac\uc758 \ud30c\ud2b8\ub108\"}]},{\"@type\":\"WebSite\",\"@id\":\"https:\\\/\\\/amplitude-laser.com\\\/#website\",\"url\":\"https:\\\/\\\/amplitude-laser.com\\\/\",\"name\":\"Amplitude\",\"description\":\"Nothing But Ultrafast\",\"publisher\":{\"@id\":\"https:\\\/\\\/amplitude-laser.com\\\/#organization\"},\"alternateName\":\"Amplitude Laser\",\"potentialAction\":[{\"@type\":\"SearchAction\",\"target\":{\"@type\":\"EntryPoint\",\"urlTemplate\":\"https:\\\/\\\/amplitude-laser.com\\\/?s={search_term_string}\"},\"query-input\":{\"@type\":\"PropertyValueSpecification\",\"valueRequired\":true,\"valueName\":\"search_term_string\"}}],\"inLanguage\":\"ko-KR\"},{\"@type\":\"Organization\",\"@id\":\"https:\\\/\\\/amplitude-laser.com\\\/#organization\",\"name\":\"Amplitude Laser\",\"alternateName\":\"Amplitude\",\"url\":\"https:\\\/\\\/amplitude-laser.com\\\/\",\"logo\":{\"@type\":\"ImageObject\",\"inLanguage\":\"ko-KR\",\"@id\":\"https:\\\/\\\/amplitude-laser.com\\\/#\\\/schema\\\/logo\\\/image\\\/\",\"url\":\"https:\\\/\\\/amplitude-laser.com\\\/wp-content\\\/uploads\\\/2018\\\/10\\\/Amplitude.png\",\"contentUrl\":\"https:\\\/\\\/amplitude-laser.com\\\/wp-content\\\/uploads\\\/2018\\\/10\\\/Amplitude.png\",\"width\":999,\"height\":1182,\"caption\":\"Amplitude Laser\"},\"image\":{\"@id\":\"https:\\\/\\\/amplitude-laser.com\\\/#\\\/schema\\\/logo\\\/image\\\/\"}}]}<\/script>\n<!-- \/ Yoast SEO plugin. -->","yoast_head_json":{"title":"\ub2f9\uc0ac\uc758 \ud30c\ud2b8\ub108 - Amplitude","description":"Discover Amplitude Laser's business partners all around the world.","robots":{"index":"index","follow":"follow","max-snippet":"max-snippet:-1","max-image-preview":"max-image-preview:large","max-video-preview":"max-video-preview:-1"},"canonical":"https:\/\/amplitude-laser.com\/ko\/\ub2f9\uc0ac\uc758-\ud30c\ud2b8\ub108\/","og_locale":"ko_KR","og_type":"article","og_title":"\ub2f9\uc0ac\uc758 \ud30c\ud2b8\ub108 - Amplitude","og_description":"Discover Amplitude Laser's business partners all around the world.","og_url":"https:\/\/amplitude-laser.com\/ko\/\ub2f9\uc0ac\uc758-\ud30c\ud2b8\ub108\/","og_site_name":"Amplitude","article_modified_time":"2023-10-11T08:06:05+00:00","og_image":[{"width":1900,"height":1300,"url":"https:\/\/amplitude-laser.com\/wp-content\/uploads\/2018\/10\/170608_NouveauxLabos_037-Panorama.jpg","type":"image\/jpeg"}],"twitter_card":"summary_large_image","twitter_misc":{"\uc608\uc0c1 \ub418\ub294 \ud310\ub3c5 \uc2dc\uac04":"4\ubd84"},"schema":{"@context":"https:\/\/schema.org","@graph":[{"@type":"WebPage","@id":"https:\/\/amplitude-laser.com\/ko\/%eb%8b%b9%ec%82%ac%ec%9d%98-%ed%8c%8c%ed%8a%b8%eb%84%88\/","url":"https:\/\/amplitude-laser.com\/ko\/%eb%8b%b9%ec%82%ac%ec%9d%98-%ed%8c%8c%ed%8a%b8%eb%84%88\/","name":"\ub2f9\uc0ac\uc758 \ud30c\ud2b8\ub108 - Amplitude","isPartOf":{"@id":"https:\/\/amplitude-laser.com\/#website"},"primaryImageOfPage":{"@id":"https:\/\/amplitude-laser.com\/ko\/%eb%8b%b9%ec%82%ac%ec%9d%98-%ed%8c%8c%ed%8a%b8%eb%84%88\/#primaryimage"},"image":{"@id":"https:\/\/amplitude-laser.com\/ko\/%eb%8b%b9%ec%82%ac%ec%9d%98-%ed%8c%8c%ed%8a%b8%eb%84%88\/#primaryimage"},"thumbnailUrl":"https:\/\/amplitude-laser.com\/wp-content\/uploads\/2018\/10\/170608_NouveauxLabos_037-Panorama.jpg","datePublished":"2018-11-08T11:03:01+00:00","dateModified":"2023-10-11T08:06:05+00:00","description":"Discover Amplitude Laser's business partners all around the world.","breadcrumb":{"@id":"https:\/\/amplitude-laser.com\/ko\/%eb%8b%b9%ec%82%ac%ec%9d%98-%ed%8c%8c%ed%8a%b8%eb%84%88\/#breadcrumb"},"inLanguage":"ko-KR","potentialAction":[{"@type":"ReadAction","target":["https:\/\/amplitude-laser.com\/ko\/%eb%8b%b9%ec%82%ac%ec%9d%98-%ed%8c%8c%ed%8a%b8%eb%84%88\/"]}]},{"@type":"ImageObject","inLanguage":"ko-KR","@id":"https:\/\/amplitude-laser.com\/ko\/%eb%8b%b9%ec%82%ac%ec%9d%98-%ed%8c%8c%ed%8a%b8%eb%84%88\/#primaryimage","url":"https:\/\/amplitude-laser.com\/wp-content\/uploads\/2018\/10\/170608_NouveauxLabos_037-Panorama.jpg","contentUrl":"https:\/\/amplitude-laser.com\/wp-content\/uploads\/2018\/10\/170608_NouveauxLabos_037-Panorama.jpg","width":1900,"height":1300,"caption":"Atarash\u012b Amplitude kenky\u016bjo"},{"@type":"BreadcrumbList","@id":"https:\/\/amplitude-laser.com\/ko\/%eb%8b%b9%ec%82%ac%ec%9d%98-%ed%8c%8c%ed%8a%b8%eb%84%88\/#breadcrumb","itemListElement":[{"@type":"ListItem","position":1,"name":"Home","item":"https:\/\/amplitude-laser.com\/ko\/"},{"@type":"ListItem","position":2,"name":"\ub2f9\uc0ac\uc758 \ud30c\ud2b8\ub108"}]},{"@type":"WebSite","@id":"https:\/\/amplitude-laser.com\/#website","url":"https:\/\/amplitude-laser.com\/","name":"Amplitude","description":"Nothing But Ultrafast","publisher":{"@id":"https:\/\/amplitude-laser.com\/#organization"},"alternateName":"Amplitude Laser","potentialAction":[{"@type":"SearchAction","target":{"@type":"EntryPoint","urlTemplate":"https:\/\/amplitude-laser.com\/?s={search_term_string}"},"query-input":{"@type":"PropertyValueSpecification","valueRequired":true,"valueName":"search_term_string"}}],"inLanguage":"ko-KR"},{"@type":"Organization","@id":"https:\/\/amplitude-laser.com\/#organization","name":"Amplitude Laser","alternateName":"Amplitude","url":"https:\/\/amplitude-laser.com\/","logo":{"@type":"ImageObject","inLanguage":"ko-KR","@id":"https:\/\/amplitude-laser.com\/#\/schema\/logo\/image\/","url":"https:\/\/amplitude-laser.com\/wp-content\/uploads\/2018\/10\/Amplitude.png","contentUrl":"https:\/\/amplitude-laser.com\/wp-content\/uploads\/2018\/10\/Amplitude.png","width":999,"height":1182,"caption":"Amplitude Laser"},"image":{"@id":"https:\/\/amplitude-laser.com\/#\/schema\/logo\/image\/"}}]}},"_links":{"self":[{"href":"https:\/\/amplitude-laser.com\/ko\/wp-json\/wp\/v2\/pages\/7842","targetHints":{"allow":["GET"]}}],"collection":[{"href":"https:\/\/amplitude-laser.com\/ko\/wp-json\/wp\/v2\/pages"}],"about":[{"href":"https:\/\/amplitude-laser.com\/ko\/wp-json\/wp\/v2\/types\/page"}],"author":[{"embeddable":true,"href":"https:\/\/amplitude-laser.com\/ko\/wp-json\/wp\/v2\/users\/7"}],"replies":[{"embeddable":true,"href":"https:\/\/amplitude-laser.com\/ko\/wp-json\/wp\/v2\/comments?post=7842"}],"version-history":[{"count":0,"href":"https:\/\/amplitude-laser.com\/ko\/wp-json\/wp\/v2\/pages\/7842\/revisions"}],"wp:featuredmedia":[{"embeddable":true,"href":"https:\/\/amplitude-laser.com\/ko\/wp-json\/wp\/v2\/media\/7843"}],"wp:attachment":[{"href":"https:\/\/amplitude-laser.com\/ko\/wp-json\/wp\/v2\/media?parent=7842"}],"curies":[{"name":"wp","href":"https:\/\/api.w.org\/{rel}","templated":true}]}}